{"id":891,"date":"2023-04-26T16:42:56","date_gmt":"2023-04-26T16:42:56","guid":{"rendered":"https:\/\/fmc:8890\/?page_id=891"},"modified":"2024-08-13T16:58:07","modified_gmt":"2024-08-13T19:58:07","slug":"politica-de-privacidade","status":"publish","type":"page","link":"https:\/\/hml-fundacaomariacecilia.codebit.biz\/en\/politica-de-privacidade\/","title":{"rendered":"Privacy Policy"},"content":{"rendered":"<section id=\"block_5b9fc7f7b60382ed88a7ed19a8b1df83\" class=\"terms-of-use padding-top-140 padding-bottom-80 padding-top-mobile-80 padding-bottom-mobile-0 terms-of-use relative w-full pt-32 pb-20 overflow-x-hidden\">\n\t\t<div class=\"container mx-auto\">\n\t\t\t\t\t\t\t<h1 class=\"title-page text-center text-5xl lg:text-7xl text-marine font-heading font-bold\">\n\t\t\t\t\tPol\u00edtica de Privacidade da Funda\u00e7\u00e3o Maria Cecilia Souto Vidigal e do N\u00facleo Ci\u00eancia pela Inf\u00e2ncia\t\t\t\t<\/h1>\n\t\t\t\n\t\t\t\t\t\t\t<div class=\"terms-of-use__block w-full lg:w-4\/5 mx-auto mt-10 lg:mt-16\">\n\t\t\t\t\t<p>A Funda\u00e7\u00e3o Maria Cecilia Souto Vidigal (adiante \u201cFMCSV\u201d ou \u201cFunda\u00e7\u00e3o\u201d ) e o <strong>N\u00facleo Ci\u00eancia pela Inf\u00e2ncia (adiante \u201cNCPI\u201d )<\/strong>, aqui designados apenas de \u201c<strong>Funda\u00e7\u00e3o\/NCPI<\/strong>\u201d , entendem a import\u00e2ncia e o dever de respeitar a privacidade e zelar pela seguran\u00e7a das informa\u00e7\u00f5es das pessoas usu\u00e1rias, fornecedoras e parceiras (adiante \u201c<strong>Pessoa Usu\u00e1ria<\/strong>\u201d ) que utilizam os seus sites, atuando em conformidade com a legisla\u00e7\u00e3o nacional de privacidade e prote\u00e7\u00e3o de dados pessoais, sobretudo a Lei n\u00ba 13.709\/2018 &#8211; Lei Geral de Prote\u00e7\u00e3o de Dados Pessoais (\u201cLGPD\u201d ).<\/p>\n<p>A presente Pol\u00edtica de Privacidade (\u201cPol\u00edtica\u201d ) deve ser lida com aten\u00e7\u00e3o, pois ela descreve como a <strong>Funda\u00e7\u00e3o\/NCPI<\/strong> realiza o tratamento de dados pessoais de todas as pessoas usu\u00e1rias que utilizam os seus sites.<\/p>\n<p>Esta Pol\u00edtica se aplica a todos os sites da <strong>Funda\u00e7\u00e3o\/NCPI<\/strong>, quais sejam:<\/p>\n<ul>\n<li>Funda\u00e7\u00e3o Maria Cecilia Souto Vidigal &#8211;<a href=\"https:\/\/hml-fundacaomariacecilia.codebit.biz\/en\/\">hml-fundacaomariacecilia.codebit.biz<\/a><\/li>\n<li>Guia Primeira Inf\u00e2ncia em Pauta &#8211;\u00a0<a href=\"https:\/\/www.primeirainfanciaempauta.org.br\/\">primeirainfanciaempauta.org.br<\/a><\/li>\n<li>N\u00facleo Ci\u00eancia Pela Inf\u00e2ncia &#8211; <a href=\"https:\/\/ncpi.org.br\/\">ncpi.org.br<\/a><\/li>\n<li>Primeira Inf\u00e2ncia Primeiro &#8211; <a href=\"https:\/\/primeirainfanciaprimeiro.fmcsv.org.br\/\">primeirainfanciaprimeiro.fmcsv.org.br\/<\/a><\/li>\n<li>Nelson Neto Nen\u00ea &#8211; <a href=\"https:\/\/www.nelsononene.com.br\/\">nelsononene.com.br\/<\/a><\/li>\n<\/ul>\n<p>Em contrapartida, esta Pol\u00edtica n\u00e3o se aplica aos produtos e servi\u00e7os oferecidos por terceiros, portanto, caso algum conte\u00fado apresentado no site encaminhe a <strong>Pessoa Usu\u00e1ria<\/strong> , por meio de link externo, a outros sites, recomenda-se a an\u00e1lise cautelosa das pol\u00edticas de privacidade destes.<\/p>\n<p><strong>1. A Funda\u00e7\u00e3o\/NCPI<\/strong><\/p>\n<p>The <strong>Funda\u00e7\u00e3o\/NCPI<\/strong> atua na promo\u00e7\u00e3o do desenvolvimento da primeira inf\u00e2ncia, articulando a\u00e7\u00f5es em favor da crian\u00e7a, do nascimento aos seis anos de idade.<\/p>\n<p>Com o intuito de disseminar informa\u00e7\u00f5es que contribuam para o melhor entendimento da Primeira Inf\u00e2ncia, a <strong>Funda\u00e7\u00e3o\/NCPI<\/strong> disponibiliza e fornece materiais sobre este tema, produzidos no Brasil e no exterior, pela pr\u00f3pria <strong>Funda\u00e7\u00e3o\/NCPI<\/strong> ou por terceiros, atrav\u00e9s de seus sites acima listados.<\/p>\n<p>A disponibiliza\u00e7\u00e3o de conte\u00fado informativo pela <strong>Funda\u00e7\u00e3o\/NCPI<\/strong> tem car\u00e1ter gratuito. Eventualmente, para viabilizar o acesso <strong>Pessoa Usu\u00e1ria<\/strong> a alguns conte\u00fados, solicitaremos cadastro pr\u00e9vio e simplificado. Os dados pessoais coletados ficam armazenados em softwares protegidos e passam a compor a rede de contatos (CRM) da <strong>Funda\u00e7\u00e3o\/NCPI<\/strong>.<\/p>\n<p>The <strong>Funda\u00e7\u00e3o\/NCPI<\/strong> n\u00e3o se responsabilizar\u00e1 pela utiliza\u00e7\u00e3o, aplica\u00e7\u00e3o ou processamento que a <strong>Pessoa Usu\u00e1ria<\/strong> possa dar ao conte\u00fado dos seus sites, sendo a <strong>Pessoa Usu\u00e1ria<\/strong> \u00fanica e inteiramente respons\u00e1vel pela finalidade de seu uso desses conte\u00fado.<\/p>\n<p><strong>2. <\/strong><strong>Defini\u00e7\u00f5es<\/strong><\/p>\n<ul>\n<li><strong>Dado Pessoal: <\/strong>toda informa\u00e7\u00e3o relacionada a pessoa natural identificada ou identific\u00e1vel, como, por exemplo, nome, e-mail, endere\u00e7o e n\u00famero de CPF.<\/li>\n<li><strong>Dado Pessoal Sens\u00edvel:<\/strong> dado pessoal sobre origem racial ou \u00e9tnica, convic\u00e7\u00e3o religiosa, opini\u00e3o pol\u00edtica, filia\u00e7\u00e3o a sindicato ou a organiza\u00e7\u00e3o de car\u00e1ter religioso, filos\u00f3fico ou pol\u00edtico, dado referente \u00e0 sa\u00fade ou \u00e0 vida sexual, dado gen\u00e9tico ou biom\u00e9trico, quando vinculado a uma pessoa natural.<\/li>\n<li><strong>Titular de Dados: <\/strong>pessoa natural a quem se referem os dados pessoais que s\u00e3o objeto de tratamento, ou seja, Usu\u00e1rios(as) dos sites da <strong>Funda\u00e7\u00e3o\/NCPI<\/strong>.<\/li>\n<li><strong>Tratamento: <\/strong>toda opera\u00e7\u00e3o realizada com dados pessoais, como as que se referem a coleta, produ\u00e7\u00e3o, recep\u00e7\u00e3o, classifica\u00e7\u00e3o, utiliza\u00e7\u00e3o, acesso, reprodu\u00e7\u00e3o, transmiss\u00e3o, distribui\u00e7\u00e3o, processamento, arquivamento, armazenamento, elimina\u00e7\u00e3o, avalia\u00e7\u00e3o ou controle da informa\u00e7\u00e3o, modifica\u00e7\u00e3o, comunica\u00e7\u00e3o, transfer\u00eancia, difus\u00e3o ou extra\u00e7\u00e3o.<\/li>\n<\/ul>\n<p><strong>3. Dados pessoais tratados<\/strong><\/p>\n<p>S\u00e3o tratados os seguintes dados:<\/p>\n<ul>\n<li><strong>Dados de identifica\u00e7\u00e3o geral e canais de contato:<\/strong> nome; e-mail; \u00e1rea de atua\u00e7\u00e3o; cargo; empresa; localidade de munic\u00edpio, estado ou pa\u00eds; telefone para contato;<\/li>\n<li><strong>Dados de navega\u00e7\u00e3o:<\/strong> IP, provedor de navega\u00e7\u00e3o, conex\u00e3o de rede, sistema operacional do dispositivo do(a) Usu\u00e1rio(a), intera\u00e7\u00f5es realizadas, ID do dispositivo e geolocaliza\u00e7\u00e3o, quando autorizados no dispositivo do(a) Usu\u00e1rio(a).<\/li>\n<\/ul>\n<p><strong>4. Finalidades de tratamento<\/strong><\/p>\n<ul>\n<li><strong>Dados de identifica\u00e7\u00e3o geral e canais de contato:<\/strong> para informa\u00e7\u00f5es e promo\u00e7\u00e3o acerca de nossas atividades; inscri\u00e7\u00e3o em nossa newsletter; realiza\u00e7\u00e3o de download dos materiais da <strong>Funda\u00e7\u00e3o\/NCPI<\/strong>; acesso ao painel de ofertas b\u00e1sicas e outros conte\u00fados da plataforma Primeira Inf\u00e2ncia Primeiro, acesso ao Painel de Ofertas B\u00e1sicas para o p\u00fablico da primeira inf\u00e2ncia no munic\u00edpio do(a) Usu\u00e1rio(a); inscri\u00e7\u00f5es em formul\u00e1rios de atividades e iniciativas realizadas pela <strong>Funda\u00e7\u00e3o\/NCPI<\/strong>; comunica\u00e7\u00e3o via aplicativos de mensageria (a exemplo de WhatsApp).<\/li>\n<li><strong>Dados de navega\u00e7\u00e3o:<\/strong> para obten\u00e7\u00e3o de estat\u00edsticas an\u00f4nimas sobre o uso, de forma a melhorar continuamente o acesso e conte\u00fado dos sites; e para gerar indicadores de uso dos sites.<\/li>\n<\/ul>\n<p><strong>5. Utiliza\u00e7\u00e3o de cookies<\/strong><\/p>\n<p>Cookies s\u00e3o pequenos arquivos de texto que ficam armazenados no navegador ou no dispositivo <strong>Pessoa Usu\u00e1ria<\/strong> e que s\u00e3o disparados quando se acessa boa parte dos sites dispon\u00edveis na internet, incluindo os da <strong>Funda\u00e7\u00e3o\/NCPI<\/strong>.<\/p>\n<p>Os cookies s\u00e3o utilizados para permitir o funcionamento correto dos sites, avaliar eventuais problemas de uso e obter m\u00e9tricas de performance para melhoria de conte\u00fado, exemplo.<\/p>\n<p>Nos sites da <strong>Funda\u00e7\u00e3o\/NCPI<\/strong> s\u00e3o utilizados os seguintes cookies:<\/p>\n<ul>\n<li><strong>Cookies estritamente necess\u00e1rios:<\/strong> s\u00e3o essenciais para o funcionamento dos sites, para garantir a seguran\u00e7a da <strong>Pessoa Usu\u00e1ria<\/strong> e desempenho adequado. Ainda que sejam necess\u00e1rios, a <strong>Pessoa Usu\u00e1ria<\/strong> pode desativ\u00e1-los diretamente em seu navegador, mas \u00e9 importante lembrar que isso pode comprometer a experi\u00eancia e prejudicar o funcionamento dos sites.<\/li>\n<li><strong>Cookies de desempenho:<\/strong> s\u00e3o utilizados para coletar informa\u00e7\u00f5es sobre o comportamento <strong>Pessoa Usu\u00e1ria<\/strong> durante a navega\u00e7\u00e3o nos sites, como as p\u00e1ginas acessadas e o hor\u00e1rio da visita, o que permite \u00e0 <strong>Funda\u00e7\u00e3o\/NCPI<\/strong> melhorar a qualidade dos sites e do conte\u00fado.<\/li>\n<li><strong>Cookies de publicidade:<\/strong> os cookies de publicidade s\u00e3o definidos por parceiros e podem ser usados para criar um perfil de interesses do(a) Usu\u00e1rio(a) e mostrar an\u00fancios relevantes em outros sites.<\/li>\n<\/ul>\n<p>Alguns navegadores aceitam cookies automaticamente, mas a <strong>Pessoa Usu\u00e1ria<\/strong> pode alterar esta configura\u00e7\u00e3o para recusar cookies acessando o recurso \u201cConfigura\u00e7\u00f5es\u201d na barra de ferramentas do navegador.<\/p>\n<p><strong>6. Compartilhamento de dados<\/strong><\/p>\n<p>The <strong>Funda\u00e7\u00e3o\/NCPI<\/strong> poder\u00e1 compartilhar os dados pessoais da <strong>Pessoa Usu\u00e1ria<\/strong> com terceiros que possuem padr\u00f5es de seguran\u00e7a e de confidencialidade adequados para proteg\u00ea-los, para as seguintes finalidades:<\/p>\n<ul>\n<li><strong>Parceiros de neg\u00f3cios, prestadores de servi\u00e7os e outros terceiros:<\/strong> os dados pessoais poder\u00e3o ser compartilhados com organiza\u00e7\u00f5es das quais a <strong>Funda\u00e7\u00e3o\/NCPI<\/strong> faz parte e empresas parceiras que trabalham com a <strong>Funda\u00e7\u00e3o\/NCPI<\/strong> para viabilizar e aprimorar o seu trabalho, a exemplo prestadores de servi\u00e7os jur\u00eddicos, ag\u00eancias de marketing e servi\u00e7os de tecnologia e rede.<\/li>\n<li><strong>Autoridades Governamentais: <\/strong>seus dados poder\u00e3o ser compartilhados com autoridades governamentais para o cumprimento de obriga\u00e7\u00f5es legais ou regulat\u00f3rias e em caso de defesa ou requisi\u00e7\u00e3o em processos judiciais, administrativos ou arbitrais.<\/li>\n<\/ul>\n<p><strong>7. Transfer\u00eancia internacional de dados<\/strong><\/p>\n<p>Os seus dados pessoais poder\u00e3o ser objeto de transfer\u00eancia internacional em determinadas situa\u00e7\u00f5es, como, por exemplo, para armazenamento em servidores de computa\u00e7\u00e3o em nuvem. Sempre que os dados pessoais de Usu\u00e1rios(as) forem transmitidos para outro pa\u00eds, a <strong>Funda\u00e7\u00e3o\/NCPI<\/strong> adotar\u00e1 medidas para proteg\u00ea-los, observando as legisla\u00e7\u00f5es e regulamenta\u00e7\u00f5es aplic\u00e1veis.<\/p>\n<p><strong>8. Medidas de seguran\u00e7a utilizadas<\/strong><\/p>\n<p>The <strong>Funda\u00e7\u00e3o\/NCPI<\/strong> adota medidas t\u00e9cnicas e organizacionais para proteger os dados pessoais de Usu\u00e1rios(as) da forma mais \u00edntegra poss\u00edvel, garantindo a confidencialidade, a integridade e disponibilidade das informa\u00e7\u00f5es com amparo em padr\u00f5es praticados pelo mercado, como, por exemplo, monitoramento cont\u00ednuo dos ambientes da <strong>Funda\u00e7\u00e3o\/NCPI<\/strong> e utiliza\u00e7\u00e3o de duplo fator de autentica\u00e7\u00e3o.<\/p>\n<p><strong>9. Per\u00edodo de armazenamento<\/strong><\/p>\n<p>Os dados pessoais da <strong>Pessoa Usu\u00e1ria<\/strong> ser\u00e3o armazenados pelo per\u00edodo necess\u00e1rio para desempenhar as finalidades pelas quais foram coletados, cumprir com obriga\u00e7\u00f5es legais ou regulat\u00f3rias e exercer direitos em processos judiciais, administrativos ou arbitrais.<\/p>\n<p><strong>10. Direitos dos titulares de dados e como exerc\u00ea-los perante a Funda\u00e7\u00e3o\/NCPI<\/strong><\/p>\n<p>Enquanto titular de dados, a <strong>Pessoa Usu\u00e1ria<\/strong> possui os seguintes direitos previstos na LGPD:<\/p>\n<ul>\n<li>Confirmar a exist\u00eancia de tratamento de seus dados pessoais;<\/li>\n<li>Acessar os dados tratados pela <strong>Funda\u00e7\u00e3o\/NCPI;<\/strong><\/li>\n<li>Corrigir os dados incompletos, inexatos ou desatualizados;<\/li>\n<li>Solicitar a anonimiza\u00e7\u00e3o, bloqueio ou elimina\u00e7\u00e3o dos dados desnecess\u00e1rios, excessivos ou tratados em desconformidade com a LGPD;<\/li>\n<li>Requerer, expressamente, a portabilidade dos dados a outro fornecedor de servi\u00e7o ou produto;<\/li>\n<li>Solicitar a elimina\u00e7\u00e3o dos dados obtidos via consentimento, quando aplic\u00e1vel;<\/li>\n<li>Pedir informa\u00e7\u00f5es sobre as entidades p\u00fablicas ou privadas com as quais a <strong>Funda\u00e7\u00e3o\/NCPI<\/strong> compartilha os seus dados;<\/li>\n<li>Quando o consentimento motivar a coleta, solicitar informa\u00e7\u00f5es sobre a possibilidade de n\u00e3o o fornecer e as consequ\u00eancias dessa negativa;<\/li>\n<li>Solicitar a revis\u00e3o de decis\u00f5es tomadas unicamente com base em tratamento automatizado de dados pessoais; e<\/li>\n<li>Revogar seu consentimento, quando esta for a base legal utilizada para alguma atividade de tratamento realizada pela <strong>Funda\u00e7\u00e3o\/NCPI<\/strong>.<\/li>\n<\/ul>\n<p>Caso a <strong>Pessoa Usu\u00e1ria<\/strong> pretenda exercer quaisquer dos direitos elencados acima, dever\u00e1 entrar em contato com a pessoa Encarregada pelo Tratamento de Dados Pessoais da <strong>Funda\u00e7\u00e3o\/NCPI<\/strong> pelo e-mail <a href=\"mailto:dpo@fmcsv.org.br\">dpo@fmcsv.org.br<\/a>. A solicita\u00e7\u00e3o ser\u00e1 analisada e, se o pedido for leg\u00edtimo e cab\u00edvel, ser\u00e1 atendido no prazo legal. Al\u00e9m disso, para o correto cumprimento da solicita\u00e7\u00e3o, ser\u00e3o adotados os procedimentos necess\u00e1rios para confirmar a identidade a pessoa usu\u00e1ria.<\/p>\n<p>Tais direitos n\u00e3o s\u00e3o absolutos e poder\u00e3o ser afastados se colidirem com outras garantias previstas em lei, como sigilo de informa\u00e7\u00f5es da <strong>Funda\u00e7\u00e3o\/NCPI<\/strong>, obriga\u00e7\u00f5es legais de reten\u00e7\u00e3o, necessidade de armazenamento para defesa em processos, ou outros motivos leg\u00edtimos que justifiquem a recusa.<\/p>\n<p><strong>11. Informa\u00e7\u00f5es de Contato da pessoa Encarregada pelo Tratamento de Dados Pessoais da Funda\u00e7\u00e3o\/NCPI<\/strong><\/p>\n<p>Caso a <strong>Pessoa Usu\u00e1ria<\/strong> precise entrar em contato com a <strong>Funda\u00e7\u00e3o\/NCPI<\/strong> a respeito do tratamento de seus dados pessoais, dever\u00e1 enviar um e-mail para a pessoa Encarregada no endere\u00e7o dpo@fmcsv.org.br.<\/p>\n<p><strong>12. Mudan\u00e7as nesta Pol\u00edtica<\/strong><\/p>\n<p>Eventuais altera\u00e7\u00f5es nesta Pol\u00edtica de Privacidade ser\u00e3o realizadas diretamente nos sites da <strong>Funda\u00e7\u00e3o\/NCPI<\/strong>.<\/p>\n<p><em>\u00daltima atualiza\u00e7\u00e3o em: julho de 2024<\/em><\/p>\n\t\t\t\t<\/div>\n\t\t\t\t\t<\/div>\n\t<\/section>","protected":false},"excerpt":{"rendered":"","protected":false},"author":3,"featured_media":0,"parent":0,"menu_order":0,"comment_status":"closed","ping_status":"closed","template":"","meta":{"footnotes":""},"class_list":["post-891","page","type-page","status-publish","hentry"],"acf":[],"yoast_head":"<!-- This site is optimized with the Yoast SEO plugin v24.4 - https:\/\/yoast.com\/wordpress\/plugins\/seo\/ -->\n<title>Pol\u00edtica de Privacidade - Funda\u00e7\u00e3o Maria Cecilia Souto Vidigal<\/title>\n<meta name=\"robots\" content=\"index, follow, max-snippet:-1, max-image-preview:large, max-video-preview:-1\" \/>\n<link rel=\"canonical\" href=\"https:\/\/hml-fundacaomariacecilia.codebit.biz\/en\/politica-de-privacidade\/\" \/>\n<meta property=\"og:locale\" content=\"en_US\" \/>\n<meta property=\"og:type\" content=\"article\" \/>\n<meta property=\"og:title\" content=\"Pol\u00edtica de Privacidade - Funda\u00e7\u00e3o Maria Cecilia Souto Vidigal\" \/>\n<meta property=\"og:url\" content=\"https:\/\/hml-fundacaomariacecilia.codebit.biz\/en\/politica-de-privacidade\/\" \/>\n<meta property=\"og:site_name\" content=\"Funda\u00e7\u00e3o Maria Cecilia Souto Vidigal\" \/>\n<meta property=\"article:publisher\" content=\"https:\/\/www.facebook.com\/FundacaoMariaCeciliaSoutoVidigal\/\" \/>\n<meta property=\"article:modified_time\" content=\"2024-08-13T19:58:07+00:00\" \/>\n<meta name=\"twitter:card\" content=\"summary_large_image\" \/>\n<script type=\"application\/ld+json\" class=\"yoast-schema-graph\">{\"@context\":\"https:\/\/schema.org\",\"@graph\":[{\"@type\":\"WebPage\",\"@id\":\"https:\/\/hml-fundacaomariacecilia.codebit.biz\/politica-de-privacidade\/\",\"url\":\"https:\/\/hml-fundacaomariacecilia.codebit.biz\/politica-de-privacidade\/\",\"name\":\"Pol\u00edtica de Privacidade - Funda\u00e7\u00e3o Maria Cecilia Souto Vidigal\",\"isPartOf\":{\"@id\":\"https:\/\/fmcsv.sandbox.dev.br\/#website\"},\"datePublished\":\"2023-04-26T16:42:56+00:00\",\"dateModified\":\"2024-08-13T19:58:07+00:00\",\"breadcrumb\":{\"@id\":\"https:\/\/hml-fundacaomariacecilia.codebit.biz\/politica-de-privacidade\/#breadcrumb\"},\"inLanguage\":\"en-US\",\"potentialAction\":[{\"@type\":\"ReadAction\",\"target\":[\"https:\/\/hml-fundacaomariacecilia.codebit.biz\/politica-de-privacidade\/\"]}]},{\"@type\":\"BreadcrumbList\",\"@id\":\"https:\/\/hml-fundacaomariacecilia.codebit.biz\/politica-de-privacidade\/#breadcrumb\",\"itemListElement\":[{\"@type\":\"ListItem\",\"position\":1,\"name\":\"In\u00edcio\",\"item\":\"https:\/\/hml-fundacaomariacecilia.codebit.biz\/\"},{\"@type\":\"ListItem\",\"position\":2,\"name\":\"Pol\u00edtica de Privacidade\"}]},{\"@type\":\"WebSite\",\"@id\":\"https:\/\/fmcsv.sandbox.dev.br\/#website\",\"url\":\"https:\/\/fmcsv.sandbox.dev.br\/\",\"name\":\"Funda\u00e7\u00e3o Maria Cecilia Souto Vidigal\",\"description\":\"Cuidar de cada crian\u00e7a \u00e9 cuidar do pa\u00eds inteiro\",\"publisher\":{\"@id\":\"https:\/\/fmcsv.sandbox.dev.br\/#organization\"},\"potentialAction\":[{\"@type\":\"SearchAction\",\"target\":{\"@type\":\"EntryPoint\",\"urlTemplate\":\"https:\/\/fmcsv.sandbox.dev.br\/?s={search_term_string}\"},\"query-input\":{\"@type\":\"PropertyValueSpecification\",\"valueRequired\":true,\"valueName\":\"search_term_string\"}}],\"inLanguage\":\"en-US\"},{\"@type\":\"Organization\",\"@id\":\"https:\/\/fmcsv.sandbox.dev.br\/#organization\",\"name\":\"Funda\u00e7\u00e3o Maria Cecilia Souto Vidigal\",\"url\":\"https:\/\/fmcsv.sandbox.dev.br\/\",\"logo\":{\"@type\":\"ImageObject\",\"inLanguage\":\"en-US\",\"@id\":\"https:\/\/fmcsv.sandbox.dev.br\/#\/schema\/logo\/image\/\",\"url\":\"https:\/\/hml-fundacaomariacecilia.codebit.biz\/wp-content\/uploads\/2024\/04\/Logo.svg\",\"contentUrl\":\"https:\/\/hml-fundacaomariacecilia.codebit.biz\/wp-content\/uploads\/2024\/04\/Logo.svg\",\"caption\":\"Funda\u00e7\u00e3o Maria Cecilia Souto Vidigal\"},\"image\":{\"@id\":\"https:\/\/fmcsv.sandbox.dev.br\/#\/schema\/logo\/image\/\"},\"sameAs\":[\"https:\/\/www.facebook.com\/FundacaoMariaCeciliaSoutoVidigal\/\",\"https:\/\/www.linkedin.com\/company\/fmcsv\/\",\"https:\/\/www.instagram.com\/fundacaomariacecilia\/\"]}]}<\/script>\n<!-- \/ Yoast SEO plugin. -->","yoast_head_json":{"title":"Pol\u00edtica de Privacidade - Funda\u00e7\u00e3o Maria Cecilia Souto Vidigal","robots":{"index":"index","follow":"follow","max-snippet":"max-snippet:-1","max-image-preview":"max-image-preview:large","max-video-preview":"max-video-preview:-1"},"canonical":"https:\/\/hml-fundacaomariacecilia.codebit.biz\/en\/politica-de-privacidade\/","og_locale":"en_US","og_type":"article","og_title":"Pol\u00edtica de Privacidade - Funda\u00e7\u00e3o Maria Cecilia Souto Vidigal","og_url":"https:\/\/hml-fundacaomariacecilia.codebit.biz\/en\/politica-de-privacidade\/","og_site_name":"Funda\u00e7\u00e3o Maria Cecilia Souto Vidigal","article_publisher":"https:\/\/www.facebook.com\/FundacaoMariaCeciliaSoutoVidigal\/","article_modified_time":"2024-08-13T19:58:07+00:00","twitter_card":"summary_large_image","schema":{"@context":"https:\/\/schema.org","@graph":[{"@type":"WebPage","@id":"https:\/\/hml-fundacaomariacecilia.codebit.biz\/politica-de-privacidade\/","url":"https:\/\/hml-fundacaomariacecilia.codebit.biz\/politica-de-privacidade\/","name":"Pol\u00edtica de Privacidade - Funda\u00e7\u00e3o Maria Cecilia Souto Vidigal","isPartOf":{"@id":"https:\/\/fmcsv.sandbox.dev.br\/#website"},"datePublished":"2023-04-26T16:42:56+00:00","dateModified":"2024-08-13T19:58:07+00:00","breadcrumb":{"@id":"https:\/\/hml-fundacaomariacecilia.codebit.biz\/politica-de-privacidade\/#breadcrumb"},"inLanguage":"en-US","potentialAction":[{"@type":"ReadAction","target":["https:\/\/hml-fundacaomariacecilia.codebit.biz\/politica-de-privacidade\/"]}]},{"@type":"BreadcrumbList","@id":"https:\/\/hml-fundacaomariacecilia.codebit.biz\/politica-de-privacidade\/#breadcrumb","itemListElement":[{"@type":"ListItem","position":1,"name":"In\u00edcio","item":"https:\/\/hml-fundacaomariacecilia.codebit.biz\/"},{"@type":"ListItem","position":2,"name":"Pol\u00edtica de Privacidade"}]},{"@type":"WebSite","@id":"https:\/\/fmcsv.sandbox.dev.br\/#website","url":"https:\/\/fmcsv.sandbox.dev.br\/","name":"Funda\u00e7\u00e3o Maria Cecilia Souto Vidigal","description":"Caring for every child is caring for the whole country","publisher":{"@id":"https:\/\/fmcsv.sandbox.dev.br\/#organization"},"potentialAction":[{"@type":"SearchAction","target":{"@type":"EntryPoint","urlTemplate":"https:\/\/fmcsv.sandbox.dev.br\/?s={search_term_string}"},"query-input":{"@type":"PropertyValueSpecification","valueRequired":true,"valueName":"search_term_string"}}],"inLanguage":"en-US"},{"@type":"Organization","@id":"https:\/\/fmcsv.sandbox.dev.br\/#organization","name":"Funda\u00e7\u00e3o Maria Cecilia Souto Vidigal","url":"https:\/\/fmcsv.sandbox.dev.br\/","logo":{"@type":"ImageObject","inLanguage":"en-US","@id":"https:\/\/fmcsv.sandbox.dev.br\/#\/schema\/logo\/image\/","url":"https:\/\/hml-fundacaomariacecilia.codebit.biz\/wp-content\/uploads\/2024\/04\/Logo.svg","contentUrl":"https:\/\/hml-fundacaomariacecilia.codebit.biz\/wp-content\/uploads\/2024\/04\/Logo.svg","caption":"Funda\u00e7\u00e3o Maria Cecilia Souto Vidigal"},"image":{"@id":"https:\/\/fmcsv.sandbox.dev.br\/#\/schema\/logo\/image\/"},"sameAs":["https:\/\/www.facebook.com\/FundacaoMariaCeciliaSoutoVidigal\/","https:\/\/www.linkedin.com\/company\/fmcsv\/","https:\/\/www.instagram.com\/fundacaomariacecilia\/"]}]}},"_links":{"self":[{"href":"https:\/\/hml-fundacaomariacecilia.codebit.biz\/en\/wp-json\/wp\/v2\/pages\/891"}],"collection":[{"href":"https:\/\/hml-fundacaomariacecilia.codebit.biz\/en\/wp-json\/wp\/v2\/pages"}],"about":[{"href":"https:\/\/hml-fundacaomariacecilia.codebit.biz\/en\/wp-json\/wp\/v2\/types\/page"}],"author":[{"embeddable":true,"href":"https:\/\/hml-fundacaomariacecilia.codebit.biz\/en\/wp-json\/wp\/v2\/users\/3"}],"replies":[{"embeddable":true,"href":"https:\/\/hml-fundacaomariacecilia.codebit.biz\/en\/wp-json\/wp\/v2\/comments?post=891"}],"version-history":[{"count":21,"href":"https:\/\/hml-fundacaomariacecilia.codebit.biz\/en\/wp-json\/wp\/v2\/pages\/891\/revisions"}],"predecessor-version":[{"id":11428,"href":"https:\/\/hml-fundacaomariacecilia.codebit.biz\/en\/wp-json\/wp\/v2\/pages\/891\/revisions\/11428"}],"wp:attachment":[{"href":"https:\/\/hml-fundacaomariacecilia.codebit.biz\/en\/wp-json\/wp\/v2\/media?parent=891"}],"curies":[{"name":"wp","href":"https:\/\/api.w.org\/{rel}","templated":true}]}}