{"id":666,"date":"2023-04-19T17:29:16","date_gmt":"2023-04-19T17:29:16","guid":{"rendered":"https:\/\/fmc:8890\/?page_id=666"},"modified":"2024-08-07T13:46:58","modified_gmt":"2024-08-07T16:46:58","slug":"familias-e-cuidadores","status":"publish","type":"page","link":"https:\/\/hml-fundacaomariacecilia.codebit.biz\/en\/familias-e-cuidadores\/","title":{"rendered":"Fam\u00edlias e cuidadores"},"content":{"rendered":"<section id=\"block_b34acf8c1f9d4c654395ff4be4c1378e\" class=\"hero-image-text padding-top-80 padding-bottom-80 padding-top-mobile-0 padding-bottom-mobile-0 hero-image-text w-full pb-20 xm:mb-0 overflow-hidden\">\n\t\t<div class=\"grid grid-cols-1 xm:grid-cols-2 sm:gap-0 1024:gap-10 lg:gap-32\">\n\t\t\t<div class=\"hero-image-text__content m-auto flex flex-col justify-center order-2 xm:order-1 xm:py-20 px-5 xm:px-10\">\n\t\t\t\t\t\t\t\t\t<h2 class=\"w-full max-w-lg text-3xl lg:text-5xl text-marine font-heading leading-none\">\n\t\t\t\t\t\tHow can families and caregivers be allies for early childhood?\t\t\t\t\t<\/h2>\n\t\t\t\t\t\t\t\t\t\t\t\t\t<h3 class=\"w-full max-w-md text-xl lg:text-2xl 1920:text-3xg text-marine font-heading mt-5\">\n\t\t\t\t\t\tEvery adult who interacts with young children plays a role in their development\t\t\t\t\t<\/h3>\n\t\t\t\t\t\t\t\t\t\t\t\t\t<p class=\"text-base 1920:text-lg text-marine font-text mt-5\">\n\t\t\t\t\t\tThroughout early childhood, children thrive on the stimuli and care they receive from the adults around them. It\u2019s the family\u2019s responsibility to create a nurturing environment with positive interactions, physical and emotional safety, access to healthcare, and nutritious food\u2014everything a child needs to fully develop.\t\t\t\t\t<\/p>\n\t\t\t\t\n\t\t\t\t\t\t\t<\/div>\n\n\t\t\t<div class=\"hero-image-text__illustration relative flex items-center order-1 xm:order-2 pt-17\">\n\t\t\t\t<span style=\"background-color: #d0696a;\" class=\"absolute top-0 right-0 bottom-0 left-0 w-full h-extra xm:h-auto border-rounded z-10\"><\/span>\n\n\t\t\t\t\t\t\t\t\t<img decoding=\"async\" fetchpriority=\"high\" class=\"hidden xm:block relative z-20\" src=\"https:\/\/hml-fundacaomariacecilia.codebit.biz\/wp-content\/uploads\/2024\/08\/capa-familia-copy.webp\" srcset=\"https:\/\/hml-fundacaomariacecilia.codebit.biz\/wp-content\/uploads\/2024\/08\/capa-familia-copy.webp\" alt=\"capa-familia copy\">\n\t\t\t\t\t\t\t\t\t\t\t\t\t<img decoding=\"async\" fetchpriority=\"high\" class=\"xm:hidden relative z-20 w-full pt-12\" src=\"https:\/\/hml-fundacaomariacecilia.codebit.biz\/wp-content\/uploads\/2024\/08\/capa-familia-copy.webp\" srcset=\"https:\/\/hml-fundacaomariacecilia.codebit.biz\/wp-content\/uploads\/2024\/08\/capa-familia-copy.webp\" alt=\"capa-familia copy\">\n\t\t\t\t\t\t\t<\/div>\n\t\t<\/div>\n\t<\/section>\n\t\n\n\n\t<section id=\"block_86d8df28ce1b29f181b7923d65a3ad26\" class=\"image-text padding-top-80 padding-bottom-0 padding-top-mobile-80 padding-bottom-mobile-0 image-text relative w-full py-20 overflow-hidden\">\n\t\t<div class=\"mobile relative h-auto xm:h-auto xm:w-1\/2\">\n\t\t\t\t\t\t\t<img decoding=\"async\" fetchpriority=\"high\" class=\"hidden xs:block w-full h-full object-cover\" src=\"https:\/\/hml-fundacaomariacecilia.codebit.biz\/wp-content\/uploads\/2023\/04\/Frame-824-2-min.jpg\" srcset=\"https:\/\/hml-fundacaomariacecilia.codebit.biz\/wp-content\/uploads\/2023\/04\/Frame-824-2-min.jpg\" alt=\"Frame 824 (2)-min\">\n\t\t\t\t\t\t\t\t\t\t<img decoding=\"async\" fetchpriority=\"high\" class=\"xs:hidden w-full h-full\" src=\"https:\/\/hml-fundacaomariacecilia.codebit.biz\/wp-content\/uploads\/2023\/07\/Frame-824.png\" srcset=\"https:\/\/hml-fundacaomariacecilia.codebit.biz\/wp-content\/uploads\/2023\/07\/Frame-824.png\" alt=\"Frame 824\">\n\t\t\t\t\t<\/div>\n\t\t\t\t\t<div class=\"mx-auto max-w-2050\">\n\t\t<svg class=\"top-petals absolute z-30\" width=\"281\" height=\"209\" viewbox=\"0 0 281 209\" fill=\"none\" xmlns=\"http:\/\/www.w3.org\/2000\/svg\">\n\t\t\t<path d=\"M61.6263 153.421C61.6263 153.421 152.836 23.2222 204.457 49.0744C256.027 75.0546 279.949 90.9054 264.085 118.547C248.311 146.15 177.669 166.261 177.669 166.261C177.669 166.261 142.024 179.054 110.985 169.939C79.9454 160.824 61.4982 153.369 61.4982 153.369L61.6263 153.421Z\" fill=\"#1E1D36\"\/>\n\t\t\t<path d=\"M32.772 141.648C32.772 141.648 6.93168 41.8783 41.403 27.2946C75.9157 12.7904 93.7988 7.6612 100.757 27.1161C107.735 46.5106 87.9308 89.8147 87.9308 89.8147C87.9308 89.8147 79.2428 112.779 61.6869 124.253C44.1311 135.727 32.6926 141.689 32.6926 141.689L32.772 141.648Z\" fill=\"#1E1D36\"\/>\n\t\t<\/svg>\n\t\t\t\t<div class=\"overflow-hidden container-infancia w-full mx-auto flex flex-col xs:flex-row-reverse\">\n\t\t\t<div class=\"image-text__content relative flex flex-col justify-center items-start xm:w-1\/2 p-10 px-5  pr-0 xl:pl-20  lg:py-32\" style=\"background-color: #F8F8F8 ;\">\n\t\t\t\t<div class=\"image-text__content-wrap\">\n\t\t\t\t\t\t\t\t\t\t\t<h2 class=\"text-3xl md:text-40xl xl:text-6xl text-magenta\">\n\t\t\t\t\t\t\tNelson Neto, o Nen\u00ea\t\t\t\t\t\t<\/h2>\n\t\t\t\t\t\n\t\t\t\t\t\t\t\t\t\t\t<ul class=\"flex flex-col gap-8\">\n\t\t\t\t\t\t\t\t\t\t\t\t\t\t\t<li class=\"flex flex-col gap-3\">\n\t\t\t\t\t\t\t\t\t\n\t\t\t\t\t\t\t\t\t\t\t\t\t\t\t\t\t\t\t<p class=\"max-w-xl text-base xl:text-lg font-text\"  style=\"color: #1D1D35;\">\n\t\t\t\t\t\t\t\t\t\t\t\u201cNelson Neto, o Nen\u00ea\u201d is a project by the Funda\u00e7\u00e3o Maria Cecilia Souto Vidigal designed to support families, caregivers, and educators across Brazil in their interactions and care for babies and young children. The project shares daily content on health, nutrition, learning, and play. Follow Nelson Neto on social media and visit the initiative\u2019s website to stay up to date.\t\t\t\t\t\t\t\t\t\t<\/p>\n\t\t\t\t\t\t\t\t\t\n\t\t\t\t\t\t\t\t\t\t\t\t\t\t\t\t\t\t\t<a class=\"fmc-button fmc-button-secondary-marine fmc-button-small button-rounded button-fit\" href=\"https:\/\/www.nelsononene.com.br\/\" title=\"Visit the Library\" target=\"_blank\">\n\t\t\t\t\t\t\t\t\t\t\tVisit the Library\t\t\t\t\t\t\t\t\t\t<\/a>\n\t\t\t\t\t\t\t\t\t\t\t\t\t\t\t\t\t<\/li>\n\t\t\t\t\t\t\t\t\t\t\t\t\t<\/ul>\n\t\t\t\t\t\t\t\t\t<\/div>\n\t\t\t<\/div>\n\n\t\t\t<div class=\"desktop relative h-auto xm:h-auto xm:w-1\/2\">\n\t\t\t\t\t\t\t\t\t<img decoding=\"async\" fetchpriority=\"high\" class=\"hidden xs:block w-full h-full object-cover\" src=\"https:\/\/hml-fundacaomariacecilia.codebit.biz\/wp-content\/uploads\/2023\/04\/Frame-824-2-min.jpg\" srcset=\"https:\/\/hml-fundacaomariacecilia.codebit.biz\/wp-content\/uploads\/2023\/04\/Frame-824-2-min.jpg\" alt=\"Frame 824 (2)-min\">\n\t\t\t\t\t\t\t\t\t\t\t\t\t<img decoding=\"async\" fetchpriority=\"high\" class=\"xs:hidden w-full h-full\" src=\"https:\/\/hml-fundacaomariacecilia.codebit.biz\/wp-content\/uploads\/2023\/07\/Frame-824.png\" srcset=\"https:\/\/hml-fundacaomariacecilia.codebit.biz\/wp-content\/uploads\/2023\/07\/Frame-824.png\" alt=\"Frame 824\">\n\t\t\t\t\t\t\t<\/div>\n\t\t<\/div>\n\t\t\t<\/section>\n\t\n\n\n\t\t<section id=\"block_9091a2dc001ed63b40c985edda1ae37f\" class=\"carousel-from-videos padding-top-80 padding-bottom-40 padding-top-mobile-0 padding-bottom-mobile-80 carousel-from-videos\">\n\t\t<div class=\"carousel-from-videos__wrap\">\n\t\t\t<div class=\"container\">\n\t\t\t\t<div class=\"owl-carousel carousel-from-videos__list\">\n\t\t\t\t\t\t\t\t\t\t\t\t\t\t\t\t\t\t\t\t\t\t\t\t\t\t\t\t\t\t\t\t\t\t\t\t\t\t\t\t\t\t<\/div>\n\t\t\t<\/div>\n\t\t<\/div>\n\n\t\t<svg class=\"carousel-from-videos__petal\" xmlns=\"http:\/\/www.w3.org\/2000\/svg\" fill=\"none\"\n\t\t\t viewbox=\"8.37 29.39 109.99 80.97\">\n\t\t\t<path\n\t\t\t\td=\"M11.2828 72.0303C11.2828 72.0303 -1.78667 100.805 27.4298 107.708C33.4469 109.12 39.7838 109.129 44.7927 109.85C57.5191 111.721 67.8955 109.175 86.0351 89.2109C111.265 61.379 117.712 46.2581 117.712 46.2581L118.361 34.3157C118.361 34.3157 85.2845 26.7818 68.286 30.3497C51.2874 33.9177 26.8577 50.376 17.9378 60.6907C15.5886 63.4217 13.2245 66.4228 11.7577 70.949L11.3056 72.0409L11.2828 72.0303Z\"\n\t\t\t\tfill=\"#FCD06D\"\/>\n\t\t<\/svg>\n\t<\/section>","protected":false},"excerpt":{"rendered":"","protected":false},"author":3,"featured_media":0,"parent":0,"menu_order":0,"comment_status":"closed","ping_status":"closed","template":"","meta":{"footnotes":""},"class_list":["post-666","page","type-page","status-publish","hentry"],"acf":[],"yoast_head":"<!-- This site is optimized with the Yoast SEO plugin v24.4 - https:\/\/yoast.com\/wordpress\/plugins\/seo\/ -->\n<title>Fam\u00edlias e cuidadores - Funda\u00e7\u00e3o Maria Cecilia Souto Vidigal<\/title>\n<meta name=\"robots\" content=\"index, follow, max-snippet:-1, max-image-preview:large, max-video-preview:-1\" \/>\n<link rel=\"canonical\" href=\"https:\/\/fmcsv.sandbox.dev.br\/familias-e-cuidadores\/\" \/>\n<meta property=\"og:locale\" content=\"en_US\" \/>\n<meta property=\"og:type\" content=\"article\" \/>\n<meta property=\"og:title\" content=\"Fam\u00edlias e cuidadores - Funda\u00e7\u00e3o Maria Cecilia Souto Vidigal\" \/>\n<meta property=\"og:url\" content=\"https:\/\/fmcsv.sandbox.dev.br\/familias-e-cuidadores\/\" \/>\n<meta property=\"og:site_name\" content=\"Funda\u00e7\u00e3o Maria Cecilia Souto Vidigal\" \/>\n<meta property=\"article:publisher\" content=\"https:\/\/www.facebook.com\/FundacaoMariaCeciliaSoutoVidigal\/\" \/>\n<meta property=\"article:modified_time\" content=\"2024-08-07T16:46:58+00:00\" \/>\n<meta name=\"twitter:card\" content=\"summary_large_image\" \/>\n<script type=\"application\/ld+json\" class=\"yoast-schema-graph\">{\"@context\":\"https:\/\/schema.org\",\"@graph\":[{\"@type\":\"WebPage\",\"@id\":\"https:\/\/fmcsv.sandbox.dev.br\/familias-e-cuidadores\/\",\"url\":\"https:\/\/fmcsv.sandbox.dev.br\/familias-e-cuidadores\/\",\"name\":\"Fam\u00edlias e cuidadores - Funda\u00e7\u00e3o Maria Cecilia Souto Vidigal\",\"isPartOf\":{\"@id\":\"https:\/\/fmcsv.sandbox.dev.br\/#website\"},\"datePublished\":\"2023-04-19T17:29:16+00:00\",\"dateModified\":\"2024-08-07T16:46:58+00:00\",\"breadcrumb\":{\"@id\":\"https:\/\/fmcsv.sandbox.dev.br\/familias-e-cuidadores\/#breadcrumb\"},\"inLanguage\":\"en-US\",\"potentialAction\":[{\"@type\":\"ReadAction\",\"target\":[\"https:\/\/fmcsv.sandbox.dev.br\/familias-e-cuidadores\/\"]}]},{\"@type\":\"BreadcrumbList\",\"@id\":\"https:\/\/fmcsv.sandbox.dev.br\/familias-e-cuidadores\/#breadcrumb\",\"itemListElement\":[{\"@type\":\"ListItem\",\"position\":1,\"name\":\"In\u00edcio\",\"item\":\"https:\/\/hml-fundacaomariacecilia.codebit.biz\/\"},{\"@type\":\"ListItem\",\"position\":2,\"name\":\"Fam\u00c3\u00adlias e Cuidadores\"}]},{\"@type\":\"WebSite\",\"@id\":\"https:\/\/fmcsv.sandbox.dev.br\/#website\",\"url\":\"https:\/\/fmcsv.sandbox.dev.br\/\",\"name\":\"Funda\u00e7\u00e3o Maria Cecilia Souto Vidigal\",\"description\":\"Cuidar de cada crian\u00e7a \u00e9 cuidar do pa\u00eds inteiro\",\"publisher\":{\"@id\":\"https:\/\/fmcsv.sandbox.dev.br\/#organization\"},\"potentialAction\":[{\"@type\":\"SearchAction\",\"target\":{\"@type\":\"EntryPoint\",\"urlTemplate\":\"https:\/\/fmcsv.sandbox.dev.br\/?s={search_term_string}\"},\"query-input\":{\"@type\":\"PropertyValueSpecification\",\"valueRequired\":true,\"valueName\":\"search_term_string\"}}],\"inLanguage\":\"en-US\"},{\"@type\":\"Organization\",\"@id\":\"https:\/\/fmcsv.sandbox.dev.br\/#organization\",\"name\":\"Funda\u00e7\u00e3o Maria Cecilia Souto Vidigal\",\"url\":\"https:\/\/fmcsv.sandbox.dev.br\/\",\"logo\":{\"@type\":\"ImageObject\",\"inLanguage\":\"en-US\",\"@id\":\"https:\/\/fmcsv.sandbox.dev.br\/#\/schema\/logo\/image\/\",\"url\":\"https:\/\/hml-fundacaomariacecilia.codebit.biz\/wp-content\/uploads\/2024\/04\/Logo.svg\",\"contentUrl\":\"https:\/\/hml-fundacaomariacecilia.codebit.biz\/wp-content\/uploads\/2024\/04\/Logo.svg\",\"caption\":\"Funda\u00e7\u00e3o Maria Cecilia Souto Vidigal\"},\"image\":{\"@id\":\"https:\/\/fmcsv.sandbox.dev.br\/#\/schema\/logo\/image\/\"},\"sameAs\":[\"https:\/\/www.facebook.com\/FundacaoMariaCeciliaSoutoVidigal\/\",\"https:\/\/www.linkedin.com\/company\/fmcsv\/\",\"https:\/\/www.instagram.com\/fundacaomariacecilia\/\"]}]}<\/script>\n<!-- \/ Yoast SEO plugin. -->","yoast_head_json":{"title":"Fam\u00edlias e cuidadores - Funda\u00e7\u00e3o Maria Cecilia Souto Vidigal","robots":{"index":"index","follow":"follow","max-snippet":"max-snippet:-1","max-image-preview":"max-image-preview:large","max-video-preview":"max-video-preview:-1"},"canonical":"https:\/\/fmcsv.sandbox.dev.br\/familias-e-cuidadores\/","og_locale":"en_US","og_type":"article","og_title":"Fam\u00edlias e cuidadores - Funda\u00e7\u00e3o Maria Cecilia Souto Vidigal","og_url":"https:\/\/fmcsv.sandbox.dev.br\/familias-e-cuidadores\/","og_site_name":"Funda\u00e7\u00e3o Maria Cecilia Souto Vidigal","article_publisher":"https:\/\/www.facebook.com\/FundacaoMariaCeciliaSoutoVidigal\/","article_modified_time":"2024-08-07T16:46:58+00:00","twitter_card":"summary_large_image","schema":{"@context":"https:\/\/schema.org","@graph":[{"@type":"WebPage","@id":"https:\/\/fmcsv.sandbox.dev.br\/familias-e-cuidadores\/","url":"https:\/\/fmcsv.sandbox.dev.br\/familias-e-cuidadores\/","name":"Fam\u00edlias e cuidadores - Funda\u00e7\u00e3o Maria Cecilia Souto Vidigal","isPartOf":{"@id":"https:\/\/fmcsv.sandbox.dev.br\/#website"},"datePublished":"2023-04-19T17:29:16+00:00","dateModified":"2024-08-07T16:46:58+00:00","breadcrumb":{"@id":"https:\/\/fmcsv.sandbox.dev.br\/familias-e-cuidadores\/#breadcrumb"},"inLanguage":"en-US","potentialAction":[{"@type":"ReadAction","target":["https:\/\/fmcsv.sandbox.dev.br\/familias-e-cuidadores\/"]}]},{"@type":"BreadcrumbList","@id":"https:\/\/fmcsv.sandbox.dev.br\/familias-e-cuidadores\/#breadcrumb","itemListElement":[{"@type":"ListItem","position":1,"name":"In\u00edcio","item":"https:\/\/hml-fundacaomariacecilia.codebit.biz\/"},{"@type":"ListItem","position":2,"name":"Fam\u00c3\u00adlias e Cuidadores"}]},{"@type":"WebSite","@id":"https:\/\/fmcsv.sandbox.dev.br\/#website","url":"https:\/\/fmcsv.sandbox.dev.br\/","name":"Funda\u00e7\u00e3o Maria Cecilia Souto Vidigal","description":"Caring for every child is caring for the whole country","publisher":{"@id":"https:\/\/fmcsv.sandbox.dev.br\/#organization"},"potentialAction":[{"@type":"SearchAction","target":{"@type":"EntryPoint","urlTemplate":"https:\/\/fmcsv.sandbox.dev.br\/?s={search_term_string}"},"query-input":{"@type":"PropertyValueSpecification","valueRequired":true,"valueName":"search_term_string"}}],"inLanguage":"en-US"},{"@type":"Organization","@id":"https:\/\/fmcsv.sandbox.dev.br\/#organization","name":"Funda\u00e7\u00e3o Maria Cecilia Souto Vidigal","url":"https:\/\/fmcsv.sandbox.dev.br\/","logo":{"@type":"ImageObject","inLanguage":"en-US","@id":"https:\/\/fmcsv.sandbox.dev.br\/#\/schema\/logo\/image\/","url":"https:\/\/hml-fundacaomariacecilia.codebit.biz\/wp-content\/uploads\/2024\/04\/Logo.svg","contentUrl":"https:\/\/hml-fundacaomariacecilia.codebit.biz\/wp-content\/uploads\/2024\/04\/Logo.svg","caption":"Funda\u00e7\u00e3o Maria Cecilia Souto Vidigal"},"image":{"@id":"https:\/\/fmcsv.sandbox.dev.br\/#\/schema\/logo\/image\/"},"sameAs":["https:\/\/www.facebook.com\/FundacaoMariaCeciliaSoutoVidigal\/","https:\/\/www.linkedin.com\/company\/fmcsv\/","https:\/\/www.instagram.com\/fundacaomariacecilia\/"]}]}},"_links":{"self":[{"href":"https:\/\/hml-fundacaomariacecilia.codebit.biz\/en\/wp-json\/wp\/v2\/pages\/666"}],"collection":[{"href":"https:\/\/hml-fundacaomariacecilia.codebit.biz\/en\/wp-json\/wp\/v2\/pages"}],"about":[{"href":"https:\/\/hml-fundacaomariacecilia.codebit.biz\/en\/wp-json\/wp\/v2\/types\/page"}],"author":[{"embeddable":true,"href":"https:\/\/hml-fundacaomariacecilia.codebit.biz\/en\/wp-json\/wp\/v2\/users\/3"}],"replies":[{"embeddable":true,"href":"https:\/\/hml-fundacaomariacecilia.codebit.biz\/en\/wp-json\/wp\/v2\/comments?post=666"}],"version-history":[{"count":37,"href":"https:\/\/hml-fundacaomariacecilia.codebit.biz\/en\/wp-json\/wp\/v2\/pages\/666\/revisions"}],"predecessor-version":[{"id":11345,"href":"https:\/\/hml-fundacaomariacecilia.codebit.biz\/en\/wp-json\/wp\/v2\/pages\/666\/revisions\/11345"}],"wp:attachment":[{"href":"https:\/\/hml-fundacaomariacecilia.codebit.biz\/en\/wp-json\/wp\/v2\/media?parent=666"}],"curies":[{"name":"wp","href":"https:\/\/api.w.org\/{rel}","templated":true}]}}