{"id":13743,"date":"2026-02-02T20:31:30","date_gmt":"2026-02-02T23:31:30","guid":{"rendered":"https:\/\/hml-fundacaomariacecilia.codebit.biz\/?page_id=13743"},"modified":"2026-03-03T18:03:39","modified_gmt":"2026-03-03T21:03:39","slug":"parceria-pela-primeira-infancia-do-municipio-de-boa-vista-rr","status":"publish","type":"page","link":"https:\/\/hml-fundacaomariacecilia.codebit.biz\/en\/o-que-fazemos\/parceria-pela-primeira-infancia-do-municipio-de-boa-vista-rr\/","title":{"rendered":"\u2014 Parceria pela Primeira Inf\u00e2ncia do Munic\u00edpio de Boa Vista\/RR"},"content":{"rendered":"<section id=\"block_59abf34ad55768628cd66ce91b8a3ea9\"\n\t\t\t class=\"hero-background-axios padding-top-0 padding-bottom-80 padding-top-mobile-0 padding-bottom-mobile-0 hero-background-text relative w-full object-cover flex flex-col justify-center items-center overflow-x-hidden\">\n\t\t<div class=\"relative w-full min-h-398 flex flex-col justify-end items-center object-cover overflow-x-hidden\">\n\t\t\t\t\t\t\t\t\t\t\t\t<img decoding=\"async\" fetchpriority=\"high\"\n\t\t\t\t\t\t class=\"absolute top-0 right-0 bottom-0 w-full h-full object-cover bg-no-repeat z-0\"\n\t\t\t\t\t\t src=\"https:\/\/hml-fundacaomariacecilia.codebit.biz\/wp-content\/uploads\/2026\/02\/parceria-boa-vista-rr-julio-cesar-fmcsv.jpg\"\n\t\t\t\t\t\t srcset=\"https:\/\/hml-fundacaomariacecilia.codebit.biz\/wp-content\/uploads\/2026\/02\/parceria-boa-vista-rr-julio-cesar-fmcsv.jpg\"\n\t\t\t\t\t\t alt=\"parceria-boa-vista-rr-julio-cesar-fmcsv\">\n\t\t\t\t\t\t\t\t\t\t\t\t\t\t\t\t\t\t<div class=\"absolute top-0 right-0 mr-3 sm:mr-32 bg-gray-100 border-0 rounded-b-20\">\n\t\t\t\t<p class=\"text-marine text-lg px-6 font-heading font-bold text-center\">Forma de atua\u00e7\u00e3o:<\/p>\n\t\t\t\t<p class=\"text-3xl text-marine font-heading text-center px-5\">Apoio t\u00e9cnico a pol\u00edticas p\u00fablicas<\/p>\n\t\t\t\t<div class=\"popupAxiosBot h-4 border-0 rounded-b-20\"><\/div>\n\t\t\t\t\t\t\t<\/div>\n\n\t\t\t<div class=\"relative w-full flex flex-col pb-9 lg:pb-12 z-20\">\n\t\t\t\t<div class=\"container mx-auto\">\n\t\t\t\t\t\t\t\t\t\t\t\t\t\t\t\t<h2 class=\"text-2xl lg:text-5xl lg:text-5xl text-white font-heading font-bold max-w-md sm:max-w-xl 1024:max-w-4xl xl:max-w-6xl leading-none mt-4 pt-6\">\n\t\t\t\t\t\t\tParceria pela<br> Early Childhood<br> do Munic\u00edpio de<br> Boa Vista\/RR\t\t\t\t\t\t<\/h2>\n\t\t\t\t\t\t\t\t\t\t\t\t\t\t<\/div>\n\t\t\t<\/div>\n\t\t<\/div>\n\n\n\t\t<div class=\"bg-gray-100 relative w-full py-16 z-20\">\n\t\t\t<div class=\"bootstrap-wrapper container\">\n\t\t\t\t\t\t\t\t\t<div class=\"row\">\n\t\t\t\t\t\t<div class=\"col-12 px-0\">\n\t\t\t\t\t\t\t<p class=\"hero-background-axios__tag\">\n\t\t\t\t\t\t\t\t<span>Status:<\/span> Conclu\u00eddo\t\t\t\t\t\t\t<\/p>\n\t\t\t\t\t\t<\/div>\n\t\t\t\t\t<\/div>\n\t\t\t\t\n\t\t\t\t\t\t\t\t\t<ul class=\"row\">\n\t\t\t\t\t\t\t\t\t\t\t\t\t<li class=\"col-12 col-md-4\">\n\t\t\t\t\t\t\t\t\n\t\t\t\t\t\t\t\t<div class=\"mt-10\">\n\t\t\t\t\t\t\t\t\t\t\t\t\t\t\t\t\t\t\t<h3 class=\"text-xl text-marine  font-heading font-bold leading-tight\">\n\t\t\t\t\t\t\t\t\t\t\tObjetivo\t\t\t\t\t\t\t\t\t\t<\/h3>\n\t\t\t\t\t\t\t\t\t\t\t\t\t\t\t\t\t\t\t\t\t\t\t\t\t\t\t\t<p class=\"text-base text-marine leading-loose tracking-wide font-normal mt-4\">\n\t\t\t\t\t\t\t\t\t\t\tImpulsionar avan\u00e7os na educa\u00e7\u00e3o infantil, no apoio \u00e0s fam\u00edlias e no planejamento de pol\u00edticas p\u00fablicas para primeira inf\u00e2ncia, consolidando Boa Vista como uma das refer\u00eancias nacionais\t\t\t\t\t\t\t\t\t\t<\/p>\n\t\t\t\t\t\t\t\t\t\t\t\t\t\t\t\t\t<\/div>\n\t\t\t\t\t\t\t<\/li>\n\t\t\t\t\t\t\t\t\t\t\t\t\t<li class=\"col-12 col-md-4\">\n\t\t\t\t\t\t\t\t\n\t\t\t\t\t\t\t\t<div class=\"mt-10\">\n\t\t\t\t\t\t\t\t\t\t\t\t\t\t\t\t\t\t\t<h3 class=\"text-xl text-marine  font-heading font-bold leading-tight\">\n\t\t\t\t\t\t\t\t\t\t\tP\u00fablico\t\t\t\t\t\t\t\t\t\t<\/h3>\n\t\t\t\t\t\t\t\t\t\t\t\t\t\t\t\t\t\t\t\t\t\t\t\t\t\t\t\t<p class=\"text-base text-marine leading-loose tracking-wide font-normal mt-4\">\n\t\t\t\t\t\t\t\t\t\t\tGestores municipais\t\t\t\t\t\t\t\t\t\t<\/p>\n\t\t\t\t\t\t\t\t\t\t\t\t\t\t\t\t\t<\/div>\n\t\t\t\t\t\t\t<\/li>\n\t\t\t\t\t\t\t\t\t\t\t\t\t<li class=\"col-12 col-md-4\">\n\t\t\t\t\t\t\t\t\n\t\t\t\t\t\t\t\t<div class=\"mt-10\">\n\t\t\t\t\t\t\t\t\t\t\t\t\t\t\t\t\t\t\t<h3 class=\"text-xl text-marine  font-heading font-bold leading-tight\">\n\t\t\t\t\t\t\t\t\t\t\tPartners\t\t\t\t\t\t\t\t\t\t<\/h3>\n\t\t\t\t\t\t\t\t\t\t\t\t\t\t\t\t\t\t\t\t\t\t\t\t\t\t\t\t<p class=\"text-base text-marine leading-loose tracking-wide font-normal mt-4\">\n\t\t\t\t\t\t\t\t\t\t\tPrefeitura de Boa Vista, BID, Grand Challenges Canada\/Saving Brains, Minist\u00e9rio da Cidadania\/MDS, Ceipe-FGV, Cedi-USP, Lepes-USP, Trajet\u00f3rias Planejamento e Desenvolvimento Institucional, Cons\u00f3rcio Dial\u00f3gica e Oliva &#8211; Planejamento e desenvolvimento Institucional\t\t\t\t\t\t\t\t\t\t<\/p>\n\t\t\t\t\t\t\t\t\t\t\t\t\t\t\t\t\t<\/div>\n\t\t\t\t\t\t\t<\/li>\n\t\t\t\t\t\t\t\t\t\t\t<\/ul>\n\t\t\t\t\t\t\t<\/div>\n\t\t<\/div>\n\t<\/section>\n\t\n\n\t<section id=\"block_13fef02d86d83ef27ff58b853fe482b8\" class=\"white-block white-block--axis-page padding-top-0 padding-bottom-40 padding-top-mobile-0 padding-bottom-mobile-0 white-block relative w-full overflow-hidden\">\n\t\t<div class=\"w-full bg_history\">\n\t\t\t<div class=\"container mx-auto\">\n\t\t\t\t<div class=\"w-full flex flex-col items-center gap-8 mx-auto xm:max-w-4lg xl:max-w-5xl\">\n\t\t\t\t\t\n\t\t\t\t\t\t\t\t\t\t\t<p class=\"white-block__p-content\t\t\t\t\t\tw-full\t\t\t\t\t\ttext-base\t\t\t\t\t\ttext-marine\t\t\t\t\t\tleading-7\t\t\t\t\t\tfont-text\t\t\t\t\t\trelative\t\t\t\t\t\tsm:m-auto\t\t\t\t\t\tsm:text-justify\t\t\t\t\t\tlg:text-xl\t\t\t\t\t\txm:text-lg\t\t\t\t\t\txl:text-lg\t\t\t\t\t\tz-10\">\n\t\t\t\t\t\t\tDe 2017 a 2022, a Prefeitura de Boa Vista contou com o apoio da Funda\u00e7\u00e3o e de diversas organiza\u00e7\u00f5es para desenvolver e implementar a\u00e7\u00f5es de apoio \u00e0s pol\u00edticas de primeira inf\u00e2ncia no munic\u00edpio. Para isso, a coaliz\u00e3o atuou no planejamento e monitoramento das pol\u00edticas para fam\u00edlias com crian\u00e7as de 0 a 6 anos, garantindo recursos e sustentabilidade; qualifica\u00e7\u00e3o da educa\u00e7\u00e3o infantil e fortalecimento da parentalidade a partir do programa Fam\u00edlia Que Acolhe (FQA).\t\t\t\t\t\t<\/p>\n\t\t\t\t\t\n\t\t\t\t\t\t\t\t\t<\/div>\n\t\t\t<\/div>\n\t\t<\/div>\n\t<\/section>\n\t\n\n\n<section id=\"block_17736fd675ab3f7fa53d7f1ab66912e8\" class=\"block-slider-library-dynamic  padding-top-40  padding-bottom-60  padding-top-mobile-80  padding-bottom-mobile-80 alignwide\">\n\t<div class=\"mx-auto\">\n\n\t\t\t\t\t<div class=\"px-0 library-dynamic--header\">\n\t\t\t\t<div class=\"flex items-start\">\n\t\t\t\t\t<div class=\"flex-1\">\n\t\t\t\t\t\t<h2 class=\"library-dynamic--title\">Para saber mais<\/h2>\n\t\t\t\t\t<\/div>\n\n\t\t\t\t\t\t\t\t\t\t\t<div class=\"flex-1 self-center text-right\">\n\t\t\t\t\t\t\t<a href=\"https:\/\/biblioteca.fmcsv.org.br\/biblioteca\/parceria-pela-primeira-infancia-do-municipio-de-boa-vista-rr\/\"\n\t\t\t\t\t\t\ttitle=\"Leia o estudo \u201cParceria pela Primeira Inf\u00e2ncia do Munic\u00edpio de Boa Vista\/RR\u201d\"\n\t\t\t\t\t\t\ttarget=\"_blank\"\n\t\t\t\t\t\t\tclass=\"library-dynamic--button fmc-button fmc-button-text-marine underline\"\n                            style=\"text-underline-offset: 5px; font-family: 'Century Gothic Bold', sans-serif\">Leia o estudo \u201cParceria pela Primeira Inf\u00e2ncia do Munic\u00edpio de Boa Vista\/RR\u201d<\/a>\n\t\t\t\t\t\t<\/div>\n\t\t\t\t\t\t\t\t\t<\/div>\n\t\t\t<\/div>\n\t\t\n\t\t<div>\n\t\t\t<div class=\"owl-carousel owl-theme js-slider-library-dynamic slide-number-18604943\"\n\t\t\t     data-cols=\"one\"\n\t\t\t     data-slick-id=\"18604943\">\n\t\t\t\t\t\t\t<\/div>\n\t\t<\/div>\n\n<!--\t\t--><!--\t\t\t<div class=\"text-left mt-4 hidden\">-->\n<!--\t\t\t\t<a href=\"--><!--\"-->\n<!--\t\t\t\ttitle=\"--><!--\"-->\n<!--\t\t\t\ttarget=\"--><!--\"-->\n<!--\t\t\t\tclass=\"library-dynamic--button fmc-button fmc-button-small fmc-button-text-marine underline\">--><!--<\/a>-->\n<!--\t\t\t<\/div>-->\n<!--\t\t-->\n\t<\/div>\n<\/section>\n\n\n\n\t<section id=\"block_635b76d50f914a843ab41422b5c027bd\" class=\"image-text padding-top-0 padding-bottom-120 padding-top-mobile-0 padding-bottom-mobile-80 image-text relative w-full py-20 overflow-hidden\">\n\t\t<div class=\"mobile relative h-auto xm:h-auto xm:w-1\/2\">\n\t\t\t\t\t\t\t<img decoding=\"async\" fetchpriority=\"high\" class=\"hidden xs:block w-full h-full object-cover\" src=\"https:\/\/hml-fundacaomariacecilia.codebit.biz\/wp-content\/uploads\/2026\/02\/parceria-boa-vista-rr-julio-cesar-fmcsv-resultados.jpg\" srcset=\"https:\/\/hml-fundacaomariacecilia.codebit.biz\/wp-content\/uploads\/2026\/02\/parceria-boa-vista-rr-julio-cesar-fmcsv-resultados.jpg\" alt=\"parceria-boa-vista-rr-julio-cesar-fmcsv-resultados\">\n\t\t\t\t\t\t\t\t\t\t<img decoding=\"async\" fetchpriority=\"high\" class=\"xs:hidden w-full h-full\" src=\"https:\/\/hml-fundacaomariacecilia.codebit.biz\/wp-content\/uploads\/2026\/02\/parceria-boa-vista-rr-julio-cesar-fmcsv-resultados.jpg\" srcset=\"https:\/\/hml-fundacaomariacecilia.codebit.biz\/wp-content\/uploads\/2026\/02\/parceria-boa-vista-rr-julio-cesar-fmcsv-resultados.jpg\" alt=\"parceria-boa-vista-rr-julio-cesar-fmcsv-resultados\">\n\t\t\t\t\t<\/div>\n\t\t\t\t<div class=\"overflow-hidden container-infancia w-full mx-auto flex flex-col xm:flex-row\">\n\t\t\t<div class=\"image-text__content relative flex flex-col justify-center items-start xm:w-1\/2 p-10 px-5 px-10 1024:pl-16  lg:py-32\" style=\"background-color: #1d1d35 ;\">\n\t\t\t\t<div class=\"image-text__content-wrap\">\n\t\t\t\t\t\n\t\t\t\t\t\t\t\t\t\t\t<ul class=\"flex flex-col gap-8\">\n\t\t\t\t\t\t\t\t\t\t\t\t\t\t\t<li class=\"flex flex-col gap-3\">\n\t\t\t\t\t\t\t\t\t\t\t\t\t\t\t\t\t\t\t<h3 class=\"max-w-xs xl:max-w-xl text-2xl xl:text-3xg font-bold\"  style=\"color: #ffffff;\">\n\t\t\t\t\t\t\t\t\t\t\tResultados obtidos\t\t\t\t\t\t\t\t\t\t<\/h3>\n\t\t\t\t\t\t\t\t\t\n\t\t\t\t\t\t\t\t\t\t\t\t\t\t\t\t\t\t\t<p class=\"max-w-xl text-base xl:text-lg font-text\"  style=\"color: #ffffff;\">\n\t\t\t\t\t\t\t\t\t\t\tBoa Vista criou um comit\u00ea intersetorial para integrar Sa\u00fade, Educa\u00e7\u00e3o, Assist\u00eancia Social e outras cinco secretarias, garantindo a\u00e7\u00f5es articuladas e baseadas em evid\u00eancias. O munic\u00edpio atuou na qualifica\u00e7\u00e3o das pr\u00e1ticas pedag\u00f3gicas, a partir de um curr\u00edculo inovador elaborado e implementado com a participa\u00e7\u00e3o de gestores, professores, cuidadores, crian\u00e7as e especialistas. O munic\u00edpio tamb\u00e9m adotou metodologias para avaliar e monitorar a qualidade da educa\u00e7\u00e3o infantil. Por fim, fortaleceu o programa de visita\u00e7\u00e3o domiciliar Fam\u00edlia Que Acolhe, que registrou queda de 36% na mortalidade neonatal, al\u00e9m de avan\u00e7os no desenvolvimento infantil e na ado\u00e7\u00e3o de pr\u00e1ticas parentais positivas.<br>\t\t\t\t\t\t\t\t\t\t<\/p>\n\t\t\t\t\t\t\t\t\t\n\t\t\t\t\t\t\t\t\t\t\t\t\t\t\t\t\t<\/li>\n\t\t\t\t\t\t\t\t\t\t\t\t\t<\/ul>\n\t\t\t\t\t\t\t\t\t<\/div>\n\t\t\t<\/div>\n\n\t\t\t<div class=\"desktop relative h-auto xm:h-auto xm:w-1\/2\">\n\t\t\t\t\t\t\t\t\t<img decoding=\"async\" fetchpriority=\"high\" class=\"hidden xs:block w-full h-full object-cover\" src=\"https:\/\/hml-fundacaomariacecilia.codebit.biz\/wp-content\/uploads\/2026\/02\/parceria-boa-vista-rr-julio-cesar-fmcsv-resultados.jpg\" srcset=\"https:\/\/hml-fundacaomariacecilia.codebit.biz\/wp-content\/uploads\/2026\/02\/parceria-boa-vista-rr-julio-cesar-fmcsv-resultados.jpg\" alt=\"parceria-boa-vista-rr-julio-cesar-fmcsv-resultados\">\n\t\t\t\t\t\t\t\t\t\t\t\t\t<img decoding=\"async\" fetchpriority=\"high\" class=\"xs:hidden w-full h-full\" src=\"https:\/\/hml-fundacaomariacecilia.codebit.biz\/wp-content\/uploads\/2026\/02\/parceria-boa-vista-rr-julio-cesar-fmcsv-resultados.jpg\" srcset=\"https:\/\/hml-fundacaomariacecilia.codebit.biz\/wp-content\/uploads\/2026\/02\/parceria-boa-vista-rr-julio-cesar-fmcsv-resultados.jpg\" alt=\"parceria-boa-vista-rr-julio-cesar-fmcsv-resultados\">\n\t\t\t\t\t\t\t<\/div>\n\t\t<\/div>\n\t\t\t<\/section>","protected":false},"excerpt":{"rendered":"","protected":false},"author":10,"featured_media":0,"parent":371,"menu_order":0,"comment_status":"closed","ping_status":"closed","template":"page-portfolio.php","meta":{"footnotes":""},"class_list":["post-13743","page","type-page","status-publish","hentry"],"acf":[],"yoast_head":"<!-- This site is optimized with the Yoast SEO plugin v24.4 - https:\/\/yoast.com\/wordpress\/plugins\/seo\/ -->\n<title>\u2014 Parceria pela Primeira Inf\u00e2ncia do Munic\u00edpio de Boa Vista\/RR - Funda\u00e7\u00e3o Maria Cecilia Souto Vidigal<\/title>\n<meta name=\"robots\" content=\"index, follow, max-snippet:-1, max-image-preview:large, max-video-preview:-1\" \/>\n<link rel=\"canonical\" href=\"https:\/\/hml-fundacaomariacecilia.codebit.biz\/en\/o-que-fazemos\/parceria-pela-primeira-infancia-do-municipio-de-boa-vista-rr\/\" \/>\n<meta property=\"og:locale\" content=\"en_US\" \/>\n<meta property=\"og:type\" content=\"article\" \/>\n<meta property=\"og:title\" content=\"\u2014 Parceria pela Primeira Inf\u00e2ncia do Munic\u00edpio de Boa Vista\/RR - Funda\u00e7\u00e3o Maria Cecilia Souto Vidigal\" \/>\n<meta property=\"og:url\" content=\"https:\/\/hml-fundacaomariacecilia.codebit.biz\/en\/o-que-fazemos\/parceria-pela-primeira-infancia-do-municipio-de-boa-vista-rr\/\" \/>\n<meta property=\"og:site_name\" content=\"Funda\u00e7\u00e3o Maria Cecilia Souto Vidigal\" \/>\n<meta property=\"article:publisher\" content=\"https:\/\/www.facebook.com\/FundacaoMariaCeciliaSoutoVidigal\/\" \/>\n<meta property=\"article:modified_time\" content=\"2026-03-03T21:03:39+00:00\" \/>\n<meta name=\"twitter:card\" content=\"summary_large_image\" \/>\n<script type=\"application\/ld+json\" class=\"yoast-schema-graph\">{\"@context\":\"https:\/\/schema.org\",\"@graph\":[{\"@type\":\"WebPage\",\"@id\":\"https:\/\/hml-fundacaomariacecilia.codebit.biz\/o-que-fazemos\/parceria-pela-primeira-infancia-do-municipio-de-boa-vista-rr\/\",\"url\":\"https:\/\/hml-fundacaomariacecilia.codebit.biz\/o-que-fazemos\/parceria-pela-primeira-infancia-do-municipio-de-boa-vista-rr\/\",\"name\":\"\u2014 Parceria pela Primeira Inf\u00e2ncia do Munic\u00edpio de Boa Vista\/RR - Funda\u00e7\u00e3o Maria Cecilia Souto Vidigal\",\"isPartOf\":{\"@id\":\"https:\/\/fmcsv.sandbox.dev.br\/#website\"},\"datePublished\":\"2026-02-02T23:31:30+00:00\",\"dateModified\":\"2026-03-03T21:03:39+00:00\",\"breadcrumb\":{\"@id\":\"https:\/\/hml-fundacaomariacecilia.codebit.biz\/o-que-fazemos\/parceria-pela-primeira-infancia-do-municipio-de-boa-vista-rr\/#breadcrumb\"},\"inLanguage\":\"en-US\",\"potentialAction\":[{\"@type\":\"ReadAction\",\"target\":[\"https:\/\/hml-fundacaomariacecilia.codebit.biz\/o-que-fazemos\/parceria-pela-primeira-infancia-do-municipio-de-boa-vista-rr\/\"]}]},{\"@type\":\"BreadcrumbList\",\"@id\":\"https:\/\/hml-fundacaomariacecilia.codebit.biz\/o-que-fazemos\/parceria-pela-primeira-infancia-do-municipio-de-boa-vista-rr\/#breadcrumb\",\"itemListElement\":[{\"@type\":\"ListItem\",\"position\":1,\"name\":\"In\u00edcio\",\"item\":\"https:\/\/hml-fundacaomariacecilia.codebit.biz\/\"},{\"@type\":\"ListItem\",\"position\":2,\"name\":\"O que fazemos\",\"item\":\"https:\/\/hml-fundacaomariacecilia.codebit.biz\/o-que-fazemos\/\"},{\"@type\":\"ListItem\",\"position\":3,\"name\":\"\u2014 Parceria pela Primeira Inf\u00e2ncia do Munic\u00edpio de Boa Vista\/RR\"}]},{\"@type\":\"WebSite\",\"@id\":\"https:\/\/fmcsv.sandbox.dev.br\/#website\",\"url\":\"https:\/\/fmcsv.sandbox.dev.br\/\",\"name\":\"Funda\u00e7\u00e3o Maria Cecilia Souto Vidigal\",\"description\":\"Cuidar de cada crian\u00e7a \u00e9 cuidar do pa\u00eds inteiro\",\"publisher\":{\"@id\":\"https:\/\/fmcsv.sandbox.dev.br\/#organization\"},\"potentialAction\":[{\"@type\":\"SearchAction\",\"target\":{\"@type\":\"EntryPoint\",\"urlTemplate\":\"https:\/\/fmcsv.sandbox.dev.br\/?s={search_term_string}\"},\"query-input\":{\"@type\":\"PropertyValueSpecification\",\"valueRequired\":true,\"valueName\":\"search_term_string\"}}],\"inLanguage\":\"en-US\"},{\"@type\":\"Organization\",\"@id\":\"https:\/\/fmcsv.sandbox.dev.br\/#organization\",\"name\":\"Funda\u00e7\u00e3o Maria Cecilia Souto Vidigal\",\"url\":\"https:\/\/fmcsv.sandbox.dev.br\/\",\"logo\":{\"@type\":\"ImageObject\",\"inLanguage\":\"en-US\",\"@id\":\"https:\/\/fmcsv.sandbox.dev.br\/#\/schema\/logo\/image\/\",\"url\":\"https:\/\/hml-fundacaomariacecilia.codebit.biz\/wp-content\/uploads\/2024\/04\/Logo.svg\",\"contentUrl\":\"https:\/\/hml-fundacaomariacecilia.codebit.biz\/wp-content\/uploads\/2024\/04\/Logo.svg\",\"caption\":\"Funda\u00e7\u00e3o Maria Cecilia Souto Vidigal\"},\"image\":{\"@id\":\"https:\/\/fmcsv.sandbox.dev.br\/#\/schema\/logo\/image\/\"},\"sameAs\":[\"https:\/\/www.facebook.com\/FundacaoMariaCeciliaSoutoVidigal\/\",\"https:\/\/www.linkedin.com\/company\/fmcsv\/\",\"https:\/\/www.instagram.com\/fundacaomariacecilia\/\"]}]}<\/script>\n<!-- \/ Yoast SEO plugin. -->","yoast_head_json":{"title":"\u2014 Parceria pela Primeira Inf\u00e2ncia do Munic\u00edpio de Boa Vista\/RR - Funda\u00e7\u00e3o Maria Cecilia Souto Vidigal","robots":{"index":"index","follow":"follow","max-snippet":"max-snippet:-1","max-image-preview":"max-image-preview:large","max-video-preview":"max-video-preview:-1"},"canonical":"https:\/\/hml-fundacaomariacecilia.codebit.biz\/en\/o-que-fazemos\/parceria-pela-primeira-infancia-do-municipio-de-boa-vista-rr\/","og_locale":"en_US","og_type":"article","og_title":"\u2014 Parceria pela Primeira Inf\u00e2ncia do Munic\u00edpio de Boa Vista\/RR - Funda\u00e7\u00e3o Maria Cecilia Souto Vidigal","og_url":"https:\/\/hml-fundacaomariacecilia.codebit.biz\/en\/o-que-fazemos\/parceria-pela-primeira-infancia-do-municipio-de-boa-vista-rr\/","og_site_name":"Funda\u00e7\u00e3o Maria Cecilia Souto Vidigal","article_publisher":"https:\/\/www.facebook.com\/FundacaoMariaCeciliaSoutoVidigal\/","article_modified_time":"2026-03-03T21:03:39+00:00","twitter_card":"summary_large_image","schema":{"@context":"https:\/\/schema.org","@graph":[{"@type":"WebPage","@id":"https:\/\/hml-fundacaomariacecilia.codebit.biz\/o-que-fazemos\/parceria-pela-primeira-infancia-do-municipio-de-boa-vista-rr\/","url":"https:\/\/hml-fundacaomariacecilia.codebit.biz\/o-que-fazemos\/parceria-pela-primeira-infancia-do-municipio-de-boa-vista-rr\/","name":"\u2014 Parceria pela Primeira Inf\u00e2ncia do Munic\u00edpio de Boa Vista\/RR - Funda\u00e7\u00e3o Maria Cecilia Souto Vidigal","isPartOf":{"@id":"https:\/\/fmcsv.sandbox.dev.br\/#website"},"datePublished":"2026-02-02T23:31:30+00:00","dateModified":"2026-03-03T21:03:39+00:00","breadcrumb":{"@id":"https:\/\/hml-fundacaomariacecilia.codebit.biz\/o-que-fazemos\/parceria-pela-primeira-infancia-do-municipio-de-boa-vista-rr\/#breadcrumb"},"inLanguage":"en-US","potentialAction":[{"@type":"ReadAction","target":["https:\/\/hml-fundacaomariacecilia.codebit.biz\/o-que-fazemos\/parceria-pela-primeira-infancia-do-municipio-de-boa-vista-rr\/"]}]},{"@type":"BreadcrumbList","@id":"https:\/\/hml-fundacaomariacecilia.codebit.biz\/o-que-fazemos\/parceria-pela-primeira-infancia-do-municipio-de-boa-vista-rr\/#breadcrumb","itemListElement":[{"@type":"ListItem","position":1,"name":"In\u00edcio","item":"https:\/\/hml-fundacaomariacecilia.codebit.biz\/"},{"@type":"ListItem","position":2,"name":"O que fazemos","item":"https:\/\/hml-fundacaomariacecilia.codebit.biz\/o-que-fazemos\/"},{"@type":"ListItem","position":3,"name":"\u2014 Parceria pela Primeira Inf\u00e2ncia do Munic\u00edpio de Boa Vista\/RR"}]},{"@type":"WebSite","@id":"https:\/\/fmcsv.sandbox.dev.br\/#website","url":"https:\/\/fmcsv.sandbox.dev.br\/","name":"Funda\u00e7\u00e3o Maria Cecilia Souto Vidigal","description":"Caring for every child is caring for the whole country","publisher":{"@id":"https:\/\/fmcsv.sandbox.dev.br\/#organization"},"potentialAction":[{"@type":"SearchAction","target":{"@type":"EntryPoint","urlTemplate":"https:\/\/fmcsv.sandbox.dev.br\/?s={search_term_string}"},"query-input":{"@type":"PropertyValueSpecification","valueRequired":true,"valueName":"search_term_string"}}],"inLanguage":"en-US"},{"@type":"Organization","@id":"https:\/\/fmcsv.sandbox.dev.br\/#organization","name":"Funda\u00e7\u00e3o Maria Cecilia Souto Vidigal","url":"https:\/\/fmcsv.sandbox.dev.br\/","logo":{"@type":"ImageObject","inLanguage":"en-US","@id":"https:\/\/fmcsv.sandbox.dev.br\/#\/schema\/logo\/image\/","url":"https:\/\/hml-fundacaomariacecilia.codebit.biz\/wp-content\/uploads\/2024\/04\/Logo.svg","contentUrl":"https:\/\/hml-fundacaomariacecilia.codebit.biz\/wp-content\/uploads\/2024\/04\/Logo.svg","caption":"Funda\u00e7\u00e3o Maria Cecilia Souto Vidigal"},"image":{"@id":"https:\/\/fmcsv.sandbox.dev.br\/#\/schema\/logo\/image\/"},"sameAs":["https:\/\/www.facebook.com\/FundacaoMariaCeciliaSoutoVidigal\/","https:\/\/www.linkedin.com\/company\/fmcsv\/","https:\/\/www.instagram.com\/fundacaomariacecilia\/"]}]}},"_links":{"self":[{"href":"https:\/\/hml-fundacaomariacecilia.codebit.biz\/en\/wp-json\/wp\/v2\/pages\/13743"}],"collection":[{"href":"https:\/\/hml-fundacaomariacecilia.codebit.biz\/en\/wp-json\/wp\/v2\/pages"}],"about":[{"href":"https:\/\/hml-fundacaomariacecilia.codebit.biz\/en\/wp-json\/wp\/v2\/types\/page"}],"author":[{"embeddable":true,"href":"https:\/\/hml-fundacaomariacecilia.codebit.biz\/en\/wp-json\/wp\/v2\/users\/10"}],"replies":[{"embeddable":true,"href":"https:\/\/hml-fundacaomariacecilia.codebit.biz\/en\/wp-json\/wp\/v2\/comments?post=13743"}],"version-history":[{"count":26,"href":"https:\/\/hml-fundacaomariacecilia.codebit.biz\/en\/wp-json\/wp\/v2\/pages\/13743\/revisions"}],"predecessor-version":[{"id":13895,"href":"https:\/\/hml-fundacaomariacecilia.codebit.biz\/en\/wp-json\/wp\/v2\/pages\/13743\/revisions\/13895"}],"up":[{"embeddable":true,"href":"https:\/\/hml-fundacaomariacecilia.codebit.biz\/en\/wp-json\/wp\/v2\/pages\/371"}],"wp:attachment":[{"href":"https:\/\/hml-fundacaomariacecilia.codebit.biz\/en\/wp-json\/wp\/v2\/media?parent=13743"}],"curies":[{"name":"wp","href":"https:\/\/api.w.org\/{rel}","templated":true}]}}