{"id":11159,"date":"2024-08-07T10:52:14","date_gmt":"2024-08-07T13:52:14","guid":{"rendered":"https:\/\/hml-fundacaomariacecilia.codebit.biz\/?page_id=11159"},"modified":"2026-01-14T14:48:47","modified_gmt":"2026-01-14T17:48:47","slug":"portal-primeira-infancia-em-dados","status":"publish","type":"page","link":"https:\/\/hml-fundacaomariacecilia.codebit.biz\/en\/o-que-fazemos\/portal-primeira-infancia-em-dados\/","title":{"rendered":"Portal Primeira Inf\u00e2ncia em Dados"},"content":{"rendered":"<section id=\"block_909ae10d1c0540e7aa7c360a1f9bbde0\"\n\t\t\t class=\"hero-background-axios padding-top-0 padding-bottom-0 padding-top-mobile-0 padding-bottom-mobile-0 hero-background-text relative w-full object-cover flex flex-col justify-center items-center overflow-x-hidden\">\n\t\t<div class=\"relative w-full min-h-398 flex flex-col justify-end items-center object-cover overflow-x-hidden\">\n\t\t\t\t\t\t\t\t\t\t\t\t<img decoding=\"async\" fetchpriority=\"high\"\n\t\t\t\t\t\t class=\"absolute top-0 right-0 bottom-0 w-full h-full object-cover bg-no-repeat z-0\"\n\t\t\t\t\t\t src=\"https:\/\/hml-fundacaomariacecilia.codebit.biz\/wp-content\/uploads\/2024\/08\/cortada-PIP-CAPA-foto-julio-cesar-almeida-fundacao-maria-cecilia-souto-vidigal-v-final.jpg\"\n\t\t\t\t\t\t srcset=\"https:\/\/hml-fundacaomariacecilia.codebit.biz\/wp-content\/uploads\/2024\/08\/cortada-PIP-CAPA-foto-julio-cesar-almeida-fundacao-maria-cecilia-souto-vidigal-v-final.jpg\"\n\t\t\t\t\t\t alt=\"cortada-PIP-CAPA-foto-julio-cesar-almeida-fundacao-maria-cecilia-souto-vidigal v final\">\n\t\t\t\t\t\t\t\t\t\t\t\t\t\t\t\t\t\t<div class=\"absolute top-0 right-0 mr-3 sm:mr-32 bg-gray-100 border-0 rounded-b-20\">\n\t\t\t\t<p class=\"text-marine text-lg px-6 font-heading font-bold text-center\">Forma de atua\u00e7\u00e3o:<\/p>\n\t\t\t\t<p class=\"text-3xl text-marine font-heading text-center px-5\">Mobilizing Leaders<\/p>\n\t\t\t\t<div class=\"popupAxiosBot h-4 border-0 rounded-b-20\"><\/div>\n\t\t\t\t\t\t\t<\/div>\n\n\t\t\t<div class=\"relative w-full flex flex-col pb-9 lg:pb-12 z-20\">\n\t\t\t\t<div class=\"container mx-auto\">\n\t\t\t\t\t\t\t\t\t\t\t\t\t\t\t\t<h2 class=\"text-2xl lg:text-5xl lg:text-5xl text-white font-heading font-bold max-w-md sm:max-w-xl 1024:max-w-4xl xl:max-w-6xl leading-none mt-4 pt-6\">\n\t\t\t\t\t\t\tEarly Childhood<br>Inf\u00e2ncia em Dados\t\t\t\t\t\t<\/h2>\n\t\t\t\t\t\t\t\t\t\t\t\t\t\t<\/div>\n\t\t\t<\/div>\n\t\t<\/div>\n\n\n\t\t<div class=\"bg-gray-100 relative w-full py-16 z-20\">\n\t\t\t<div class=\"bootstrap-wrapper container\">\n\t\t\t\t\t\t\t\t\t<div class=\"row\">\n\t\t\t\t\t\t<div class=\"col-12 px-0\">\n\t\t\t\t\t\t\t<p class=\"hero-background-axios__tag\">\n\t\t\t\t\t\t\t\t<span>Status:<\/span> Em andamento\t\t\t\t\t\t\t<\/p>\n\t\t\t\t\t\t<\/div>\n\t\t\t\t\t<\/div>\n\t\t\t\t\n\t\t\t\t\t\t\t\t\t<ul class=\"row\">\n\t\t\t\t\t\t\t\t\t\t\t\t\t<li class=\"col-12 col-md-4\">\n\t\t\t\t\t\t\t\t\n\t\t\t\t\t\t\t\t<div class=\"mt-10\">\n\t\t\t\t\t\t\t\t\t\t\t\t\t\t\t\t\t\t\t<h3 class=\"text-xl text-marine  font-heading font-bold leading-tight\">\n\t\t\t\t\t\t\t\t\t\t\tObjetivo\t\t\t\t\t\t\t\t\t\t<\/h3>\n\t\t\t\t\t\t\t\t\t\t\t\t\t\t\t\t\t\t\t\t\t\t\t\t\t\t\t\t<p class=\"text-base text-marine leading-loose tracking-wide font-normal mt-4\">\n\t\t\t\t\t\t\t\t\t\t\tSer a principal refer\u00eancia de dados sobre primeira inf\u00e2ncia no Brasil para todos os p\u00fablicos interessados\t\t\t\t\t\t\t\t\t\t<\/p>\n\t\t\t\t\t\t\t\t\t\t\t\t\t\t\t\t\t<\/div>\n\t\t\t\t\t\t\t<\/li>\n\t\t\t\t\t\t\t\t\t\t\t\t\t<li class=\"col-12 col-md-4\">\n\t\t\t\t\t\t\t\t\n\t\t\t\t\t\t\t\t<div class=\"mt-10\">\n\t\t\t\t\t\t\t\t\t\t\t\t\t\t\t\t\t\t\t<h3 class=\"text-xl text-marine  font-heading font-bold leading-tight\">\n\t\t\t\t\t\t\t\t\t\t\tP\u00fablico\t\t\t\t\t\t\t\t\t\t<\/h3>\n\t\t\t\t\t\t\t\t\t\t\t\t\t\t\t\t\t\t\t\t\t\t\t\t\t\t\t\t<p class=\"text-base text-marine leading-loose tracking-wide font-normal mt-4\">\n\t\t\t\t\t\t\t\t\t\t\tJornalistas, gestores p\u00fablicos, acad\u00eamicos, estudantes, entre outros\t\t\t\t\t\t\t\t\t\t<\/p>\n\t\t\t\t\t\t\t\t\t\t\t\t\t\t\t\t\t<\/div>\n\t\t\t\t\t\t\t<\/li>\n\t\t\t\t\t\t\t\t\t\t\t\t\t<li class=\"col-12 col-md-4\">\n\t\t\t\t\t\t\t\t\n\t\t\t\t\t\t\t\t<div class=\"mt-10\">\n\t\t\t\t\t\t\t\t\t\t\t\t\t\t\t\t\t\t\t\t\t\t\t\t\t\t<\/div>\n\t\t\t\t\t\t\t<\/li>\n\t\t\t\t\t\t\t\t\t\t\t<\/ul>\n\t\t\t\t\t\t\t<\/div>\n\t\t<\/div>\n\t<\/section>\n\t\n\n\t<section id=\"block_42f1ebf328d2f95401d92d1c0b04b109\" class=\"white-block white-block--axis-page padding-top-0 padding-bottom-20 padding-top-mobile-80 padding-bottom-mobile-80 white-block relative w-full overflow-hidden\">\n\t\t<div class=\"w-full bg_history\">\n\t\t\t<div class=\"container mx-auto\">\n\t\t\t\t<div class=\"w-full flex flex-col items-center gap-8 mx-auto xm:max-w-4lg xl:max-w-5xl\">\n\t\t\t\t\t\n\t\t\t\t\t\t\t\t\t\t\t<p class=\"white-block__p-content\t\t\t\t\t\tw-full\t\t\t\t\t\ttext-base\t\t\t\t\t\ttext-marine\t\t\t\t\t\tleading-7\t\t\t\t\t\tfont-text\t\t\t\t\t\trelative\t\t\t\t\t\tsm:m-auto\t\t\t\t\t\tsm:text-justify\t\t\t\t\t\tlg:text-xl\t\t\t\t\t\txm:text-lg\t\t\t\t\t\txl:text-lg\t\t\t\t\t\tz-10\">\n\t\t\t\t\t\t\tO portal Primeira Inf\u00e2ncia em Dados disponibiliza mais de 40 indicadores para os 5.570 munic\u00edpios brasileiros \u2013 como mortalidade infantil, atendimento a gestantes e acesso \u00e0 creche e \u00e0 pr\u00e9-escola \u2013  por meio de uma visualiza\u00e7\u00e3o exclusiva de dados. <br \/>\r\n<br \/>\r\nA plataforma tamb\u00e9m oferece ferramentas para auxiliar a an\u00e1lise de dados, al\u00e9m de recomenda\u00e7\u00f5es e materiais de apoio para o desenvolvimento de pol\u00edticas voltadas \u00e0 primeira inf\u00e2ncia. Veja as ferramentas dispon\u00edveis: <br \/>\r\n<br \/>\r\n<b>Mapa interativo<\/b>: Navegue no  territ\u00f3rio nacional e visualize as diferen\u00e7as regionais para cada um dos mais de 30 indicadores dispon\u00edveis sobre primeira inf\u00e2ncia. <br \/>\r\n<br \/>\r\n<b>Diagn\u00f3stico por territ\u00f3rio<\/b>: Conhe\u00e7a o diagn\u00f3stico de sua cidade, com os principais  indicadores reunidos em uma \u00fanica tela.  <br \/>\r\n<br \/>\r\n<b>Painel de Ofertas B\u00e1sicas:<\/b> Re\u00fana as ofertas que seu munic\u00edpio oferece nas \u00e1reas da Sa\u00fade, Assist\u00eancia Social e Educa\u00e7\u00e3o e conhe\u00e7a aquelas que ainda podem ser criadas ou ampliadas.\t\t\t\t\t\t<\/p>\n\t\t\t\t\t\n\t\t\t\t\t\t\t\t\t<\/div>\n\t\t\t<\/div>\n\t\t<\/div>\n\t<\/section>\n\t\n\n\n<section id=\"block_55febd271220470fef6cee67d9849e79\" class=\"block-slider-library-dynamic  padding-top-20  padding-bottom-0  padding-top-mobile-80  padding-bottom-mobile-80 alignwide\">\n\t<div class=\"mx-auto\">\n\n\t\t\t\t\t<div class=\"px-0 library-dynamic--header\">\n\t\t\t\t<div class=\"flex items-start\">\n\t\t\t\t\t<div class=\"flex-1\">\n\t\t\t\t\t\t<h2 class=\"library-dynamic--title\">Para saber mais<\/h2>\n\t\t\t\t\t<\/div>\n\n\t\t\t\t\t\t\t\t\t\t\t<div class=\"flex-1 self-center text-right\">\n\t\t\t\t\t\t\t<a href=\"https:\/\/primeirainfanciaemdados.org.br\/\"\n\t\t\t\t\t\t\ttitle=\"Acesse o portal Primeira Inf\u00e2ncia em Dados\"\n\t\t\t\t\t\t\ttarget=\"_blank\"\n\t\t\t\t\t\t\tclass=\"library-dynamic--button fmc-button fmc-button-text-marine underline\"\n                            style=\"text-underline-offset: 5px; font-family: 'Century Gothic Bold', sans-serif\">Acesse o portal Primeira Inf\u00e2ncia em Dados<\/a>\n\t\t\t\t\t\t<\/div>\n\t\t\t\t\t\t\t\t\t<\/div>\n\t\t\t<\/div>\n\t\t\n\t\t<div>\n\t\t\t<div class=\"owl-carousel owl-theme js-slider-library-dynamic slide-number-38713940\"\n\t\t\t     data-cols=\"one\"\n\t\t\t     data-slick-id=\"38713940\">\n\t\t\t\t\t\t\t<\/div>\n\t\t<\/div>\n\n<!--\t\t--><!--\t\t\t<div class=\"text-left mt-4 hidden\">-->\n<!--\t\t\t\t<a href=\"--><!--\"-->\n<!--\t\t\t\ttitle=\"--><!--\"-->\n<!--\t\t\t\ttarget=\"--><!--\"-->\n<!--\t\t\t\tclass=\"library-dynamic--button fmc-button fmc-button-small fmc-button-text-marine underline\">--><!--<\/a>-->\n<!--\t\t\t<\/div>-->\n<!--\t\t-->\n\t<\/div>\n<\/section>\n\n\n\n\t<section id=\"block_2be254d233184303ee48f98f5e42e6f1\" class=\"image-text padding-top-80 padding-bottom-80 padding-top-mobile-0 padding-bottom-mobile-80 image-text relative w-full py-20 overflow-hidden\">\n\t\t<div class=\"mobile relative h-auto xm:h-auto xm:w-1\/2\">\n\t\t\t\t\t\t\t<img decoding=\"async\" fetchpriority=\"high\" class=\"hidden xs:block w-full h-full object-cover\" src=\"https:\/\/hml-fundacaomariacecilia.codebit.biz\/wp-content\/uploads\/2024\/08\/cortada-PIP-INTERNO-eleicoes-copiar.webp\" srcset=\"https:\/\/hml-fundacaomariacecilia.codebit.biz\/wp-content\/uploads\/2024\/08\/cortada-PIP-INTERNO-eleicoes-copiar.webp\" alt=\"cortada-PIP-INTERNO-eleicoes copiar\">\n\t\t\t\t\t\t\t\t\t\t<img decoding=\"async\" fetchpriority=\"high\" class=\"xs:hidden w-full h-full\" src=\"https:\/\/hml-fundacaomariacecilia.codebit.biz\/wp-content\/uploads\/2024\/08\/cortada-PIP-INTERNO-eleicoes-copiar.webp\" srcset=\"https:\/\/hml-fundacaomariacecilia.codebit.biz\/wp-content\/uploads\/2024\/08\/cortada-PIP-INTERNO-eleicoes-copiar.webp\" alt=\"cortada-PIP-INTERNO-eleicoes copiar\">\n\t\t\t\t\t<\/div>\n\t\t\t\t<div class=\"overflow-hidden container-infancia w-full mx-auto flex flex-col xs:flex-row-reverse\">\n\t\t\t<div class=\"image-text__content relative flex flex-col justify-center items-start xm:w-1\/2 p-10 px-5  pr-0 xl:pl-20  lg:py-32\" style=\"background-color: #ffeed6 ;\">\n\t\t\t\t<div class=\"image-text__content-wrap\">\n\t\t\t\t\t\n\t\t\t\t\t\t\t\t\t\t\t<ul class=\"flex flex-col gap-8\">\n\t\t\t\t\t\t\t\t\t\t\t\t\t\t\t<li class=\"flex flex-col gap-3\">\n\t\t\t\t\t\t\t\t\t\t\t\t\t\t\t\t\t\t\t<h3 class=\"max-w-xs xl:max-w-xl text-2xl xl:text-3xg font-bold\"  style=\"color: #1e1d36;\">\n\t\t\t\t\t\t\t\t\t\t\tResults\t\t\t\t\t\t\t\t\t\t<\/h3>\n\t\t\t\t\t\t\t\t\t\n\t\t\t\t\t\t\t\t\t\t\t\t\t\t\t\t\t\t\t<p class=\"max-w-xl text-base xl:text-lg font-text\"  style=\"color: #1e1d36;\">\n\t\t\t\t\t\t\t\t\t\t\tNeste ano de elei\u00e7\u00f5es municipais, a Funda\u00e7\u00e3o disponibilizou seis recomenda\u00e7\u00f5es para os candidatos \u00e0s prefeituras baseadas em dados e evid\u00eancias que mostram o que \u00e9 necess\u00e1rio para desenvolver e implementar pol\u00edticas p\u00fablicas que priorizem as crian\u00e7as desde cedo. Os munic\u00edpios t\u00eam papel essencial nesse processo, pois \u00e9 por meio deles que as pol\u00edticas p\u00fablicas chegam at\u00e9 as crian\u00e7as e suas fam\u00edlias. Por isso, \u00e9 fundamental que as a\u00e7\u00f5es para a primeira inf\u00e2ncia estejam contempladas em todos os planos de governo.  \t\t\t\t\t\t\t\t\t\t<\/p>\n\t\t\t\t\t\t\t\t\t\n\t\t\t\t\t\t\t\t\t\t\t\t\t\t\t\t\t\t\t<a class=\"fmc-button fmc-button-secondary-marine fmc-button-small button-rounded button-fit\" href=\"https:\/\/primeirainfanciaprimeiro.fmcsv.org.br\/recomendacoes-eleicoes\/todas\/\" title=\"Conhe\u00e7a as recomenda\u00e7\u00f5es\" target=\"_blank\">\n\t\t\t\t\t\t\t\t\t\t\tConhe\u00e7a as recomenda\u00e7\u00f5es\t\t\t\t\t\t\t\t\t\t<\/a>\n\t\t\t\t\t\t\t\t\t\t\t\t\t\t\t\t\t<\/li>\n\t\t\t\t\t\t\t\t\t\t\t\t\t<\/ul>\n\t\t\t\t\t\t\t\t\t<\/div>\n\t\t\t<\/div>\n\n\t\t\t<div class=\"desktop relative h-auto xm:h-auto xm:w-1\/2\">\n\t\t\t\t\t\t\t\t\t<img decoding=\"async\" fetchpriority=\"high\" class=\"hidden xs:block w-full h-full object-cover\" src=\"https:\/\/hml-fundacaomariacecilia.codebit.biz\/wp-content\/uploads\/2024\/08\/cortada-PIP-INTERNO-eleicoes-copiar.webp\" srcset=\"https:\/\/hml-fundacaomariacecilia.codebit.biz\/wp-content\/uploads\/2024\/08\/cortada-PIP-INTERNO-eleicoes-copiar.webp\" alt=\"cortada-PIP-INTERNO-eleicoes copiar\">\n\t\t\t\t\t\t\t\t\t\t\t\t\t<img decoding=\"async\" fetchpriority=\"high\" class=\"xs:hidden w-full h-full\" src=\"https:\/\/hml-fundacaomariacecilia.codebit.biz\/wp-content\/uploads\/2024\/08\/cortada-PIP-INTERNO-eleicoes-copiar.webp\" srcset=\"https:\/\/hml-fundacaomariacecilia.codebit.biz\/wp-content\/uploads\/2024\/08\/cortada-PIP-INTERNO-eleicoes-copiar.webp\" alt=\"cortada-PIP-INTERNO-eleicoes copiar\">\n\t\t\t\t\t\t\t<\/div>\n\t\t<\/div>\n\t\t\t<\/section>","protected":false},"excerpt":{"rendered":"","protected":false},"author":5,"featured_media":0,"parent":371,"menu_order":0,"comment_status":"closed","ping_status":"closed","template":"page-portfolio.php","meta":{"footnotes":""},"class_list":["post-11159","page","type-page","status-publish","hentry"],"acf":[],"yoast_head":"<!-- This site is optimized with the Yoast SEO plugin v24.4 - https:\/\/yoast.com\/wordpress\/plugins\/seo\/ -->\n<title>Portal Primeira Inf\u00e2ncia em Dados - Funda\u00e7\u00e3o Maria Cecilia Souto Vidigal<\/title>\n<meta name=\"robots\" content=\"index, follow, max-snippet:-1, max-image-preview:large, max-video-preview:-1\" \/>\n<link rel=\"canonical\" href=\"https:\/\/hml-fundacaomariacecilia.codebit.biz\/en\/o-que-fazemos\/portal-primeira-infancia-em-dados\/\" \/>\n<meta property=\"og:locale\" content=\"en_US\" \/>\n<meta property=\"og:type\" content=\"article\" \/>\n<meta property=\"og:title\" content=\"Portal Primeira Inf\u00e2ncia em Dados - Funda\u00e7\u00e3o Maria Cecilia Souto Vidigal\" \/>\n<meta property=\"og:url\" content=\"https:\/\/hml-fundacaomariacecilia.codebit.biz\/en\/o-que-fazemos\/portal-primeira-infancia-em-dados\/\" \/>\n<meta property=\"og:site_name\" content=\"Funda\u00e7\u00e3o Maria Cecilia Souto Vidigal\" \/>\n<meta property=\"article:publisher\" content=\"https:\/\/www.facebook.com\/FundacaoMariaCeciliaSoutoVidigal\/\" \/>\n<meta property=\"article:modified_time\" content=\"2026-01-14T17:48:47+00:00\" \/>\n<meta name=\"twitter:card\" content=\"summary_large_image\" \/>\n<script type=\"application\/ld+json\" class=\"yoast-schema-graph\">{\"@context\":\"https:\/\/schema.org\",\"@graph\":[{\"@type\":\"WebPage\",\"@id\":\"https:\/\/hml-fundacaomariacecilia.codebit.biz\/o-que-fazemos\/portal-primeira-infancia-em-dados\/\",\"url\":\"https:\/\/hml-fundacaomariacecilia.codebit.biz\/o-que-fazemos\/portal-primeira-infancia-em-dados\/\",\"name\":\"Portal Primeira Inf\u00e2ncia em Dados - Funda\u00e7\u00e3o Maria Cecilia Souto Vidigal\",\"isPartOf\":{\"@id\":\"https:\/\/fmcsv.sandbox.dev.br\/#website\"},\"datePublished\":\"2024-08-07T13:52:14+00:00\",\"dateModified\":\"2026-01-14T17:48:47+00:00\",\"breadcrumb\":{\"@id\":\"https:\/\/hml-fundacaomariacecilia.codebit.biz\/o-que-fazemos\/portal-primeira-infancia-em-dados\/#breadcrumb\"},\"inLanguage\":\"en-US\",\"potentialAction\":[{\"@type\":\"ReadAction\",\"target\":[\"https:\/\/hml-fundacaomariacecilia.codebit.biz\/o-que-fazemos\/portal-primeira-infancia-em-dados\/\"]}]},{\"@type\":\"BreadcrumbList\",\"@id\":\"https:\/\/hml-fundacaomariacecilia.codebit.biz\/o-que-fazemos\/portal-primeira-infancia-em-dados\/#breadcrumb\",\"itemListElement\":[{\"@type\":\"ListItem\",\"position\":1,\"name\":\"In\u00edcio\",\"item\":\"https:\/\/hml-fundacaomariacecilia.codebit.biz\/\"},{\"@type\":\"ListItem\",\"position\":2,\"name\":\"O que fazemos\",\"item\":\"https:\/\/hml-fundacaomariacecilia.codebit.biz\/o-que-fazemos\/\"},{\"@type\":\"ListItem\",\"position\":3,\"name\":\"Portal Primeira Inf\u00e2ncia em Dados\"}]},{\"@type\":\"WebSite\",\"@id\":\"https:\/\/fmcsv.sandbox.dev.br\/#website\",\"url\":\"https:\/\/fmcsv.sandbox.dev.br\/\",\"name\":\"Funda\u00e7\u00e3o Maria Cecilia Souto Vidigal\",\"description\":\"Cuidar de cada crian\u00e7a \u00e9 cuidar do pa\u00eds inteiro\",\"publisher\":{\"@id\":\"https:\/\/fmcsv.sandbox.dev.br\/#organization\"},\"potentialAction\":[{\"@type\":\"SearchAction\",\"target\":{\"@type\":\"EntryPoint\",\"urlTemplate\":\"https:\/\/fmcsv.sandbox.dev.br\/?s={search_term_string}\"},\"query-input\":{\"@type\":\"PropertyValueSpecification\",\"valueRequired\":true,\"valueName\":\"search_term_string\"}}],\"inLanguage\":\"en-US\"},{\"@type\":\"Organization\",\"@id\":\"https:\/\/fmcsv.sandbox.dev.br\/#organization\",\"name\":\"Funda\u00e7\u00e3o Maria Cecilia Souto Vidigal\",\"url\":\"https:\/\/fmcsv.sandbox.dev.br\/\",\"logo\":{\"@type\":\"ImageObject\",\"inLanguage\":\"en-US\",\"@id\":\"https:\/\/fmcsv.sandbox.dev.br\/#\/schema\/logo\/image\/\",\"url\":\"https:\/\/hml-fundacaomariacecilia.codebit.biz\/wp-content\/uploads\/2024\/04\/Logo.svg\",\"contentUrl\":\"https:\/\/hml-fundacaomariacecilia.codebit.biz\/wp-content\/uploads\/2024\/04\/Logo.svg\",\"caption\":\"Funda\u00e7\u00e3o Maria Cecilia Souto Vidigal\"},\"image\":{\"@id\":\"https:\/\/fmcsv.sandbox.dev.br\/#\/schema\/logo\/image\/\"},\"sameAs\":[\"https:\/\/www.facebook.com\/FundacaoMariaCeciliaSoutoVidigal\/\",\"https:\/\/www.linkedin.com\/company\/fmcsv\/\",\"https:\/\/www.instagram.com\/fundacaomariacecilia\/\"]}]}<\/script>\n<!-- \/ Yoast SEO plugin. -->","yoast_head_json":{"title":"Portal Primeira Inf\u00e2ncia em Dados - Funda\u00e7\u00e3o Maria Cecilia Souto Vidigal","robots":{"index":"index","follow":"follow","max-snippet":"max-snippet:-1","max-image-preview":"max-image-preview:large","max-video-preview":"max-video-preview:-1"},"canonical":"https:\/\/hml-fundacaomariacecilia.codebit.biz\/en\/o-que-fazemos\/portal-primeira-infancia-em-dados\/","og_locale":"en_US","og_type":"article","og_title":"Portal Primeira Inf\u00e2ncia em Dados - Funda\u00e7\u00e3o Maria Cecilia Souto Vidigal","og_url":"https:\/\/hml-fundacaomariacecilia.codebit.biz\/en\/o-que-fazemos\/portal-primeira-infancia-em-dados\/","og_site_name":"Funda\u00e7\u00e3o Maria Cecilia Souto Vidigal","article_publisher":"https:\/\/www.facebook.com\/FundacaoMariaCeciliaSoutoVidigal\/","article_modified_time":"2026-01-14T17:48:47+00:00","twitter_card":"summary_large_image","schema":{"@context":"https:\/\/schema.org","@graph":[{"@type":"WebPage","@id":"https:\/\/hml-fundacaomariacecilia.codebit.biz\/o-que-fazemos\/portal-primeira-infancia-em-dados\/","url":"https:\/\/hml-fundacaomariacecilia.codebit.biz\/o-que-fazemos\/portal-primeira-infancia-em-dados\/","name":"Portal Primeira Inf\u00e2ncia em Dados - Funda\u00e7\u00e3o Maria Cecilia Souto Vidigal","isPartOf":{"@id":"https:\/\/fmcsv.sandbox.dev.br\/#website"},"datePublished":"2024-08-07T13:52:14+00:00","dateModified":"2026-01-14T17:48:47+00:00","breadcrumb":{"@id":"https:\/\/hml-fundacaomariacecilia.codebit.biz\/o-que-fazemos\/portal-primeira-infancia-em-dados\/#breadcrumb"},"inLanguage":"en-US","potentialAction":[{"@type":"ReadAction","target":["https:\/\/hml-fundacaomariacecilia.codebit.biz\/o-que-fazemos\/portal-primeira-infancia-em-dados\/"]}]},{"@type":"BreadcrumbList","@id":"https:\/\/hml-fundacaomariacecilia.codebit.biz\/o-que-fazemos\/portal-primeira-infancia-em-dados\/#breadcrumb","itemListElement":[{"@type":"ListItem","position":1,"name":"In\u00edcio","item":"https:\/\/hml-fundacaomariacecilia.codebit.biz\/"},{"@type":"ListItem","position":2,"name":"O que fazemos","item":"https:\/\/hml-fundacaomariacecilia.codebit.biz\/o-que-fazemos\/"},{"@type":"ListItem","position":3,"name":"Portal Primeira Inf\u00e2ncia em Dados"}]},{"@type":"WebSite","@id":"https:\/\/fmcsv.sandbox.dev.br\/#website","url":"https:\/\/fmcsv.sandbox.dev.br\/","name":"Funda\u00e7\u00e3o Maria Cecilia Souto Vidigal","description":"Caring for every child is caring for the whole country","publisher":{"@id":"https:\/\/fmcsv.sandbox.dev.br\/#organization"},"potentialAction":[{"@type":"SearchAction","target":{"@type":"EntryPoint","urlTemplate":"https:\/\/fmcsv.sandbox.dev.br\/?s={search_term_string}"},"query-input":{"@type":"PropertyValueSpecification","valueRequired":true,"valueName":"search_term_string"}}],"inLanguage":"en-US"},{"@type":"Organization","@id":"https:\/\/fmcsv.sandbox.dev.br\/#organization","name":"Funda\u00e7\u00e3o Maria Cecilia Souto Vidigal","url":"https:\/\/fmcsv.sandbox.dev.br\/","logo":{"@type":"ImageObject","inLanguage":"en-US","@id":"https:\/\/fmcsv.sandbox.dev.br\/#\/schema\/logo\/image\/","url":"https:\/\/hml-fundacaomariacecilia.codebit.biz\/wp-content\/uploads\/2024\/04\/Logo.svg","contentUrl":"https:\/\/hml-fundacaomariacecilia.codebit.biz\/wp-content\/uploads\/2024\/04\/Logo.svg","caption":"Funda\u00e7\u00e3o Maria Cecilia Souto Vidigal"},"image":{"@id":"https:\/\/fmcsv.sandbox.dev.br\/#\/schema\/logo\/image\/"},"sameAs":["https:\/\/www.facebook.com\/FundacaoMariaCeciliaSoutoVidigal\/","https:\/\/www.linkedin.com\/company\/fmcsv\/","https:\/\/www.instagram.com\/fundacaomariacecilia\/"]}]}},"_links":{"self":[{"href":"https:\/\/hml-fundacaomariacecilia.codebit.biz\/en\/wp-json\/wp\/v2\/pages\/11159"}],"collection":[{"href":"https:\/\/hml-fundacaomariacecilia.codebit.biz\/en\/wp-json\/wp\/v2\/pages"}],"about":[{"href":"https:\/\/hml-fundacaomariacecilia.codebit.biz\/en\/wp-json\/wp\/v2\/types\/page"}],"author":[{"embeddable":true,"href":"https:\/\/hml-fundacaomariacecilia.codebit.biz\/en\/wp-json\/wp\/v2\/users\/5"}],"replies":[{"embeddable":true,"href":"https:\/\/hml-fundacaomariacecilia.codebit.biz\/en\/wp-json\/wp\/v2\/comments?post=11159"}],"version-history":[{"count":45,"href":"https:\/\/hml-fundacaomariacecilia.codebit.biz\/en\/wp-json\/wp\/v2\/pages\/11159\/revisions"}],"predecessor-version":[{"id":13677,"href":"https:\/\/hml-fundacaomariacecilia.codebit.biz\/en\/wp-json\/wp\/v2\/pages\/11159\/revisions\/13677"}],"up":[{"embeddable":true,"href":"https:\/\/hml-fundacaomariacecilia.codebit.biz\/en\/wp-json\/wp\/v2\/pages\/371"}],"wp:attachment":[{"href":"https:\/\/hml-fundacaomariacecilia.codebit.biz\/en\/wp-json\/wp\/v2\/media?parent=11159"}],"curies":[{"name":"wp","href":"https:\/\/api.w.org\/{rel}","templated":true}]}}