{"id":11114,"date":"2024-08-07T10:31:06","date_gmt":"2024-08-07T13:31:06","guid":{"rendered":"https:\/\/hml-fundacaomariacecilia.codebit.biz\/?page_id=11114"},"modified":"2024-08-07T10:42:30","modified_gmt":"2024-08-07T13:42:30","slug":"posicionamento-homeschooling","status":"publish","type":"page","link":"https:\/\/hml-fundacaomariacecilia.codebit.biz\/en\/o-que-fazemos\/posicionamento-homeschooling\/","title":{"rendered":"Posicionamento contra o homescholling"},"content":{"rendered":"<section id=\"block_27b3e40e4466fe4160e18f49ebc4f659\"\n\t\t\t class=\"hero-background-axios padding-top-0 padding-bottom-0 padding-top-mobile-0 padding-bottom-mobile-0 hero-background-text relative w-full object-cover flex flex-col justify-center items-center overflow-x-hidden\">\n\t\t<div class=\"relative w-full min-h-398 flex flex-col justify-end items-center object-cover overflow-x-hidden\">\n\t\t\t\t\t\t\t\t\t\t\t\t<img decoding=\"async\" fetchpriority=\"high\"\n\t\t\t\t\t\t class=\"absolute top-0 right-0 bottom-0 w-full h-full object-cover bg-no-repeat z-0\"\n\t\t\t\t\t\t src=\"https:\/\/hml-fundacaomariacecilia.codebit.biz\/wp-content\/uploads\/2024\/08\/cortada-homeschooling-CAPA-foto-carol-gherardi-fundacao-maria-cecilia-souto-vidigal-vfinal-scaled.jpg\"\n\t\t\t\t\t\t srcset=\"https:\/\/hml-fundacaomariacecilia.codebit.biz\/wp-content\/uploads\/2024\/08\/cortada-homeschooling-CAPA-foto-carol-gherardi-fundacao-maria-cecilia-souto-vidigal-vfinal-scaled.jpg\"\n\t\t\t\t\t\t alt=\"cortada-homeschooling-CAPA-foto-carol gherardi-fundacao-maria-cecilia-souto-vidigal-vfinal\">\n\t\t\t\t\t\t\t\t\t\t\t\t\t\t\t\t\t\t<div class=\"absolute top-0 right-0 mr-3 sm:mr-32 bg-gray-100 border-0 rounded-b-20\">\n\t\t\t\t<p class=\"text-marine text-lg px-6 font-heading font-bold text-center\">Forma de atua\u00e7\u00e3o:<\/p>\n\t\t\t\t<p class=\"text-3xl text-marine font-heading text-center px-5\">Mobilizing Leaders<\/p>\n\t\t\t\t<div class=\"popupAxiosBot h-4 border-0 rounded-b-20\"><\/div>\n\t\t\t\t\t\t\t<\/div>\n\n\t\t\t<div class=\"relative w-full flex flex-col pb-9 lg:pb-12 z-20\">\n\t\t\t\t<div class=\"container mx-auto\">\n\t\t\t\t\t\t\t\t\t\t\t\t\t\t\t\t<h2 class=\"text-2xl lg:text-5xl lg:text-5xl text-white font-heading font-bold max-w-md sm:max-w-xl 1024:max-w-4xl xl:max-w-6xl leading-none mt-4 pt-6\">\n\t\t\t\t\t\t\tPosicionamento<br> contra o homescholling  \t\t\t\t\t\t<\/h2>\n\t\t\t\t\t\t\t\t\t\t\t\t\t\t<\/div>\n\t\t\t<\/div>\n\t\t<\/div>\n\n\n\t\t<div class=\"bg-gray-100 relative w-full py-16 z-20\">\n\t\t\t<div class=\"bootstrap-wrapper container\">\n\t\t\t\t\t\t\t\t\t<div class=\"row\">\n\t\t\t\t\t\t<div class=\"col-12 px-0\">\n\t\t\t\t\t\t\t<p class=\"hero-background-axios__tag\">\n\t\t\t\t\t\t\t\t<span>Status:<\/span> Em andamento\t\t\t\t\t\t\t<\/p>\n\t\t\t\t\t\t<\/div>\n\t\t\t\t\t<\/div>\n\t\t\t\t\n\t\t\t\t\t\t\t\t\t<ul class=\"row\">\n\t\t\t\t\t\t\t\t\t\t\t\t\t<li class=\"col-12 col-md-4\">\n\t\t\t\t\t\t\t\t\n\t\t\t\t\t\t\t\t<div class=\"mt-10\">\n\t\t\t\t\t\t\t\t\t\t\t\t\t\t\t\t\t\t\t<h3 class=\"text-xl text-marine  font-heading font-bold leading-tight\">\n\t\t\t\t\t\t\t\t\t\t\tObjetivo\t\t\t\t\t\t\t\t\t\t<\/h3>\n\t\t\t\t\t\t\t\t\t\t\t\t\t\t\t\t\t\t\t\t\t\t\t\t\t\t\t\t<p class=\"text-base text-marine leading-loose tracking-wide font-normal mt-4\">\n\t\t\t\t\t\t\t\t\t\t\tSensibilizar e mobilizar a classe pol\u00edtica e a sociedade contra o projeto de lei que disp\u00f5e sobre o ensino domiciliar na educa\u00e7\u00e3o b\u00e1sica \t\t\t\t\t\t\t\t\t\t<\/p>\n\t\t\t\t\t\t\t\t\t\t\t\t\t\t\t\t\t<\/div>\n\t\t\t\t\t\t\t<\/li>\n\t\t\t\t\t\t\t\t\t\t\t\t\t<li class=\"col-12 col-md-4\">\n\t\t\t\t\t\t\t\t\n\t\t\t\t\t\t\t\t<div class=\"mt-10\">\n\t\t\t\t\t\t\t\t\t\t\t\t\t\t\t\t\t\t\t<h3 class=\"text-xl text-marine  font-heading font-bold leading-tight\">\n\t\t\t\t\t\t\t\t\t\t\tP\u00fablico\t\t\t\t\t\t\t\t\t\t<\/h3>\n\t\t\t\t\t\t\t\t\t\t\t\t\t\t\t\t\t\t\t\t\t\t\t\t\t\t\t\t<p class=\"text-base text-marine leading-loose tracking-wide font-normal mt-4\">\n\t\t\t\t\t\t\t\t\t\t\tGestores p\u00fablicos, formadores de opini\u00e3o e sociedade \t\t\t\t\t\t\t\t\t\t<\/p>\n\t\t\t\t\t\t\t\t\t\t\t\t\t\t\t\t\t<\/div>\n\t\t\t\t\t\t\t<\/li>\n\t\t\t\t\t\t\t\t\t\t\t\t\t<li class=\"col-12 col-md-4\">\n\t\t\t\t\t\t\t\t\n\t\t\t\t\t\t\t\t<div class=\"mt-10\">\n\t\t\t\t\t\t\t\t\t\t\t\t\t\t\t\t\t\t\t<h3 class=\"text-xl text-marine  font-heading font-bold leading-tight\">\n\t\t\t\t\t\t\t\t\t\t\tPartners\t\t\t\t\t\t\t\t\t\t<\/h3>\n\t\t\t\t\t\t\t\t\t\t\t\t\t\t\t\t\t\t\t\t\t\t\t\t\t\t<\/div>\n\t\t\t\t\t\t\t<\/li>\n\t\t\t\t\t\t\t\t\t\t\t<\/ul>\n\t\t\t\t\t\t\t<\/div>\n\t\t<\/div>\n\t<\/section>\n\t\n\n\t<section id=\"block_e32ce8925fd76dd7e612d3d0dd22369b\" class=\"white-block white-block--axis-page padding-top-0 padding-bottom-40 padding-top-mobile-80 padding-bottom-mobile-80 white-block relative w-full overflow-hidden\">\n\t\t<div class=\"w-full bg_history\">\n\t\t\t<div class=\"container mx-auto\">\n\t\t\t\t<div class=\"w-full flex flex-col items-center gap-8 mx-auto xm:max-w-4lg xl:max-w-5xl\">\n\t\t\t\t\t\n\t\t\t\t\t\t\t\t\t\t\t<p class=\"white-block__p-content\t\t\t\t\t\tw-full\t\t\t\t\t\ttext-base\t\t\t\t\t\ttext-marine\t\t\t\t\t\tleading-7\t\t\t\t\t\tfont-text\t\t\t\t\t\trelative\t\t\t\t\t\tsm:m-auto\t\t\t\t\t\tsm:text-justify\t\t\t\t\t\tlg:text-xl\t\t\t\t\t\txm:text-lg\t\t\t\t\t\txl:text-lg\t\t\t\t\t\tz-10\">\n\t\t\t\t\t\t\tA Funda\u00e7\u00e3o acompanha e se posiciona contra a aprova\u00e7\u00e3o do projeto de lei que permite o ensino domiciliar na educa\u00e7\u00e3o b\u00e1sica. O texto j\u00e1 foi aprovado na C\u00e2mara dos Deputados e agora est\u00e1 em tramita\u00e7\u00e3o no Senado. <br \/>\r\n<br \/>\r\nEvid\u00eancias indicam que o homeschooling, educa\u00e7\u00e3o realizada exclusivamente em casa sob a responsabilidade das fam\u00edlias, pode prejudicar o desenvolvimento integral das crian\u00e7as, aumentando desigualdades sociais e educacionais e fragilizando seu acesso \u00e0 prote\u00e7\u00e3o, sa\u00fade e alimenta\u00e7\u00e3o.\t\t\t\t\t\t<\/p>\n\t\t\t\t\t\n\t\t\t\t\t\t\t\t\t<\/div>\n\t\t\t<\/div>\n\t\t<\/div>\n\t<\/section>\n\t\n\n\n<section id=\"block_24f0f5210c452d8cc2237b9599efe752\" class=\"block-slider-library-dynamic  padding-top-20  padding-bottom-0  padding-top-mobile-80  padding-bottom-mobile-80 alignwide\">\n\t<div class=\"mx-auto\">\n\n\t\t\t\t\t<div class=\"px-0 library-dynamic--header\">\n\t\t\t\t<div class=\"flex items-start\">\n\t\t\t\t\t<div class=\"flex-1\">\n\t\t\t\t\t\t<h2 class=\"library-dynamic--title\">Para saber mais<\/h2>\n\t\t\t\t\t<\/div>\n\n\t\t\t\t\t\t\t\t\t\t\t<div class=\"flex-1 self-center text-right\">\n\t\t\t\t\t\t\t<a href=\"https:\/\/www1.folha.uol.com.br\/colunas\/papo-de-responsa\/2023\/12\/os-riscos-do-homeschooling-para-a-seguranca-das-criancas.shtml\"\n\t\t\t\t\t\t\ttitle=\"Leia artigo escrito pela Funda\u00e7\u00e3o e publicado pelo jornal Folha de S.Paulo\"\n\t\t\t\t\t\t\ttarget=\"_blank\"\n\t\t\t\t\t\t\tclass=\"library-dynamic--button fmc-button fmc-button-text-marine underline\"\n                            style=\"text-underline-offset: 5px; font-family: 'Century Gothic Bold', sans-serif\">Leia artigo escrito pela Funda\u00e7\u00e3o e publicado pelo jornal Folha de S.Paulo<\/a>\n\t\t\t\t\t\t<\/div>\n\t\t\t\t\t\t\t\t\t<\/div>\n\t\t\t<\/div>\n\t\t\n\t\t<div>\n\t\t\t<div class=\"owl-carousel owl-theme js-slider-library-dynamic slide-number-58894248\"\n\t\t\t     data-cols=\"one\"\n\t\t\t     data-slick-id=\"58894248\">\n\t\t\t\t\t\t\t<\/div>\n\t\t<\/div>\n\n<!--\t\t--><!--\t\t\t<div class=\"text-left mt-4 hidden\">-->\n<!--\t\t\t\t<a href=\"--><!--\"-->\n<!--\t\t\t\ttitle=\"--><!--\"-->\n<!--\t\t\t\ttarget=\"--><!--\"-->\n<!--\t\t\t\tclass=\"library-dynamic--button fmc-button fmc-button-small fmc-button-text-marine underline\">--><!--<\/a>-->\n<!--\t\t\t<\/div>-->\n<!--\t\t-->\n\t<\/div>\n<\/section>\n\n\n\n\t<section id=\"block_19d8c515db3c25188203d55f77c668e2\" class=\"image-text padding-top-80 padding-bottom-80 padding-top-mobile-0 padding-bottom-mobile-80 image-text relative w-full py-20 overflow-hidden\">\n\t\t<div class=\"mobile relative h-auto xm:h-auto xm:w-1\/2\">\n\t\t\t\t\t\t\t<img decoding=\"async\" fetchpriority=\"high\" class=\"hidden xs:block w-full h-full object-cover\" src=\"https:\/\/hml-fundacaomariacecilia.codebit.biz\/wp-content\/uploads\/2024\/08\/cortada-homeschooling-INTERNA-foto-carol-gherardi-fundacao-maria-cecilia-souto-vidigal-copiar-scaled.webp\" srcset=\"https:\/\/hml-fundacaomariacecilia.codebit.biz\/wp-content\/uploads\/2024\/08\/cortada-homeschooling-INTERNA-foto-carol-gherardi-fundacao-maria-cecilia-souto-vidigal-copiar-scaled.webp\" alt=\"cortada-homeschooling-INTERNA-foto-carol gherardi-fundacao-maria-cecilia-souto-vidigal copiar\">\n\t\t\t\t\t\t\t\t\t\t<img decoding=\"async\" fetchpriority=\"high\" class=\"xs:hidden w-full h-full\" src=\"https:\/\/hml-fundacaomariacecilia.codebit.biz\/wp-content\/uploads\/2024\/08\/cortada-homeschooling-INTERNA-foto-carol-gherardi-fundacao-maria-cecilia-souto-vidigal-copiar-scaled.webp\" srcset=\"https:\/\/hml-fundacaomariacecilia.codebit.biz\/wp-content\/uploads\/2024\/08\/cortada-homeschooling-INTERNA-foto-carol-gherardi-fundacao-maria-cecilia-souto-vidigal-copiar-scaled.webp\" alt=\"cortada-homeschooling-INTERNA-foto-carol gherardi-fundacao-maria-cecilia-souto-vidigal copiar\">\n\t\t\t\t\t<\/div>\n\t\t\t\t<div class=\"overflow-hidden container-infancia w-full mx-auto flex flex-col xm:flex-row\">\n\t\t\t<div class=\"image-text__content relative flex flex-col justify-center items-start xm:w-1\/2 p-10 px-5 px-10 1024:pl-16  lg:py-32\" style=\"background-color: #e6e4e4 ;\">\n\t\t\t\t<div class=\"image-text__content-wrap\">\n\t\t\t\t\t\n\t\t\t\t\t\t\t\t\t\t\t<ul class=\"flex flex-col gap-8\">\n\t\t\t\t\t\t\t\t\t\t\t\t\t\t\t<li class=\"flex flex-col gap-3\">\n\t\t\t\t\t\t\t\t\t\t\t\t\t\t\t\t\t\t\t<h3 class=\"max-w-xs xl:max-w-xl text-2xl xl:text-3xg font-bold\"  style=\"color: #1e1d36;\">\n\t\t\t\t\t\t\t\t\t\t\tResults\t\t\t\t\t\t\t\t\t\t<\/h3>\n\t\t\t\t\t\t\t\t\t\n\t\t\t\t\t\t\t\t\t\t\t\t\t\t\t\t\t\t\t<p class=\"max-w-xl text-base xl:text-lg font-text\"  style=\"color: #1e1d36;\">\n\t\t\t\t\t\t\t\t\t\t\tA Funda\u00e7\u00e3o continua lutando contra a aprova\u00e7\u00e3o do projeto do homeschooling em coaliz\u00e3o com outras institui\u00e7\u00f5es que buscam garantir os direitos das crian\u00e7as e adolescentes e promover uma educa\u00e7\u00e3o equitativa no pa\u00eds. Em dezembro de 2023, o projeto de lei foi debatido em tr\u00eas audi\u00eancias p\u00fablicas convocadas pela Comiss\u00e3o de Educa\u00e7\u00e3o do Senado. Na \u00faltima dessas reuni\u00f5es, a Funda\u00e7\u00e3o participou e reafirmou sua oposi\u00e7\u00e3o ao texto. \t\t\t\t\t\t\t\t\t\t<\/p>\n\t\t\t\t\t\t\t\t\t\n\t\t\t\t\t\t\t\t\t\t\t\t\t\t\t\t\t\t\t<a class=\"fmc-button fmc-button-secondary-marine fmc-button-small button-rounded button-fit\" href=\"https:\/\/hml-fundacaomariacecilia.codebit.biz\/en\/noticias\/posicionamento-da-fmcsv-sobre-pl-1-338-2022-que-propoe-a-regulamentacao-do-ensino-domiciliar\/\" title=\"Leia o posicionamento da Funda\u00e7\u00e3o\" target=\"_blank\">\n\t\t\t\t\t\t\t\t\t\t\tLeia o posicionamento da Funda\u00e7\u00e3o\t\t\t\t\t\t\t\t\t\t<\/a>\n\t\t\t\t\t\t\t\t\t\t\t\t\t\t\t\t\t<\/li>\n\t\t\t\t\t\t\t\t\t\t\t\t\t<\/ul>\n\t\t\t\t\t\t\t\t\t<\/div>\n\t\t\t<\/div>\n\n\t\t\t<div class=\"desktop relative h-auto xm:h-auto xm:w-1\/2\">\n\t\t\t\t\t\t\t\t\t<img decoding=\"async\" fetchpriority=\"high\" class=\"hidden xs:block w-full h-full object-cover\" src=\"https:\/\/hml-fundacaomariacecilia.codebit.biz\/wp-content\/uploads\/2024\/08\/cortada-homeschooling-INTERNA-foto-carol-gherardi-fundacao-maria-cecilia-souto-vidigal-copiar-scaled.webp\" srcset=\"https:\/\/hml-fundacaomariacecilia.codebit.biz\/wp-content\/uploads\/2024\/08\/cortada-homeschooling-INTERNA-foto-carol-gherardi-fundacao-maria-cecilia-souto-vidigal-copiar-scaled.webp\" alt=\"cortada-homeschooling-INTERNA-foto-carol gherardi-fundacao-maria-cecilia-souto-vidigal copiar\">\n\t\t\t\t\t\t\t\t\t\t\t\t\t<img decoding=\"async\" fetchpriority=\"high\" class=\"xs:hidden w-full h-full\" src=\"https:\/\/hml-fundacaomariacecilia.codebit.biz\/wp-content\/uploads\/2024\/08\/cortada-homeschooling-INTERNA-foto-carol-gherardi-fundacao-maria-cecilia-souto-vidigal-copiar-scaled.webp\" srcset=\"https:\/\/hml-fundacaomariacecilia.codebit.biz\/wp-content\/uploads\/2024\/08\/cortada-homeschooling-INTERNA-foto-carol-gherardi-fundacao-maria-cecilia-souto-vidigal-copiar-scaled.webp\" alt=\"cortada-homeschooling-INTERNA-foto-carol gherardi-fundacao-maria-cecilia-souto-vidigal copiar\">\n\t\t\t\t\t\t\t<\/div>\n\t\t<\/div>\n\t\t\t<\/section>","protected":false},"excerpt":{"rendered":"","protected":false},"author":5,"featured_media":0,"parent":371,"menu_order":0,"comment_status":"closed","ping_status":"closed","template":"page-portfolio.php","meta":{"footnotes":""},"class_list":["post-11114","page","type-page","status-publish","hentry"],"acf":[],"yoast_head":"<!-- This site is optimized with the Yoast SEO plugin v24.4 - https:\/\/yoast.com\/wordpress\/plugins\/seo\/ -->\n<title>Posicionamento contra o homescholling - Funda\u00e7\u00e3o Maria Cecilia Souto Vidigal<\/title>\n<meta name=\"robots\" content=\"index, follow, max-snippet:-1, max-image-preview:large, max-video-preview:-1\" \/>\n<link rel=\"canonical\" href=\"https:\/\/hml-fundacaomariacecilia.codebit.biz\/en\/o-que-fazemos\/posicionamento-homeschooling\/\" \/>\n<meta property=\"og:locale\" content=\"en_US\" \/>\n<meta property=\"og:type\" content=\"article\" \/>\n<meta property=\"og:title\" content=\"Posicionamento contra o homescholling - Funda\u00e7\u00e3o Maria Cecilia Souto Vidigal\" \/>\n<meta property=\"og:url\" content=\"https:\/\/hml-fundacaomariacecilia.codebit.biz\/en\/o-que-fazemos\/posicionamento-homeschooling\/\" \/>\n<meta property=\"og:site_name\" content=\"Funda\u00e7\u00e3o Maria Cecilia Souto Vidigal\" \/>\n<meta property=\"article:publisher\" content=\"https:\/\/www.facebook.com\/FundacaoMariaCeciliaSoutoVidigal\/\" \/>\n<meta property=\"article:modified_time\" content=\"2024-08-07T13:42:30+00:00\" \/>\n<meta name=\"twitter:card\" content=\"summary_large_image\" \/>\n<script type=\"application\/ld+json\" class=\"yoast-schema-graph\">{\"@context\":\"https:\/\/schema.org\",\"@graph\":[{\"@type\":\"WebPage\",\"@id\":\"https:\/\/hml-fundacaomariacecilia.codebit.biz\/o-que-fazemos\/posicionamento-homeschooling\/\",\"url\":\"https:\/\/hml-fundacaomariacecilia.codebit.biz\/o-que-fazemos\/posicionamento-homeschooling\/\",\"name\":\"Posicionamento contra o homescholling - Funda\u00e7\u00e3o Maria Cecilia Souto Vidigal\",\"isPartOf\":{\"@id\":\"https:\/\/fmcsv.sandbox.dev.br\/#website\"},\"datePublished\":\"2024-08-07T13:31:06+00:00\",\"dateModified\":\"2024-08-07T13:42:30+00:00\",\"breadcrumb\":{\"@id\":\"https:\/\/hml-fundacaomariacecilia.codebit.biz\/o-que-fazemos\/posicionamento-homeschooling\/#breadcrumb\"},\"inLanguage\":\"en-US\",\"potentialAction\":[{\"@type\":\"ReadAction\",\"target\":[\"https:\/\/hml-fundacaomariacecilia.codebit.biz\/o-que-fazemos\/posicionamento-homeschooling\/\"]}]},{\"@type\":\"BreadcrumbList\",\"@id\":\"https:\/\/hml-fundacaomariacecilia.codebit.biz\/o-que-fazemos\/posicionamento-homeschooling\/#breadcrumb\",\"itemListElement\":[{\"@type\":\"ListItem\",\"position\":1,\"name\":\"In\u00edcio\",\"item\":\"https:\/\/hml-fundacaomariacecilia.codebit.biz\/\"},{\"@type\":\"ListItem\",\"position\":2,\"name\":\"O que fazemos\",\"item\":\"https:\/\/hml-fundacaomariacecilia.codebit.biz\/o-que-fazemos\/\"},{\"@type\":\"ListItem\",\"position\":3,\"name\":\"Posicionamento contra o homescholling\"}]},{\"@type\":\"WebSite\",\"@id\":\"https:\/\/fmcsv.sandbox.dev.br\/#website\",\"url\":\"https:\/\/fmcsv.sandbox.dev.br\/\",\"name\":\"Funda\u00e7\u00e3o Maria Cecilia Souto Vidigal\",\"description\":\"Cuidar de cada crian\u00e7a \u00e9 cuidar do pa\u00eds inteiro\",\"publisher\":{\"@id\":\"https:\/\/fmcsv.sandbox.dev.br\/#organization\"},\"potentialAction\":[{\"@type\":\"SearchAction\",\"target\":{\"@type\":\"EntryPoint\",\"urlTemplate\":\"https:\/\/fmcsv.sandbox.dev.br\/?s={search_term_string}\"},\"query-input\":{\"@type\":\"PropertyValueSpecification\",\"valueRequired\":true,\"valueName\":\"search_term_string\"}}],\"inLanguage\":\"en-US\"},{\"@type\":\"Organization\",\"@id\":\"https:\/\/fmcsv.sandbox.dev.br\/#organization\",\"name\":\"Funda\u00e7\u00e3o Maria Cecilia Souto Vidigal\",\"url\":\"https:\/\/fmcsv.sandbox.dev.br\/\",\"logo\":{\"@type\":\"ImageObject\",\"inLanguage\":\"en-US\",\"@id\":\"https:\/\/fmcsv.sandbox.dev.br\/#\/schema\/logo\/image\/\",\"url\":\"https:\/\/hml-fundacaomariacecilia.codebit.biz\/wp-content\/uploads\/2024\/04\/Logo.svg\",\"contentUrl\":\"https:\/\/hml-fundacaomariacecilia.codebit.biz\/wp-content\/uploads\/2024\/04\/Logo.svg\",\"caption\":\"Funda\u00e7\u00e3o Maria Cecilia Souto Vidigal\"},\"image\":{\"@id\":\"https:\/\/fmcsv.sandbox.dev.br\/#\/schema\/logo\/image\/\"},\"sameAs\":[\"https:\/\/www.facebook.com\/FundacaoMariaCeciliaSoutoVidigal\/\",\"https:\/\/www.linkedin.com\/company\/fmcsv\/\",\"https:\/\/www.instagram.com\/fundacaomariacecilia\/\"]}]}<\/script>\n<!-- \/ Yoast SEO plugin. -->","yoast_head_json":{"title":"Posicionamento contra o homescholling - Funda\u00e7\u00e3o Maria Cecilia Souto Vidigal","robots":{"index":"index","follow":"follow","max-snippet":"max-snippet:-1","max-image-preview":"max-image-preview:large","max-video-preview":"max-video-preview:-1"},"canonical":"https:\/\/hml-fundacaomariacecilia.codebit.biz\/en\/o-que-fazemos\/posicionamento-homeschooling\/","og_locale":"en_US","og_type":"article","og_title":"Posicionamento contra o homescholling - Funda\u00e7\u00e3o Maria Cecilia Souto Vidigal","og_url":"https:\/\/hml-fundacaomariacecilia.codebit.biz\/en\/o-que-fazemos\/posicionamento-homeschooling\/","og_site_name":"Funda\u00e7\u00e3o Maria Cecilia Souto Vidigal","article_publisher":"https:\/\/www.facebook.com\/FundacaoMariaCeciliaSoutoVidigal\/","article_modified_time":"2024-08-07T13:42:30+00:00","twitter_card":"summary_large_image","schema":{"@context":"https:\/\/schema.org","@graph":[{"@type":"WebPage","@id":"https:\/\/hml-fundacaomariacecilia.codebit.biz\/o-que-fazemos\/posicionamento-homeschooling\/","url":"https:\/\/hml-fundacaomariacecilia.codebit.biz\/o-que-fazemos\/posicionamento-homeschooling\/","name":"Posicionamento contra o homescholling - Funda\u00e7\u00e3o Maria Cecilia Souto Vidigal","isPartOf":{"@id":"https:\/\/fmcsv.sandbox.dev.br\/#website"},"datePublished":"2024-08-07T13:31:06+00:00","dateModified":"2024-08-07T13:42:30+00:00","breadcrumb":{"@id":"https:\/\/hml-fundacaomariacecilia.codebit.biz\/o-que-fazemos\/posicionamento-homeschooling\/#breadcrumb"},"inLanguage":"en-US","potentialAction":[{"@type":"ReadAction","target":["https:\/\/hml-fundacaomariacecilia.codebit.biz\/o-que-fazemos\/posicionamento-homeschooling\/"]}]},{"@type":"BreadcrumbList","@id":"https:\/\/hml-fundacaomariacecilia.codebit.biz\/o-que-fazemos\/posicionamento-homeschooling\/#breadcrumb","itemListElement":[{"@type":"ListItem","position":1,"name":"In\u00edcio","item":"https:\/\/hml-fundacaomariacecilia.codebit.biz\/"},{"@type":"ListItem","position":2,"name":"O que fazemos","item":"https:\/\/hml-fundacaomariacecilia.codebit.biz\/o-que-fazemos\/"},{"@type":"ListItem","position":3,"name":"Posicionamento contra o homescholling"}]},{"@type":"WebSite","@id":"https:\/\/fmcsv.sandbox.dev.br\/#website","url":"https:\/\/fmcsv.sandbox.dev.br\/","name":"Funda\u00e7\u00e3o Maria Cecilia Souto Vidigal","description":"Caring for every child is caring for the whole country","publisher":{"@id":"https:\/\/fmcsv.sandbox.dev.br\/#organization"},"potentialAction":[{"@type":"SearchAction","target":{"@type":"EntryPoint","urlTemplate":"https:\/\/fmcsv.sandbox.dev.br\/?s={search_term_string}"},"query-input":{"@type":"PropertyValueSpecification","valueRequired":true,"valueName":"search_term_string"}}],"inLanguage":"en-US"},{"@type":"Organization","@id":"https:\/\/fmcsv.sandbox.dev.br\/#organization","name":"Funda\u00e7\u00e3o Maria Cecilia Souto Vidigal","url":"https:\/\/fmcsv.sandbox.dev.br\/","logo":{"@type":"ImageObject","inLanguage":"en-US","@id":"https:\/\/fmcsv.sandbox.dev.br\/#\/schema\/logo\/image\/","url":"https:\/\/hml-fundacaomariacecilia.codebit.biz\/wp-content\/uploads\/2024\/04\/Logo.svg","contentUrl":"https:\/\/hml-fundacaomariacecilia.codebit.biz\/wp-content\/uploads\/2024\/04\/Logo.svg","caption":"Funda\u00e7\u00e3o Maria Cecilia Souto Vidigal"},"image":{"@id":"https:\/\/fmcsv.sandbox.dev.br\/#\/schema\/logo\/image\/"},"sameAs":["https:\/\/www.facebook.com\/FundacaoMariaCeciliaSoutoVidigal\/","https:\/\/www.linkedin.com\/company\/fmcsv\/","https:\/\/www.instagram.com\/fundacaomariacecilia\/"]}]}},"_links":{"self":[{"href":"https:\/\/hml-fundacaomariacecilia.codebit.biz\/en\/wp-json\/wp\/v2\/pages\/11114"}],"collection":[{"href":"https:\/\/hml-fundacaomariacecilia.codebit.biz\/en\/wp-json\/wp\/v2\/pages"}],"about":[{"href":"https:\/\/hml-fundacaomariacecilia.codebit.biz\/en\/wp-json\/wp\/v2\/types\/page"}],"author":[{"embeddable":true,"href":"https:\/\/hml-fundacaomariacecilia.codebit.biz\/en\/wp-json\/wp\/v2\/users\/5"}],"replies":[{"embeddable":true,"href":"https:\/\/hml-fundacaomariacecilia.codebit.biz\/en\/wp-json\/wp\/v2\/comments?post=11114"}],"version-history":[{"count":13,"href":"https:\/\/hml-fundacaomariacecilia.codebit.biz\/en\/wp-json\/wp\/v2\/pages\/11114\/revisions"}],"predecessor-version":[{"id":11149,"href":"https:\/\/hml-fundacaomariacecilia.codebit.biz\/en\/wp-json\/wp\/v2\/pages\/11114\/revisions\/11149"}],"up":[{"embeddable":true,"href":"https:\/\/hml-fundacaomariacecilia.codebit.biz\/en\/wp-json\/wp\/v2\/pages\/371"}],"wp:attachment":[{"href":"https:\/\/hml-fundacaomariacecilia.codebit.biz\/en\/wp-json\/wp\/v2\/media?parent=11114"}],"curies":[{"name":"wp","href":"https:\/\/api.w.org\/{rel}","templated":true}]}}