{"id":10846,"date":"2024-08-06T20:49:36","date_gmt":"2024-08-06T23:49:36","guid":{"rendered":"https:\/\/hml-fundacaomariacecilia.codebit.biz\/?page_id=10846"},"modified":"2024-08-06T20:59:35","modified_gmt":"2024-08-06T23:59:35","slug":"recomposicao-aprendizagens-sobral-ceara","status":"publish","type":"page","link":"https:\/\/hml-fundacaomariacecilia.codebit.biz\/en\/o-que-fazemos\/recomposicao-aprendizagens-sobral-ceara\/","title":{"rendered":"Recomposi\u00e7\u00e3o das aprendizagens p\u00f3s-pandemia: um estudo em Sobral\/CE"},"content":{"rendered":"<section id=\"block_6634ca40d02f847ad67cc8aa1a50ef71\"\n\t\t\t class=\"hero-background-axios padding-top-0 padding-bottom-0 padding-top-mobile-0 padding-bottom-mobile-0 hero-background-text relative w-full object-cover flex flex-col justify-center items-center overflow-x-hidden\">\n\t\t<div class=\"relative w-full min-h-398 flex flex-col justify-end items-center object-cover overflow-x-hidden\">\n\t\t\t\t\t\t\t\t\t\t\t\t<img decoding=\"async\" fetchpriority=\"high\"\n\t\t\t\t\t\t class=\"absolute top-0 right-0 bottom-0 w-full h-full object-cover bg-no-repeat z-0\"\n\t\t\t\t\t\t src=\"https:\/\/hml-fundacaomariacecilia.codebit.biz\/wp-content\/uploads\/2024\/08\/capa-portfolio-recomposicao-aprendizagens-sobral.jpg\"\n\t\t\t\t\t\t srcset=\"https:\/\/hml-fundacaomariacecilia.codebit.biz\/wp-content\/uploads\/2024\/08\/capa-portfolio-recomposicao-aprendizagens-sobral.jpg\"\n\t\t\t\t\t\t alt=\"capa-portfolio-recomposicao-aprendizagens-sobral\">\n\t\t\t\t\t\t\t\t\t\t\t\t\t\t\t\t\t\t<div class=\"absolute top-0 right-0 mr-3 sm:mr-32 bg-gray-100 border-0 rounded-b-20\">\n\t\t\t\t<p class=\"text-marine text-lg px-6 font-heading font-bold text-center\">Forma de atua\u00e7\u00e3o:<\/p>\n\t\t\t\t<p class=\"text-3xl text-marine font-heading text-center px-5\">Knowledge Production<\/p>\n\t\t\t\t<div class=\"popupAxiosBot h-4 border-0 rounded-b-20\"><\/div>\n\t\t\t\t\t\t\t<\/div>\n\n\t\t\t<div class=\"relative w-full flex flex-col pb-9 lg:pb-12 z-20\">\n\t\t\t\t<div class=\"container mx-auto\">\n\t\t\t\t\t\t\t\t\t\t\t\t\t\t\t\t<h2 class=\"text-2xl lg:text-5xl lg:text-5xl text-white font-heading font-bold max-w-md sm:max-w-xl 1024:max-w-4xl xl:max-w-6xl leading-none mt-4 pt-6\">\n\t\t\t\t\t\t\tRecomposi\u00e7\u00e3o das aprendizagens p\u00f3s-pandemia: um estudo em Sobral\/CE\t\t\t\t\t\t<\/h2>\n\t\t\t\t\t\t\t\t\t\t\t\t\t\t<\/div>\n\t\t\t<\/div>\n\t\t<\/div>\n\n\n\t\t<div class=\"bg-gray-100 relative w-full py-16 z-20\">\n\t\t\t<div class=\"bootstrap-wrapper container\">\n\t\t\t\t\t\t\t\t\t<div class=\"row\">\n\t\t\t\t\t\t<div class=\"col-12 px-0\">\n\t\t\t\t\t\t\t<p class=\"hero-background-axios__tag\">\n\t\t\t\t\t\t\t\t<span>Status:<\/span> Conclu\u00eddo\t\t\t\t\t\t\t<\/p>\n\t\t\t\t\t\t<\/div>\n\t\t\t\t\t<\/div>\n\t\t\t\t\n\t\t\t\t\t\t\t\t\t<ul class=\"row\">\n\t\t\t\t\t\t\t\t\t\t\t\t\t<li class=\"col-12 col-md-4\">\n\t\t\t\t\t\t\t\t\n\t\t\t\t\t\t\t\t<div class=\"mt-10\">\n\t\t\t\t\t\t\t\t\t\t\t\t\t\t\t\t\t\t\t<h3 class=\"text-xl text-marine  font-heading font-bold leading-tight\">\n\t\t\t\t\t\t\t\t\t\t\tObjetivo\t\t\t\t\t\t\t\t\t\t<\/h3>\n\t\t\t\t\t\t\t\t\t\t\t\t\t\t\t\t\t\t\t\t\t\t\t\t\t\t\t\t<p class=\"text-base text-marine leading-loose tracking-wide font-normal mt-4\">\n\t\t\t\t\t\t\t\t\t\t\tIdentificar os efeitos da pandemia na aprendizagem, no desenvolvimento e no aumento das desigualdades educacionais \t\t\t\t\t\t\t\t\t\t<\/p>\n\t\t\t\t\t\t\t\t\t\t\t\t\t\t\t\t\t<\/div>\n\t\t\t\t\t\t\t<\/li>\n\t\t\t\t\t\t\t\t\t\t\t\t\t<li class=\"col-12 col-md-4\">\n\t\t\t\t\t\t\t\t\n\t\t\t\t\t\t\t\t<div class=\"mt-10\">\n\t\t\t\t\t\t\t\t\t\t\t\t\t\t\t\t\t\t\t<h3 class=\"text-xl text-marine  font-heading font-bold leading-tight\">\n\t\t\t\t\t\t\t\t\t\t\tP\u00fablico\t\t\t\t\t\t\t\t\t\t<\/h3>\n\t\t\t\t\t\t\t\t\t\t\t\t\t\t\t\t\t\t\t\t\t\t\t\t\t\t\t\t<p class=\"text-base text-marine leading-loose tracking-wide font-normal mt-4\">\n\t\t\t\t\t\t\t\t\t\t\tGestores p\u00fablicos do Executivo Estadual\t\t\t\t\t\t\t\t\t\t<\/p>\n\t\t\t\t\t\t\t\t\t\t\t\t\t\t\t\t\t<\/div>\n\t\t\t\t\t\t\t<\/li>\n\t\t\t\t\t\t\t\t\t\t\t\t\t<li class=\"col-12 col-md-4\">\n\t\t\t\t\t\t\t\t\n\t\t\t\t\t\t\t\t<div class=\"mt-10\">\n\t\t\t\t\t\t\t\t\t\t\t\t\t\t\t\t\t\t\t<h3 class=\"text-xl text-marine  font-heading font-bold leading-tight\">\n\t\t\t\t\t\t\t\t\t\t\tPartners\t\t\t\t\t\t\t\t\t\t<\/h3>\n\t\t\t\t\t\t\t\t\t\t\t\t\t\t\t\t\t\t\t\t\t\t\t\t\t\t\t\t<p class=\"text-base text-marine leading-loose tracking-wide font-normal mt-4\">\n\t\t\t\t\t\t\t\t\t\t\tLaborat\u00f3rio de Pesquisa em Oportunidades Educacionais (LaPOpE\/UFRJ)\t\t\t\t\t\t\t\t\t\t<\/p>\n\t\t\t\t\t\t\t\t\t\t\t\t\t\t\t\t\t<\/div>\n\t\t\t\t\t\t\t<\/li>\n\t\t\t\t\t\t\t\t\t\t\t<\/ul>\n\t\t\t\t\t\t\t<\/div>\n\t\t<\/div>\n\t<\/section>\n\t\n\n\t<section id=\"block_2bbefde1c445dee93024811f78c4dc9a\" class=\"white-block white-block--axis-page padding-top-0 padding-bottom-40 padding-top-mobile-80 padding-bottom-mobile-80 white-block relative w-full overflow-hidden\">\n\t\t<div class=\"w-full bg_history\">\n\t\t\t<div class=\"container mx-auto\">\n\t\t\t\t<div class=\"w-full flex flex-col items-center gap-8 mx-auto xm:max-w-4lg xl:max-w-5xl\">\n\t\t\t\t\t\n\t\t\t\t\t\t\t\t\t\t\t<p class=\"white-block__p-content\t\t\t\t\t\tw-full\t\t\t\t\t\ttext-base\t\t\t\t\t\ttext-marine\t\t\t\t\t\tleading-7\t\t\t\t\t\tfont-text\t\t\t\t\t\trelative\t\t\t\t\t\tsm:m-auto\t\t\t\t\t\tsm:text-justify\t\t\t\t\t\tlg:text-xl\t\t\t\t\t\txm:text-lg\t\t\t\t\t\txl:text-lg\t\t\t\t\t\tz-10\">\n\t\t\t\t\t\t\tNuma parceria entre a Funda\u00e7\u00e3o e o Laborat\u00f3rio de Pesquisa em Oportunidades Educacionais (LaPOpE\/UFRJ), a pesquisa &#8220;Recomposi\u00e7\u00e3o das aprendizagens e desigualdades educacionais p\u00f3s-pandemia: um estudo em Sobral\/CE&#8221; acompanhou o desenvolvimento de 1.364 crian\u00e7as de diferentes origens socioecon\u00f4micas matriculadas na rede p\u00fablica municipal de Sobral, que frequentaram o segundo ano da pr\u00e9-escola entre 2019 e 2022. <br \/>\r\n<br \/>\r\nNo primeiro levantamento, divulgado em 2022, foram identificados os efeitos negativos da pandemia na aprendizagem, no desenvolvimento e no aumento das desigualdades educacionais no in\u00edcio da escolariza\u00e7\u00e3o obrigat\u00f3ria. <br \/>\r\n<br \/>\r\nNa segunda etapa, quando as escolas j\u00e1 se encontravam abertas, o estudo trouxe evid\u00eancias de recomposi\u00e7\u00e3o das aprendizagens ap\u00f3s a\u00e7\u00f5es implementadas pela rede municipal, por\u00e9m, notou a persist\u00eancia da desigualdade educacional, principalmente entre crian\u00e7as de n\u00edvel socioecon\u00f4mico maior e menor quanto em rela\u00e7\u00e3o \u00e0 cor\/ra\u00e7a, o que demanda maior enfoque para equidade. <br \/>\r\n<br \/>\r\nO material traz uma s\u00e9rie de recomenda\u00e7\u00f5es para inspirar a\u00e7\u00f5es de gestores em diferentes n\u00edveis. Elas apontam a necessidade de planejamento e aporte de recursos para a implementa\u00e7\u00e3o de iniciativas e programas de melhoramento da educa\u00e7\u00e3o infantil e desenvolvimento das crian\u00e7as.  \t\t\t\t\t\t<\/p>\n\t\t\t\t\t\n\t\t\t\t\t\t\t\t\t<\/div>\n\t\t\t<\/div>\n\t\t<\/div>\n\t<\/section>\n\t\n\n\n\t<section id=\"block_59d86aad25ed1ca5d76451a4238ec8b5\" class=\"image-text padding-top-80 padding-bottom-80 padding-top-mobile-0 padding-bottom-mobile-80 image-text relative w-full py-20 overflow-hidden\">\n\t\t<div class=\"mobile relative h-auto xm:h-auto xm:w-1\/2\">\n\t\t\t\t\t\t\t<img decoding=\"async\" fetchpriority=\"high\" class=\"hidden xs:block w-full h-full object-cover\" src=\"https:\/\/hml-fundacaomariacecilia.codebit.biz\/wp-content\/uploads\/2024\/08\/cortada-RECOMPOSICAO-interna-arquivo-fundacao-maria-cecilia-souto-vidigal-copiar.webp\" srcset=\"https:\/\/hml-fundacaomariacecilia.codebit.biz\/wp-content\/uploads\/2024\/08\/cortada-RECOMPOSICAO-interna-arquivo-fundacao-maria-cecilia-souto-vidigal-copiar.webp\" alt=\"cortada-RECOMPOSICAO-interna-arquivo-fundacao-maria-cecilia-souto-vidigal copiar\">\n\t\t\t\t\t\t\t\t\t\t<img decoding=\"async\" fetchpriority=\"high\" class=\"xs:hidden w-full h-full\" src=\"https:\/\/hml-fundacaomariacecilia.codebit.biz\/wp-content\/uploads\/2024\/08\/cortada-RECOMPOSICAO-interna-arquivo-fundacao-maria-cecilia-souto-vidigal-copiar.webp\" srcset=\"https:\/\/hml-fundacaomariacecilia.codebit.biz\/wp-content\/uploads\/2024\/08\/cortada-RECOMPOSICAO-interna-arquivo-fundacao-maria-cecilia-souto-vidigal-copiar.webp\" alt=\"cortada-RECOMPOSICAO-interna-arquivo-fundacao-maria-cecilia-souto-vidigal copiar\">\n\t\t\t\t\t<\/div>\n\t\t\t\t<div class=\"overflow-hidden container-infancia w-full mx-auto flex flex-col xm:flex-row\">\n\t\t\t<div class=\"image-text__content relative flex flex-col justify-center items-start xm:w-1\/2 p-10 px-5 px-10 1024:pl-16  lg:py-32\" style=\"background-color: #e1a49e ;\">\n\t\t\t\t<div class=\"image-text__content-wrap\">\n\t\t\t\t\t\n\t\t\t\t\t\t\t\t\t\t\t<ul class=\"flex flex-col gap-8\">\n\t\t\t\t\t\t\t\t\t\t\t\t\t\t\t<li class=\"flex flex-col gap-3\">\n\t\t\t\t\t\t\t\t\t\t\t\t\t\t\t\t\t\t\t<h3 class=\"max-w-xs xl:max-w-xl text-2xl xl:text-3xg font-bold\"  style=\"color: #ffffff;\">\n\t\t\t\t\t\t\t\t\t\t\tResults\t\t\t\t\t\t\t\t\t\t<\/h3>\n\t\t\t\t\t\t\t\t\t\n\t\t\t\t\t\t\t\t\t\t\t\t\t\t\t\t\t\t\t<p class=\"max-w-xl text-base xl:text-lg font-text\"  style=\"color: #ffffff;\">\n\t\t\t\t\t\t\t\t\t\t\tA pesquisa mostrou a import\u00e2ncia da pr\u00e9-escola ao evidenciar que, quando respeitados par\u00e2metros de qualidade, ela tem o potencial de ajudar as crian\u00e7as a recompor aprendizagens afetadas pela aus\u00eancia da oferta presencial gerada pela pandemia. \t\t\t\t\t\t\t\t\t\t<\/p>\n\t\t\t\t\t\t\t\t\t\n\t\t\t\t\t\t\t\t\t\t\t\t\t\t\t\t\t\t\t<a class=\"fmc-button fmc-button-secondary-marine fmc-button-small button-rounded button-fit\" href=\"https:\/\/biblioteca.fmcsv.org.br\/biblioteca\/recomposicao-das-aprendizagens-e-desigualdades-educacionais-pos-pandemia\/\" title=\"Acesse o estudo\" target=\"_blank\">\n\t\t\t\t\t\t\t\t\t\t\tAcesse o estudo\t\t\t\t\t\t\t\t\t\t<\/a>\n\t\t\t\t\t\t\t\t\t\t\t\t\t\t\t\t\t<\/li>\n\t\t\t\t\t\t\t\t\t\t\t\t\t<\/ul>\n\t\t\t\t\t\t\t\t\t<\/div>\n\t\t\t<\/div>\n\n\t\t\t<div class=\"desktop relative h-auto xm:h-auto xm:w-1\/2\">\n\t\t\t\t\t\t\t\t\t<img decoding=\"async\" fetchpriority=\"high\" class=\"hidden xs:block w-full h-full object-cover\" src=\"https:\/\/hml-fundacaomariacecilia.codebit.biz\/wp-content\/uploads\/2024\/08\/cortada-RECOMPOSICAO-interna-arquivo-fundacao-maria-cecilia-souto-vidigal-copiar.webp\" srcset=\"https:\/\/hml-fundacaomariacecilia.codebit.biz\/wp-content\/uploads\/2024\/08\/cortada-RECOMPOSICAO-interna-arquivo-fundacao-maria-cecilia-souto-vidigal-copiar.webp\" alt=\"cortada-RECOMPOSICAO-interna-arquivo-fundacao-maria-cecilia-souto-vidigal copiar\">\n\t\t\t\t\t\t\t\t\t\t\t\t\t<img decoding=\"async\" fetchpriority=\"high\" class=\"xs:hidden w-full h-full\" src=\"https:\/\/hml-fundacaomariacecilia.codebit.biz\/wp-content\/uploads\/2024\/08\/cortada-RECOMPOSICAO-interna-arquivo-fundacao-maria-cecilia-souto-vidigal-copiar.webp\" srcset=\"https:\/\/hml-fundacaomariacecilia.codebit.biz\/wp-content\/uploads\/2024\/08\/cortada-RECOMPOSICAO-interna-arquivo-fundacao-maria-cecilia-souto-vidigal-copiar.webp\" alt=\"cortada-RECOMPOSICAO-interna-arquivo-fundacao-maria-cecilia-souto-vidigal copiar\">\n\t\t\t\t\t\t\t<\/div>\n\t\t<\/div>\n\t\t\t<\/section>","protected":false},"excerpt":{"rendered":"","protected":false},"author":5,"featured_media":0,"parent":371,"menu_order":0,"comment_status":"closed","ping_status":"closed","template":"page-portfolio.php","meta":{"footnotes":""},"class_list":["post-10846","page","type-page","status-publish","hentry"],"acf":[],"yoast_head":"<!-- This site is optimized with the Yoast SEO plugin v24.4 - https:\/\/yoast.com\/wordpress\/plugins\/seo\/ -->\n<title>Recomposi\u00e7\u00e3o das aprendizagens p\u00f3s-pandemia: um estudo em Sobral\/CE - Funda\u00e7\u00e3o Maria Cecilia Souto Vidigal<\/title>\n<meta name=\"robots\" content=\"index, follow, max-snippet:-1, max-image-preview:large, max-video-preview:-1\" \/>\n<link rel=\"canonical\" href=\"https:\/\/hml-fundacaomariacecilia.codebit.biz\/en\/o-que-fazemos\/recomposicao-aprendizagens-sobral-ceara\/\" \/>\n<meta property=\"og:locale\" content=\"en_US\" \/>\n<meta property=\"og:type\" content=\"article\" \/>\n<meta property=\"og:title\" content=\"Recomposi\u00e7\u00e3o das aprendizagens p\u00f3s-pandemia: um estudo em Sobral\/CE - Funda\u00e7\u00e3o Maria Cecilia Souto Vidigal\" \/>\n<meta property=\"og:url\" content=\"https:\/\/hml-fundacaomariacecilia.codebit.biz\/en\/o-que-fazemos\/recomposicao-aprendizagens-sobral-ceara\/\" \/>\n<meta property=\"og:site_name\" content=\"Funda\u00e7\u00e3o Maria Cecilia Souto Vidigal\" \/>\n<meta property=\"article:publisher\" content=\"https:\/\/www.facebook.com\/FundacaoMariaCeciliaSoutoVidigal\/\" \/>\n<meta property=\"article:modified_time\" content=\"2024-08-06T23:59:35+00:00\" \/>\n<meta name=\"twitter:card\" content=\"summary_large_image\" \/>\n<script type=\"application\/ld+json\" class=\"yoast-schema-graph\">{\"@context\":\"https:\/\/schema.org\",\"@graph\":[{\"@type\":\"WebPage\",\"@id\":\"https:\/\/hml-fundacaomariacecilia.codebit.biz\/o-que-fazemos\/recomposicao-aprendizagens-sobral-ceara\/\",\"url\":\"https:\/\/hml-fundacaomariacecilia.codebit.biz\/o-que-fazemos\/recomposicao-aprendizagens-sobral-ceara\/\",\"name\":\"Recomposi\u00e7\u00e3o das aprendizagens p\u00f3s-pandemia: um estudo em Sobral\/CE - Funda\u00e7\u00e3o Maria Cecilia Souto Vidigal\",\"isPartOf\":{\"@id\":\"https:\/\/fmcsv.sandbox.dev.br\/#website\"},\"datePublished\":\"2024-08-06T23:49:36+00:00\",\"dateModified\":\"2024-08-06T23:59:35+00:00\",\"breadcrumb\":{\"@id\":\"https:\/\/hml-fundacaomariacecilia.codebit.biz\/o-que-fazemos\/recomposicao-aprendizagens-sobral-ceara\/#breadcrumb\"},\"inLanguage\":\"en-US\",\"potentialAction\":[{\"@type\":\"ReadAction\",\"target\":[\"https:\/\/hml-fundacaomariacecilia.codebit.biz\/o-que-fazemos\/recomposicao-aprendizagens-sobral-ceara\/\"]}]},{\"@type\":\"BreadcrumbList\",\"@id\":\"https:\/\/hml-fundacaomariacecilia.codebit.biz\/o-que-fazemos\/recomposicao-aprendizagens-sobral-ceara\/#breadcrumb\",\"itemListElement\":[{\"@type\":\"ListItem\",\"position\":1,\"name\":\"In\u00edcio\",\"item\":\"https:\/\/hml-fundacaomariacecilia.codebit.biz\/\"},{\"@type\":\"ListItem\",\"position\":2,\"name\":\"O que fazemos\",\"item\":\"https:\/\/hml-fundacaomariacecilia.codebit.biz\/o-que-fazemos\/\"},{\"@type\":\"ListItem\",\"position\":3,\"name\":\"Recomposi\u00e7\u00e3o das aprendizagens p\u00f3s-pandemia: um estudo em Sobral\/CE\"}]},{\"@type\":\"WebSite\",\"@id\":\"https:\/\/fmcsv.sandbox.dev.br\/#website\",\"url\":\"https:\/\/fmcsv.sandbox.dev.br\/\",\"name\":\"Funda\u00e7\u00e3o Maria Cecilia Souto Vidigal\",\"description\":\"Cuidar de cada crian\u00e7a \u00e9 cuidar do pa\u00eds inteiro\",\"publisher\":{\"@id\":\"https:\/\/fmcsv.sandbox.dev.br\/#organization\"},\"potentialAction\":[{\"@type\":\"SearchAction\",\"target\":{\"@type\":\"EntryPoint\",\"urlTemplate\":\"https:\/\/fmcsv.sandbox.dev.br\/?s={search_term_string}\"},\"query-input\":{\"@type\":\"PropertyValueSpecification\",\"valueRequired\":true,\"valueName\":\"search_term_string\"}}],\"inLanguage\":\"en-US\"},{\"@type\":\"Organization\",\"@id\":\"https:\/\/fmcsv.sandbox.dev.br\/#organization\",\"name\":\"Funda\u00e7\u00e3o Maria Cecilia Souto Vidigal\",\"url\":\"https:\/\/fmcsv.sandbox.dev.br\/\",\"logo\":{\"@type\":\"ImageObject\",\"inLanguage\":\"en-US\",\"@id\":\"https:\/\/fmcsv.sandbox.dev.br\/#\/schema\/logo\/image\/\",\"url\":\"https:\/\/hml-fundacaomariacecilia.codebit.biz\/wp-content\/uploads\/2024\/04\/Logo.svg\",\"contentUrl\":\"https:\/\/hml-fundacaomariacecilia.codebit.biz\/wp-content\/uploads\/2024\/04\/Logo.svg\",\"caption\":\"Funda\u00e7\u00e3o Maria Cecilia Souto Vidigal\"},\"image\":{\"@id\":\"https:\/\/fmcsv.sandbox.dev.br\/#\/schema\/logo\/image\/\"},\"sameAs\":[\"https:\/\/www.facebook.com\/FundacaoMariaCeciliaSoutoVidigal\/\",\"https:\/\/www.linkedin.com\/company\/fmcsv\/\",\"https:\/\/www.instagram.com\/fundacaomariacecilia\/\"]}]}<\/script>\n<!-- \/ Yoast SEO plugin. -->","yoast_head_json":{"title":"Recomposi\u00e7\u00e3o das aprendizagens p\u00f3s-pandemia: um estudo em Sobral\/CE - Funda\u00e7\u00e3o Maria Cecilia Souto Vidigal","robots":{"index":"index","follow":"follow","max-snippet":"max-snippet:-1","max-image-preview":"max-image-preview:large","max-video-preview":"max-video-preview:-1"},"canonical":"https:\/\/hml-fundacaomariacecilia.codebit.biz\/en\/o-que-fazemos\/recomposicao-aprendizagens-sobral-ceara\/","og_locale":"en_US","og_type":"article","og_title":"Recomposi\u00e7\u00e3o das aprendizagens p\u00f3s-pandemia: um estudo em Sobral\/CE - Funda\u00e7\u00e3o Maria Cecilia Souto Vidigal","og_url":"https:\/\/hml-fundacaomariacecilia.codebit.biz\/en\/o-que-fazemos\/recomposicao-aprendizagens-sobral-ceara\/","og_site_name":"Funda\u00e7\u00e3o Maria Cecilia Souto Vidigal","article_publisher":"https:\/\/www.facebook.com\/FundacaoMariaCeciliaSoutoVidigal\/","article_modified_time":"2024-08-06T23:59:35+00:00","twitter_card":"summary_large_image","schema":{"@context":"https:\/\/schema.org","@graph":[{"@type":"WebPage","@id":"https:\/\/hml-fundacaomariacecilia.codebit.biz\/o-que-fazemos\/recomposicao-aprendizagens-sobral-ceara\/","url":"https:\/\/hml-fundacaomariacecilia.codebit.biz\/o-que-fazemos\/recomposicao-aprendizagens-sobral-ceara\/","name":"Recomposi\u00e7\u00e3o das aprendizagens p\u00f3s-pandemia: um estudo em Sobral\/CE - Funda\u00e7\u00e3o Maria Cecilia Souto Vidigal","isPartOf":{"@id":"https:\/\/fmcsv.sandbox.dev.br\/#website"},"datePublished":"2024-08-06T23:49:36+00:00","dateModified":"2024-08-06T23:59:35+00:00","breadcrumb":{"@id":"https:\/\/hml-fundacaomariacecilia.codebit.biz\/o-que-fazemos\/recomposicao-aprendizagens-sobral-ceara\/#breadcrumb"},"inLanguage":"en-US","potentialAction":[{"@type":"ReadAction","target":["https:\/\/hml-fundacaomariacecilia.codebit.biz\/o-que-fazemos\/recomposicao-aprendizagens-sobral-ceara\/"]}]},{"@type":"BreadcrumbList","@id":"https:\/\/hml-fundacaomariacecilia.codebit.biz\/o-que-fazemos\/recomposicao-aprendizagens-sobral-ceara\/#breadcrumb","itemListElement":[{"@type":"ListItem","position":1,"name":"In\u00edcio","item":"https:\/\/hml-fundacaomariacecilia.codebit.biz\/"},{"@type":"ListItem","position":2,"name":"O que fazemos","item":"https:\/\/hml-fundacaomariacecilia.codebit.biz\/o-que-fazemos\/"},{"@type":"ListItem","position":3,"name":"Recomposi\u00e7\u00e3o das aprendizagens p\u00f3s-pandemia: um estudo em Sobral\/CE"}]},{"@type":"WebSite","@id":"https:\/\/fmcsv.sandbox.dev.br\/#website","url":"https:\/\/fmcsv.sandbox.dev.br\/","name":"Funda\u00e7\u00e3o Maria Cecilia Souto Vidigal","description":"Caring for every child is caring for the whole country","publisher":{"@id":"https:\/\/fmcsv.sandbox.dev.br\/#organization"},"potentialAction":[{"@type":"SearchAction","target":{"@type":"EntryPoint","urlTemplate":"https:\/\/fmcsv.sandbox.dev.br\/?s={search_term_string}"},"query-input":{"@type":"PropertyValueSpecification","valueRequired":true,"valueName":"search_term_string"}}],"inLanguage":"en-US"},{"@type":"Organization","@id":"https:\/\/fmcsv.sandbox.dev.br\/#organization","name":"Funda\u00e7\u00e3o Maria Cecilia Souto Vidigal","url":"https:\/\/fmcsv.sandbox.dev.br\/","logo":{"@type":"ImageObject","inLanguage":"en-US","@id":"https:\/\/fmcsv.sandbox.dev.br\/#\/schema\/logo\/image\/","url":"https:\/\/hml-fundacaomariacecilia.codebit.biz\/wp-content\/uploads\/2024\/04\/Logo.svg","contentUrl":"https:\/\/hml-fundacaomariacecilia.codebit.biz\/wp-content\/uploads\/2024\/04\/Logo.svg","caption":"Funda\u00e7\u00e3o Maria Cecilia Souto Vidigal"},"image":{"@id":"https:\/\/fmcsv.sandbox.dev.br\/#\/schema\/logo\/image\/"},"sameAs":["https:\/\/www.facebook.com\/FundacaoMariaCeciliaSoutoVidigal\/","https:\/\/www.linkedin.com\/company\/fmcsv\/","https:\/\/www.instagram.com\/fundacaomariacecilia\/"]}]}},"_links":{"self":[{"href":"https:\/\/hml-fundacaomariacecilia.codebit.biz\/en\/wp-json\/wp\/v2\/pages\/10846"}],"collection":[{"href":"https:\/\/hml-fundacaomariacecilia.codebit.biz\/en\/wp-json\/wp\/v2\/pages"}],"about":[{"href":"https:\/\/hml-fundacaomariacecilia.codebit.biz\/en\/wp-json\/wp\/v2\/types\/page"}],"author":[{"embeddable":true,"href":"https:\/\/hml-fundacaomariacecilia.codebit.biz\/en\/wp-json\/wp\/v2\/users\/5"}],"replies":[{"embeddable":true,"href":"https:\/\/hml-fundacaomariacecilia.codebit.biz\/en\/wp-json\/wp\/v2\/comments?post=10846"}],"version-history":[{"count":16,"href":"https:\/\/hml-fundacaomariacecilia.codebit.biz\/en\/wp-json\/wp\/v2\/pages\/10846\/revisions"}],"predecessor-version":[{"id":10868,"href":"https:\/\/hml-fundacaomariacecilia.codebit.biz\/en\/wp-json\/wp\/v2\/pages\/10846\/revisions\/10868"}],"up":[{"embeddable":true,"href":"https:\/\/hml-fundacaomariacecilia.codebit.biz\/en\/wp-json\/wp\/v2\/pages\/371"}],"wp:attachment":[{"href":"https:\/\/hml-fundacaomariacecilia.codebit.biz\/en\/wp-json\/wp\/v2\/media?parent=10846"}],"curies":[{"name":"wp","href":"https:\/\/api.w.org\/{rel}","templated":true}]}}