{"id":10653,"date":"2024-08-05T23:13:21","date_gmt":"2024-08-06T02:13:21","guid":{"rendered":"https:\/\/hml-fundacaomariacecilia.codebit.biz\/?page_id=10653"},"modified":"2024-08-06T22:18:25","modified_gmt":"2024-08-07T01:18:25","slug":"apoio-avaliacao-iels-brasil","status":"publish","type":"page","link":"https:\/\/hml-fundacaomariacecilia.codebit.biz\/en\/o-que-fazemos\/apoio-avaliacao-iels-brasil\/","title":{"rendered":"Apoio ao International Early Learning and Child Well-being Study (Iels) no Brasil"},"content":{"rendered":"<section id=\"block_1eb6d678ed7728796501425a353ba5fa\"\n\t\t\t class=\"hero-background-axios padding-top-0 padding-bottom-0 padding-top-mobile-0 padding-bottom-mobile-0 hero-background-text relative w-full object-cover flex flex-col justify-center items-center overflow-x-hidden\">\n\t\t<div class=\"relative w-full min-h-398 flex flex-col justify-end items-center object-cover overflow-x-hidden\">\n\t\t\t\t\t\t\t\t\t\t\t\t<img decoding=\"async\" fetchpriority=\"high\"\n\t\t\t\t\t\t class=\"absolute top-0 right-0 bottom-0 w-full h-full object-cover bg-no-repeat z-0\"\n\t\t\t\t\t\t src=\"https:\/\/hml-fundacaomariacecilia.codebit.biz\/wp-content\/uploads\/2024\/08\/cortada-IELS-capa-foto-carol-gherardi-fundacao-maria-cecilia-souto-vidigal.jpg\"\n\t\t\t\t\t\t srcset=\"https:\/\/hml-fundacaomariacecilia.codebit.biz\/wp-content\/uploads\/2024\/08\/cortada-IELS-capa-foto-carol-gherardi-fundacao-maria-cecilia-souto-vidigal.jpg\"\n\t\t\t\t\t\t alt=\"cortada-IELS-capa-foto-carol-gherardi-fundacao-maria-cecilia-souto-vidigal\">\n\t\t\t\t\t\t\t\t\t\t\t\t\t\t\t\t\t\t<div class=\"absolute top-0 right-0 mr-3 sm:mr-32 bg-gray-100 border-0 rounded-b-20\">\n\t\t\t\t<p class=\"text-marine text-lg px-6 font-heading font-bold text-center\">Forma de atua\u00e7\u00e3o:<\/p>\n\t\t\t\t<p class=\"text-3xl text-marine font-heading text-center px-5\">Apoio t\u00e9cnico a pol\u00edticas p\u00fablicas<\/p>\n\t\t\t\t<div class=\"popupAxiosBot h-4 border-0 rounded-b-20\"><\/div>\n\t\t\t\t\t\t\t<\/div>\n\n\t\t\t<div class=\"relative w-full flex flex-col pb-9 lg:pb-12 z-20\">\n\t\t\t\t<div class=\"container mx-auto\">\n\t\t\t\t\t\t\t\t\t\t\t\t\t\t\t\t<h2 class=\"text-2xl lg:text-5xl lg:text-5xl text-white font-heading font-bold max-w-md sm:max-w-xl 1024:max-w-4xl xl:max-w-6xl leading-none mt-4 pt-6\">\n\t\t\t\t\t\t\tApoio ao International Early Learning and Child Well-being Study (Iels) no Brasil \t\t\t\t\t\t<\/h2>\n\t\t\t\t\t\t\t\t\t\t\t\t\t\t<\/div>\n\t\t\t<\/div>\n\t\t<\/div>\n\n\n\t\t<div class=\"bg-gray-100 relative w-full py-16 z-20\">\n\t\t\t<div class=\"bootstrap-wrapper container\">\n\t\t\t\t\t\t\t\t\t<div class=\"row\">\n\t\t\t\t\t\t<div class=\"col-12 px-0\">\n\t\t\t\t\t\t\t<p class=\"hero-background-axios__tag\">\n\t\t\t\t\t\t\t\t<span>Status:<\/span> Em andamento\t\t\t\t\t\t\t<\/p>\n\t\t\t\t\t\t<\/div>\n\t\t\t\t\t<\/div>\n\t\t\t\t\n\t\t\t\t\t\t\t\t\t<ul class=\"row\">\n\t\t\t\t\t\t\t\t\t\t\t\t\t<li class=\"col-12 col-md-4\">\n\t\t\t\t\t\t\t\t\n\t\t\t\t\t\t\t\t<div class=\"mt-10\">\n\t\t\t\t\t\t\t\t\t\t\t\t\t\t\t\t\t\t\t<h3 class=\"text-xl text-marine  font-heading font-bold leading-tight\">\n\t\t\t\t\t\t\t\t\t\t\tObjetivo\t\t\t\t\t\t\t\t\t\t<\/h3>\n\t\t\t\t\t\t\t\t\t\t\t\t\t\t\t\t\t\t\t\t\t\t\t\t\t\t\t\t<p class=\"text-base text-marine leading-loose tracking-wide font-normal mt-4\">\n\t\t\t\t\t\t\t\t\t\t\tImplementar o Iels no Brasil a fim de avaliar o desenvolvimento de crian\u00e7as na pr\u00e9-escola\t\t\t\t\t\t\t\t\t\t<\/p>\n\t\t\t\t\t\t\t\t\t\t\t\t\t\t\t\t\t<\/div>\n\t\t\t\t\t\t\t<\/li>\n\t\t\t\t\t\t\t\t\t\t\t\t\t<li class=\"col-12 col-md-4\">\n\t\t\t\t\t\t\t\t\n\t\t\t\t\t\t\t\t<div class=\"mt-10\">\n\t\t\t\t\t\t\t\t\t\t\t\t\t\t\t\t\t\t\t<h3 class=\"text-xl text-marine  font-heading font-bold leading-tight\">\n\t\t\t\t\t\t\t\t\t\t\tP\u00fablico\t\t\t\t\t\t\t\t\t\t<\/h3>\n\t\t\t\t\t\t\t\t\t\t\t\t\t\t\t\t\t\t\t\t\t\t\t\t\t\t\t\t<p class=\"text-base text-marine leading-loose tracking-wide font-normal mt-4\">\n\t\t\t\t\t\t\t\t\t\t\tGestores p\u00fablicos do Executivo Federal \t\t\t\t\t\t\t\t\t\t<\/p>\n\t\t\t\t\t\t\t\t\t\t\t\t\t\t\t\t\t<\/div>\n\t\t\t\t\t\t\t<\/li>\n\t\t\t\t\t\t\t\t\t\t\t\t\t<li class=\"col-12 col-md-4\">\n\t\t\t\t\t\t\t\t\n\t\t\t\t\t\t\t\t<div class=\"mt-10\">\n\t\t\t\t\t\t\t\t\t\t\t\t\t\t\t\t\t\t\t<h3 class=\"text-xl text-marine  font-heading font-bold leading-tight\">\n\t\t\t\t\t\t\t\t\t\t\tPartners\t\t\t\t\t\t\t\t\t\t<\/h3>\n\t\t\t\t\t\t\t\t\t\t\t\t\t\t\t\t\t\t\t\t\t\t\t\t\t\t\t\t<p class=\"text-base text-marine leading-loose tracking-wide font-normal mt-4\">\n\t\t\t\t\t\t\t\t\t\t\tOrganiza\u00e7\u00e3o para a Coopera\u00e7\u00e3o e Desenvolvimento Econ\u00f4mico (OCDE), B3 Social, Instituto Beja, Instituto Tecendo Inf\u00e2ncias, Ita\u00fa Socia, Funda\u00e7\u00e3o Lemann \t\t\t\t\t\t\t\t\t\t<\/p>\n\t\t\t\t\t\t\t\t\t\t\t\t\t\t\t\t\t<\/div>\n\t\t\t\t\t\t\t<\/li>\n\t\t\t\t\t\t\t\t\t\t\t<\/ul>\n\t\t\t\t\t\t\t<\/div>\n\t\t<\/div>\n\t<\/section>\n\t\n\n\t<section id=\"block_94d6acc913e2b4945a9e2b9556bca44b\" class=\"white-block white-block--axis-page padding-top-0 padding-bottom-40 padding-top-mobile-0 padding-bottom-mobile-0 white-block relative w-full overflow-hidden\">\n\t\t<div class=\"w-full bg_history\">\n\t\t\t<div class=\"container mx-auto\">\n\t\t\t\t<div class=\"w-full flex flex-col items-center gap-8 mx-auto xm:max-w-4lg xl:max-w-5xl\">\n\t\t\t\t\t\n\t\t\t\t\t\t\t\t\t\t\t<p class=\"white-block__p-content\t\t\t\t\t\tw-full\t\t\t\t\t\ttext-base\t\t\t\t\t\ttext-marine\t\t\t\t\t\tleading-7\t\t\t\t\t\tfont-text\t\t\t\t\t\trelative\t\t\t\t\t\tsm:m-auto\t\t\t\t\t\tsm:text-justify\t\t\t\t\t\tlg:text-xl\t\t\t\t\t\txm:text-lg\t\t\t\t\t\txl:text-lg\t\t\t\t\t\tz-10\">\n\t\t\t\t\t\t\tO International Early Learning and Child Well-being Study (Iels) \u00e9 uma iniciativa da Organiza\u00e7\u00e3o para a Coopera\u00e7\u00e3o e Desenvolvimento Econ\u00f4mico (OCDE) para coletar dados in\u00e9ditos e produzir indicadores sobre bem-estar, aprendizagem e desenvolvimento de crian\u00e7as de 5 anos em diferentes pa\u00edses.<br> <br \/>\r\nO estudo ser\u00e1 aplicado entre 2024 e 2026, a partir de um levantamento de dados com as fam\u00edlias e educadores de 4 mil crian\u00e7as em mais de 280 escolas, al\u00e9m da disponibiliza\u00e7\u00e3o dos resultados e an\u00e1lises finais. A iniciativa re\u00fane informa\u00e7\u00f5es sobre contextos e experi\u00eancias pr\u00e9vias da crian\u00e7a, literacia e numeracia emergentes, autorregula\u00e7\u00e3o e habilidades socioemocionais.<br> <br \/>\r\nNo Brasil, sua implementa\u00e7\u00e3o \u00e9 viabilizada por uma coaliz\u00e3o liderada pela Funda\u00e7\u00e3o Maria Cecilia Souto Vidigal, tendo como parceiros financiadores B3 Social, Instituto Beja, Instituto Tecendo Inf\u00e2ncias, Ita\u00fa Social e Funda\u00e7\u00e3o Lemann.<br> <br \/>\r\nOutros sete pa\u00edses fazem parte da iniciativa: Azerbaij\u00e3o, B\u00e9lgica, Emirados \u00c3\u0081rabes, Holanda, Inglaterra, Malta e Su\u00ed\u00e7a. Ao participar do grupo avaliado pelo Iels, o Brasil passa a integrar uma comunidade internacional que t\u00eam a primeira inf\u00e2ncia como foco principal de trabalho &#8211; um valioso foro para trocas e constru\u00e7\u00f5es conjuntas sobre pol\u00edticas p\u00fablicas para a primeira inf\u00e2ncia.  \t\t\t\t\t\t<\/p>\n\t\t\t\t\t\n\t\t\t\t\t\t\t\t\t<\/div>\n\t\t\t<\/div>\n\t\t<\/div>\n\t<\/section>\n\t\n\n\n<section id=\"block_13a6cbedfcbb8baa06305e8cee9170a0\" class=\"block-slider-library-dynamic  padding-top-60  padding-bottom-60  padding-top-mobile-80  padding-bottom-mobile-80 alignwide\">\n\t<div class=\"mx-auto\">\n\n\t\t\t\t\t<div class=\"px-0 library-dynamic--header\">\n\t\t\t\t<div class=\"flex items-start\">\n\t\t\t\t\t<div class=\"flex-1\">\n\t\t\t\t\t\t<h2 class=\"library-dynamic--title\">Para saber mais<\/h2>\n\t\t\t\t\t<\/div>\n\n\t\t\t\t\t\t\t\t\t\t\t<div class=\"flex-1 self-center text-right\">\n\t\t\t\t\t\t\t<a href=\"https:\/\/hml-fundacaomariacecilia.codebit.biz\/en\/o-que-fazemos\/qualidade-educacao-infantil-saeb-2021\/\"\n\t\t\t\t\t\t\ttitle=\"Leia o artigo \u201cO que o Brasil ganha com o maior diagn\u00f3stico de educa\u00e7\u00e3o na primeira inf\u00e2ncia\u201d \"\n\t\t\t\t\t\t\ttarget=\"_blank\"\n\t\t\t\t\t\t\tclass=\"library-dynamic--button fmc-button fmc-button-text-marine underline\"\n                            style=\"text-underline-offset: 5px; font-family: 'Century Gothic Bold', sans-serif\">Leia o artigo \u201cO que o Brasil ganha com o maior diagn\u00f3stico de educa\u00e7\u00e3o na primeira inf\u00e2ncia\u201d <\/a>\n\t\t\t\t\t\t<\/div>\n\t\t\t\t\t\t\t\t\t<\/div>\n\t\t\t<\/div>\n\t\t\n\t\t<div>\n\t\t\t<div class=\"owl-carousel owl-theme js-slider-library-dynamic slide-number-93716469\"\n\t\t\t     data-cols=\"one\"\n\t\t\t     data-slick-id=\"93716469\">\n\t\t\t\t\t\t\t<\/div>\n\t\t<\/div>\n\n<!--\t\t--><!--\t\t\t<div class=\"text-left mt-4 hidden\">-->\n<!--\t\t\t\t<a href=\"--><!--\"-->\n<!--\t\t\t\ttitle=\"--><!--\"-->\n<!--\t\t\t\ttarget=\"--><!--\"-->\n<!--\t\t\t\tclass=\"library-dynamic--button fmc-button fmc-button-small fmc-button-text-marine underline\">--><!--<\/a>-->\n<!--\t\t\t<\/div>-->\n<!--\t\t-->\n\t<\/div>\n<\/section>\n\n\n\n\t<section id=\"block_dd00ab5e28986382768b5c8bd314602e\" class=\"image-text padding-top-0 padding-bottom-120 padding-top-mobile-0 padding-bottom-mobile-80 image-text relative w-full py-20 overflow-hidden\">\n\t\t<div class=\"mobile relative h-auto xm:h-auto xm:w-1\/2\">\n\t\t\t\t\t\t\t<img decoding=\"async\" fetchpriority=\"high\" class=\"hidden xs:block w-full h-full object-cover\" src=\"https:\/\/hml-fundacaomariacecilia.codebit.biz\/wp-content\/uploads\/2024\/08\/IELS-interna-foto-carol-gherardi-fundacao-maria-cecilia-souto-vidigal-cortada.jpg\" srcset=\"https:\/\/hml-fundacaomariacecilia.codebit.biz\/wp-content\/uploads\/2024\/08\/IELS-interna-foto-carol-gherardi-fundacao-maria-cecilia-souto-vidigal-cortada.jpg\" alt=\"IELS-interna-foto-carol-gherardi-fundacao-maria-cecilia-souto-vidigal-cortada\">\n\t\t\t\t\t\t\t\t\t\t<img decoding=\"async\" fetchpriority=\"high\" class=\"xs:hidden w-full h-full\" src=\"https:\/\/hml-fundacaomariacecilia.codebit.biz\/wp-content\/uploads\/2024\/08\/IELS-interna-foto-carol-gherardi-fundacao-maria-cecilia-souto-vidigal-cortada.jpg\" srcset=\"https:\/\/hml-fundacaomariacecilia.codebit.biz\/wp-content\/uploads\/2024\/08\/IELS-interna-foto-carol-gherardi-fundacao-maria-cecilia-souto-vidigal-cortada.jpg\" alt=\"IELS-interna-foto-carol-gherardi-fundacao-maria-cecilia-souto-vidigal-cortada\">\n\t\t\t\t\t<\/div>\n\t\t\t\t<div class=\"overflow-hidden container-infancia w-full mx-auto flex flex-col xs:flex-row-reverse\">\n\t\t\t<div class=\"image-text__content relative flex flex-col justify-center items-start xm:w-1\/2 p-10 px-5  pr-0 xl:pl-20  lg:py-32\" style=\"background-color: #1d1d35 ;\">\n\t\t\t\t<div class=\"image-text__content-wrap\">\n\t\t\t\t\t\n\t\t\t\t\t\t\t\t\t\t\t<ul class=\"flex flex-col gap-8\">\n\t\t\t\t\t\t\t\t\t\t\t\t\t\t\t<li class=\"flex flex-col gap-3\">\n\t\t\t\t\t\t\t\t\t\t\t\t\t\t\t\t\t\t\t<h3 class=\"max-w-xs xl:max-w-xl text-2xl xl:text-3xg font-bold\"  style=\"color: #ffffff;\">\n\t\t\t\t\t\t\t\t\t\t\tResultados esperados\t\t\t\t\t\t\t\t\t\t<\/h3>\n\t\t\t\t\t\t\t\t\t\n\t\t\t\t\t\t\t\t\t\t\t\t\t\t\t\t\t\t\t<p class=\"max-w-xl text-base xl:text-lg font-text\"  style=\"color: #ffffff;\">\n\t\t\t\t\t\t\t\t\t\t\tA iniciativa ir\u00e1 gerar um diagn\u00f3stico orientador para apoiar a formula\u00e7\u00e3o e o fortalecimento de pol\u00edticas nacionais, em especial de educa\u00e7\u00e3o infantil, e realizar an\u00e1lises comparativas entre pa\u00edses. Ao considerar os ambientes em que as crian\u00e7as vivem e permitir que expressem seus interesses e aspira\u00e7\u00f5es futuras, o estudo busca tamb\u00e9m ampliar a compreens\u00e3o sobre as m\u00faltiplas inf\u00e2ncias no pa\u00eds, abrangendo diferentes regi\u00f5es e contextos de vulnerabilidade. \t\t\t\t\t\t\t\t\t\t<\/p>\n\t\t\t\t\t\t\t\t\t\n\t\t\t\t\t\t\t\t\t\t\t\t\t\t\t\t\t<\/li>\n\t\t\t\t\t\t\t\t\t\t\t\t\t<\/ul>\n\t\t\t\t\t\t\t\t\t<\/div>\n\t\t\t<\/div>\n\n\t\t\t<div class=\"desktop relative h-auto xm:h-auto xm:w-1\/2\">\n\t\t\t\t\t\t\t\t\t<img decoding=\"async\" fetchpriority=\"high\" class=\"hidden xs:block w-full h-full object-cover\" src=\"https:\/\/hml-fundacaomariacecilia.codebit.biz\/wp-content\/uploads\/2024\/08\/IELS-interna-foto-carol-gherardi-fundacao-maria-cecilia-souto-vidigal-cortada.jpg\" srcset=\"https:\/\/hml-fundacaomariacecilia.codebit.biz\/wp-content\/uploads\/2024\/08\/IELS-interna-foto-carol-gherardi-fundacao-maria-cecilia-souto-vidigal-cortada.jpg\" alt=\"IELS-interna-foto-carol-gherardi-fundacao-maria-cecilia-souto-vidigal-cortada\">\n\t\t\t\t\t\t\t\t\t\t\t\t\t<img decoding=\"async\" fetchpriority=\"high\" class=\"xs:hidden w-full h-full\" src=\"https:\/\/hml-fundacaomariacecilia.codebit.biz\/wp-content\/uploads\/2024\/08\/IELS-interna-foto-carol-gherardi-fundacao-maria-cecilia-souto-vidigal-cortada.jpg\" srcset=\"https:\/\/hml-fundacaomariacecilia.codebit.biz\/wp-content\/uploads\/2024\/08\/IELS-interna-foto-carol-gherardi-fundacao-maria-cecilia-souto-vidigal-cortada.jpg\" alt=\"IELS-interna-foto-carol-gherardi-fundacao-maria-cecilia-souto-vidigal-cortada\">\n\t\t\t\t\t\t\t<\/div>\n\t\t<\/div>\n\t\t\t<\/section>","protected":false},"excerpt":{"rendered":"","protected":false},"author":5,"featured_media":0,"parent":371,"menu_order":0,"comment_status":"closed","ping_status":"closed","template":"page-portfolio.php","meta":{"footnotes":""},"class_list":["post-10653","page","type-page","status-publish","hentry"],"acf":[],"yoast_head":"<!-- This site is optimized with the Yoast SEO plugin v24.4 - https:\/\/yoast.com\/wordpress\/plugins\/seo\/ -->\n<title>Apoio ao International Early Learning and Child Well-being Study (Iels) no Brasil - Funda\u00e7\u00e3o Maria Cecilia Souto Vidigal<\/title>\n<meta name=\"robots\" content=\"index, follow, max-snippet:-1, max-image-preview:large, max-video-preview:-1\" \/>\n<link rel=\"canonical\" href=\"https:\/\/hml-fundacaomariacecilia.codebit.biz\/en\/o-que-fazemos\/apoio-avaliacao-iels-brasil\/\" \/>\n<meta property=\"og:locale\" content=\"en_US\" \/>\n<meta property=\"og:type\" content=\"article\" \/>\n<meta property=\"og:title\" content=\"Apoio ao International Early Learning and Child Well-being Study (Iels) no Brasil - Funda\u00e7\u00e3o Maria Cecilia Souto Vidigal\" \/>\n<meta property=\"og:url\" content=\"https:\/\/hml-fundacaomariacecilia.codebit.biz\/en\/o-que-fazemos\/apoio-avaliacao-iels-brasil\/\" \/>\n<meta property=\"og:site_name\" content=\"Funda\u00e7\u00e3o Maria Cecilia Souto Vidigal\" \/>\n<meta property=\"article:publisher\" content=\"https:\/\/www.facebook.com\/FundacaoMariaCeciliaSoutoVidigal\/\" \/>\n<meta property=\"article:modified_time\" content=\"2024-08-07T01:18:25+00:00\" \/>\n<meta name=\"twitter:card\" content=\"summary_large_image\" \/>\n<script type=\"application\/ld+json\" class=\"yoast-schema-graph\">{\"@context\":\"https:\/\/schema.org\",\"@graph\":[{\"@type\":\"WebPage\",\"@id\":\"https:\/\/hml-fundacaomariacecilia.codebit.biz\/o-que-fazemos\/apoio-avaliacao-iels-brasil\/\",\"url\":\"https:\/\/hml-fundacaomariacecilia.codebit.biz\/o-que-fazemos\/apoio-avaliacao-iels-brasil\/\",\"name\":\"Apoio ao International Early Learning and Child Well-being Study (Iels) no Brasil - Funda\u00e7\u00e3o Maria Cecilia Souto Vidigal\",\"isPartOf\":{\"@id\":\"https:\/\/fmcsv.sandbox.dev.br\/#website\"},\"datePublished\":\"2024-08-06T02:13:21+00:00\",\"dateModified\":\"2024-08-07T01:18:25+00:00\",\"breadcrumb\":{\"@id\":\"https:\/\/hml-fundacaomariacecilia.codebit.biz\/o-que-fazemos\/apoio-avaliacao-iels-brasil\/#breadcrumb\"},\"inLanguage\":\"en-US\",\"potentialAction\":[{\"@type\":\"ReadAction\",\"target\":[\"https:\/\/hml-fundacaomariacecilia.codebit.biz\/o-que-fazemos\/apoio-avaliacao-iels-brasil\/\"]}]},{\"@type\":\"BreadcrumbList\",\"@id\":\"https:\/\/hml-fundacaomariacecilia.codebit.biz\/o-que-fazemos\/apoio-avaliacao-iels-brasil\/#breadcrumb\",\"itemListElement\":[{\"@type\":\"ListItem\",\"position\":1,\"name\":\"In\u00edcio\",\"item\":\"https:\/\/hml-fundacaomariacecilia.codebit.biz\/\"},{\"@type\":\"ListItem\",\"position\":2,\"name\":\"O que fazemos\",\"item\":\"https:\/\/hml-fundacaomariacecilia.codebit.biz\/o-que-fazemos\/\"},{\"@type\":\"ListItem\",\"position\":3,\"name\":\"Apoio ao International Early Learning and Child Well-being Study (Iels) no Brasil\"}]},{\"@type\":\"WebSite\",\"@id\":\"https:\/\/fmcsv.sandbox.dev.br\/#website\",\"url\":\"https:\/\/fmcsv.sandbox.dev.br\/\",\"name\":\"Funda\u00e7\u00e3o Maria Cecilia Souto Vidigal\",\"description\":\"Cuidar de cada crian\u00e7a \u00e9 cuidar do pa\u00eds inteiro\",\"publisher\":{\"@id\":\"https:\/\/fmcsv.sandbox.dev.br\/#organization\"},\"potentialAction\":[{\"@type\":\"SearchAction\",\"target\":{\"@type\":\"EntryPoint\",\"urlTemplate\":\"https:\/\/fmcsv.sandbox.dev.br\/?s={search_term_string}\"},\"query-input\":{\"@type\":\"PropertyValueSpecification\",\"valueRequired\":true,\"valueName\":\"search_term_string\"}}],\"inLanguage\":\"en-US\"},{\"@type\":\"Organization\",\"@id\":\"https:\/\/fmcsv.sandbox.dev.br\/#organization\",\"name\":\"Funda\u00e7\u00e3o Maria Cecilia Souto Vidigal\",\"url\":\"https:\/\/fmcsv.sandbox.dev.br\/\",\"logo\":{\"@type\":\"ImageObject\",\"inLanguage\":\"en-US\",\"@id\":\"https:\/\/fmcsv.sandbox.dev.br\/#\/schema\/logo\/image\/\",\"url\":\"https:\/\/hml-fundacaomariacecilia.codebit.biz\/wp-content\/uploads\/2024\/04\/Logo.svg\",\"contentUrl\":\"https:\/\/hml-fundacaomariacecilia.codebit.biz\/wp-content\/uploads\/2024\/04\/Logo.svg\",\"caption\":\"Funda\u00e7\u00e3o Maria Cecilia Souto Vidigal\"},\"image\":{\"@id\":\"https:\/\/fmcsv.sandbox.dev.br\/#\/schema\/logo\/image\/\"},\"sameAs\":[\"https:\/\/www.facebook.com\/FundacaoMariaCeciliaSoutoVidigal\/\",\"https:\/\/www.linkedin.com\/company\/fmcsv\/\",\"https:\/\/www.instagram.com\/fundacaomariacecilia\/\"]}]}<\/script>\n<!-- \/ Yoast SEO plugin. -->","yoast_head_json":{"title":"Apoio ao International Early Learning and Child Well-being Study (Iels) no Brasil - Funda\u00e7\u00e3o Maria Cecilia Souto Vidigal","robots":{"index":"index","follow":"follow","max-snippet":"max-snippet:-1","max-image-preview":"max-image-preview:large","max-video-preview":"max-video-preview:-1"},"canonical":"https:\/\/hml-fundacaomariacecilia.codebit.biz\/en\/o-que-fazemos\/apoio-avaliacao-iels-brasil\/","og_locale":"en_US","og_type":"article","og_title":"Apoio ao International Early Learning and Child Well-being Study (Iels) no Brasil - Funda\u00e7\u00e3o Maria Cecilia Souto Vidigal","og_url":"https:\/\/hml-fundacaomariacecilia.codebit.biz\/en\/o-que-fazemos\/apoio-avaliacao-iels-brasil\/","og_site_name":"Funda\u00e7\u00e3o Maria Cecilia Souto Vidigal","article_publisher":"https:\/\/www.facebook.com\/FundacaoMariaCeciliaSoutoVidigal\/","article_modified_time":"2024-08-07T01:18:25+00:00","twitter_card":"summary_large_image","schema":{"@context":"https:\/\/schema.org","@graph":[{"@type":"WebPage","@id":"https:\/\/hml-fundacaomariacecilia.codebit.biz\/o-que-fazemos\/apoio-avaliacao-iels-brasil\/","url":"https:\/\/hml-fundacaomariacecilia.codebit.biz\/o-que-fazemos\/apoio-avaliacao-iels-brasil\/","name":"Apoio ao International Early Learning and Child Well-being Study (Iels) no Brasil - Funda\u00e7\u00e3o Maria Cecilia Souto Vidigal","isPartOf":{"@id":"https:\/\/fmcsv.sandbox.dev.br\/#website"},"datePublished":"2024-08-06T02:13:21+00:00","dateModified":"2024-08-07T01:18:25+00:00","breadcrumb":{"@id":"https:\/\/hml-fundacaomariacecilia.codebit.biz\/o-que-fazemos\/apoio-avaliacao-iels-brasil\/#breadcrumb"},"inLanguage":"en-US","potentialAction":[{"@type":"ReadAction","target":["https:\/\/hml-fundacaomariacecilia.codebit.biz\/o-que-fazemos\/apoio-avaliacao-iels-brasil\/"]}]},{"@type":"BreadcrumbList","@id":"https:\/\/hml-fundacaomariacecilia.codebit.biz\/o-que-fazemos\/apoio-avaliacao-iels-brasil\/#breadcrumb","itemListElement":[{"@type":"ListItem","position":1,"name":"In\u00edcio","item":"https:\/\/hml-fundacaomariacecilia.codebit.biz\/"},{"@type":"ListItem","position":2,"name":"O que fazemos","item":"https:\/\/hml-fundacaomariacecilia.codebit.biz\/o-que-fazemos\/"},{"@type":"ListItem","position":3,"name":"Apoio ao International Early Learning and Child Well-being Study (Iels) no Brasil"}]},{"@type":"WebSite","@id":"https:\/\/fmcsv.sandbox.dev.br\/#website","url":"https:\/\/fmcsv.sandbox.dev.br\/","name":"Funda\u00e7\u00e3o Maria Cecilia Souto Vidigal","description":"Caring for every child is caring for the whole country","publisher":{"@id":"https:\/\/fmcsv.sandbox.dev.br\/#organization"},"potentialAction":[{"@type":"SearchAction","target":{"@type":"EntryPoint","urlTemplate":"https:\/\/fmcsv.sandbox.dev.br\/?s={search_term_string}"},"query-input":{"@type":"PropertyValueSpecification","valueRequired":true,"valueName":"search_term_string"}}],"inLanguage":"en-US"},{"@type":"Organization","@id":"https:\/\/fmcsv.sandbox.dev.br\/#organization","name":"Funda\u00e7\u00e3o Maria Cecilia Souto Vidigal","url":"https:\/\/fmcsv.sandbox.dev.br\/","logo":{"@type":"ImageObject","inLanguage":"en-US","@id":"https:\/\/fmcsv.sandbox.dev.br\/#\/schema\/logo\/image\/","url":"https:\/\/hml-fundacaomariacecilia.codebit.biz\/wp-content\/uploads\/2024\/04\/Logo.svg","contentUrl":"https:\/\/hml-fundacaomariacecilia.codebit.biz\/wp-content\/uploads\/2024\/04\/Logo.svg","caption":"Funda\u00e7\u00e3o Maria Cecilia Souto Vidigal"},"image":{"@id":"https:\/\/fmcsv.sandbox.dev.br\/#\/schema\/logo\/image\/"},"sameAs":["https:\/\/www.facebook.com\/FundacaoMariaCeciliaSoutoVidigal\/","https:\/\/www.linkedin.com\/company\/fmcsv\/","https:\/\/www.instagram.com\/fundacaomariacecilia\/"]}]}},"_links":{"self":[{"href":"https:\/\/hml-fundacaomariacecilia.codebit.biz\/en\/wp-json\/wp\/v2\/pages\/10653"}],"collection":[{"href":"https:\/\/hml-fundacaomariacecilia.codebit.biz\/en\/wp-json\/wp\/v2\/pages"}],"about":[{"href":"https:\/\/hml-fundacaomariacecilia.codebit.biz\/en\/wp-json\/wp\/v2\/types\/page"}],"author":[{"embeddable":true,"href":"https:\/\/hml-fundacaomariacecilia.codebit.biz\/en\/wp-json\/wp\/v2\/users\/5"}],"replies":[{"embeddable":true,"href":"https:\/\/hml-fundacaomariacecilia.codebit.biz\/en\/wp-json\/wp\/v2\/comments?post=10653"}],"version-history":[{"count":34,"href":"https:\/\/hml-fundacaomariacecilia.codebit.biz\/en\/wp-json\/wp\/v2\/pages\/10653\/revisions"}],"predecessor-version":[{"id":11001,"href":"https:\/\/hml-fundacaomariacecilia.codebit.biz\/en\/wp-json\/wp\/v2\/pages\/10653\/revisions\/11001"}],"up":[{"embeddable":true,"href":"https:\/\/hml-fundacaomariacecilia.codebit.biz\/en\/wp-json\/wp\/v2\/pages\/371"}],"wp:attachment":[{"href":"https:\/\/hml-fundacaomariacecilia.codebit.biz\/en\/wp-json\/wp\/v2\/media?parent=10653"}],"curies":[{"name":"wp","href":"https:\/\/api.w.org\/{rel}","templated":true}]}}