{"id":10647,"date":"2024-08-05T23:07:10","date_gmt":"2024-08-06T02:07:10","guid":{"rendered":"https:\/\/hml-fundacaomariacecilia.codebit.biz\/?page_id=10647"},"modified":"2024-08-06T22:18:16","modified_gmt":"2024-08-07T01:18:16","slug":"apoio-gsed-brasil","status":"publish","type":"page","link":"https:\/\/hml-fundacaomariacecilia.codebit.biz\/en\/o-que-fazemos\/apoio-gsed-brasil\/","title":{"rendered":"Apoio ao Global Scales for Early Development (Gsed) no Brasil"},"content":{"rendered":"<section id=\"block_986a3a40b66c9b5d546900fab00c08cb\"\n\t\t\t class=\"hero-background-axios padding-top-0 padding-bottom-0 padding-top-mobile-0 padding-bottom-mobile-0 hero-background-text relative w-full object-cover flex flex-col justify-center items-center overflow-x-hidden\">\n\t\t<div class=\"relative w-full min-h-398 flex flex-col justify-end items-center object-cover overflow-x-hidden\">\n\t\t\t\t\t\t\t\t\t\t\t\t<img decoding=\"async\" fetchpriority=\"high\"\n\t\t\t\t\t\t class=\"absolute top-0 right-0 bottom-0 w-full h-full object-cover bg-no-repeat z-0\"\n\t\t\t\t\t\t src=\"https:\/\/hml-fundacaomariacecilia.codebit.biz\/wp-content\/uploads\/2024\/08\/GSED-Capa-foto-julio-almeida-fundacao-maria-cecilia-souto-vidigal-copiar.jpg\"\n\t\t\t\t\t\t srcset=\"https:\/\/hml-fundacaomariacecilia.codebit.biz\/wp-content\/uploads\/2024\/08\/GSED-Capa-foto-julio-almeida-fundacao-maria-cecilia-souto-vidigal-copiar.jpg\"\n\t\t\t\t\t\t alt=\"GSED-Capa-foto-julio-almeida-fundacao-maria-cecilia-souto-vidigal copiar\">\n\t\t\t\t\t\t\t\t\t\t\t\t\t\t\t\t\t\t<div class=\"absolute top-0 right-0 mr-3 sm:mr-32 bg-gray-100 border-0 rounded-b-20\">\n\t\t\t\t<p class=\"text-marine text-lg px-6 font-heading font-bold text-center\">Forma de atua\u00e7\u00e3o:<\/p>\n\t\t\t\t<p class=\"text-3xl text-marine font-heading text-center px-5\">Apoio t\u00e9cnico a pol\u00edticas p\u00fablicas<\/p>\n\t\t\t\t<div class=\"popupAxiosBot h-4 border-0 rounded-b-20\"><\/div>\n\t\t\t\t\t\t\t<\/div>\n\n\t\t\t<div class=\"relative w-full flex flex-col pb-9 lg:pb-12 z-20\">\n\t\t\t\t<div class=\"container mx-auto\">\n\t\t\t\t\t\t\t\t\t\t\t\t\t\t\t\t<h2 class=\"text-2xl lg:text-5xl lg:text-5xl text-white font-heading font-bold max-w-md sm:max-w-xl 1024:max-w-4xl xl:max-w-6xl leading-none mt-4 pt-6\">\n\t\t\t\t\t\t\tApoio ao<br>Global Scales<br> for Early Development (Gsed) no Brasil\t\t\t\t\t\t<\/h2>\n\t\t\t\t\t\t\t\t\t\t\t\t\t\t<\/div>\n\t\t\t<\/div>\n\t\t<\/div>\n\n\n\t\t<div class=\"bg-gray-100 relative w-full py-16 z-20\">\n\t\t\t<div class=\"bootstrap-wrapper container\">\n\t\t\t\t\t\t\t\t\t<div class=\"row\">\n\t\t\t\t\t\t<div class=\"col-12 px-0\">\n\t\t\t\t\t\t\t<p class=\"hero-background-axios__tag\">\n\t\t\t\t\t\t\t\t<span>Status:<\/span> Em andamento\t\t\t\t\t\t\t<\/p>\n\t\t\t\t\t\t<\/div>\n\t\t\t\t\t<\/div>\n\t\t\t\t\n\t\t\t\t\t\t\t\t\t<ul class=\"row\">\n\t\t\t\t\t\t\t\t\t\t\t\t\t<li class=\"col-12 col-md-4\">\n\t\t\t\t\t\t\t\t\n\t\t\t\t\t\t\t\t<div class=\"mt-10\">\n\t\t\t\t\t\t\t\t\t\t\t\t\t\t\t\t\t\t\t<h3 class=\"text-xl text-marine  font-heading font-bold leading-tight\">\n\t\t\t\t\t\t\t\t\t\t\tObjetivo\t\t\t\t\t\t\t\t\t\t<\/h3>\n\t\t\t\t\t\t\t\t\t\t\t\t\t\t\t\t\t\t\t\t\t\t\t\t\t\t\t\t<p class=\"text-base text-marine leading-loose tracking-wide font-normal mt-4\">\n\t\t\t\t\t\t\t\t\t\t\tImplementar o Gsed no Brasil a fim de avaliar o desenvolvimento de crian\u00e7as com at\u00e9 3 anos\t\t\t\t\t\t\t\t\t\t<\/p>\n\t\t\t\t\t\t\t\t\t\t\t\t\t\t\t\t\t<\/div>\n\t\t\t\t\t\t\t<\/li>\n\t\t\t\t\t\t\t\t\t\t\t\t\t<li class=\"col-12 col-md-4\">\n\t\t\t\t\t\t\t\t\n\t\t\t\t\t\t\t\t<div class=\"mt-10\">\n\t\t\t\t\t\t\t\t\t\t\t\t\t\t\t\t\t\t\t<h3 class=\"text-xl text-marine  font-heading font-bold leading-tight\">\n\t\t\t\t\t\t\t\t\t\t\tP\u00fablico\t\t\t\t\t\t\t\t\t\t<\/h3>\n\t\t\t\t\t\t\t\t\t\t\t\t\t\t\t\t\t\t\t\t\t\t\t\t\t\t\t\t<p class=\"text-base text-marine leading-loose tracking-wide font-normal mt-4\">\n\t\t\t\t\t\t\t\t\t\t\tGestores p\u00fablicos do Executivo Federal\t\t\t\t\t\t\t\t\t\t<\/p>\n\t\t\t\t\t\t\t\t\t\t\t\t\t\t\t\t\t<\/div>\n\t\t\t\t\t\t\t<\/li>\n\t\t\t\t\t\t\t\t\t\t\t\t\t<li class=\"col-12 col-md-4\">\n\t\t\t\t\t\t\t\t\n\t\t\t\t\t\t\t\t<div class=\"mt-10\">\n\t\t\t\t\t\t\t\t\t\t\t\t\t\t\t\t\t\t\t<h3 class=\"text-xl text-marine  font-heading font-bold leading-tight\">\n\t\t\t\t\t\t\t\t\t\t\tPartners\t\t\t\t\t\t\t\t\t\t<\/h3>\n\t\t\t\t\t\t\t\t\t\t\t\t\t\t\t\t\t\t\t\t\t\t\t\t\t\t\t\t<p class=\"text-base text-marine leading-loose tracking-wide font-normal mt-4\">\n\t\t\t\t\t\t\t\t\t\t\tOrganiza\u00e7\u00e3o Mundial de Sa\u00fade (OMS), Faculdade de Medicina da Universidade de S\u00e3o Paulo\t\t\t\t\t\t\t\t\t\t<\/p>\n\t\t\t\t\t\t\t\t\t\t\t\t\t\t\t\t\t<\/div>\n\t\t\t\t\t\t\t<\/li>\n\t\t\t\t\t\t\t\t\t\t\t<\/ul>\n\t\t\t\t\t\t\t<\/div>\n\t\t<\/div>\n\t<\/section>\n\t\n\n\n\n\n\n\t<section id=\"block_e4b8112c9b7a1bb740bc9ef05e1c8b44\" class=\"white-block white-block--axis-page padding-top-0 padding-bottom-80 padding-top-mobile-0 padding-bottom-mobile-0 white-block relative w-full overflow-hidden\">\n\t\t<div class=\"w-full bg_history\">\n\t\t\t<div class=\"container mx-auto\">\n\t\t\t\t<div class=\"w-full flex flex-col items-center gap-8 mx-auto xm:max-w-4lg xl:max-w-5xl\">\n\t\t\t\t\t\n\t\t\t\t\t\t\t\t\t\t\t<p class=\"white-block__p-content\t\t\t\t\t\tw-full\t\t\t\t\t\ttext-base\t\t\t\t\t\ttext-marine\t\t\t\t\t\tleading-7\t\t\t\t\t\tfont-text\t\t\t\t\t\trelative\t\t\t\t\t\tsm:m-auto\t\t\t\t\t\tsm:text-justify\t\t\t\t\t\tlg:text-xl\t\t\t\t\t\txm:text-lg\t\t\t\t\t\txl:text-lg\t\t\t\t\t\tz-10\">\n\t\t\t\t\t\t\tEm 2023, a Funda\u00e7\u00e3o se uniu ao grupo de organiza\u00e7\u00f5es globais que apoiam a segunda fase do Global Scales for Early Development (Gsed), uma iniciativa da Organiza\u00e7\u00e3o Mundial de Sa\u00fade (OMS) para contribuir com o monitoramento do alcance da meta 4.2 dos Objetivos de Desenvolvimento Sustent\u00e1vel, que prev\u00ea a garantia de cuidados, educa\u00e7\u00e3o infantil de qualidade e desenvolvimento integral na primeira inf\u00e2ncia a todas as crian\u00e7as at\u00e9 2030.<br> <br \/>\r\nO Gsed busca construir um conjunto de instrumentos de uso livre e internacionalmente compar\u00e1veis para monitorar o desenvolvimento integral das crian\u00e7as com at\u00e9 36 meses em n\u00edvel populacional e individual. Al\u00e9m disso, avalia o impacto dos programas e pol\u00edticas com essa finalidade.<br><br \/>\r\nA primeira fase do projeto contemplou a valida\u00e7\u00e3o de instrumentos em tr\u00eas pa\u00edses: Bangladesh, Paquist\u00e3o e Tanz\u00e2nia. A segunda etapa est\u00e1 em andamento, entre 2023 e 2025, na Costa do Marfim, China, Pa\u00edses Baixos e Brasil. O objetivo \u00e9 criar padr\u00f5es de desenvolvimento (curvas DPI) e adaptar a ferramenta para avalia\u00e7\u00e3o de uso cl\u00ednico nos casos de crian\u00e7as em risco de desenvolvimento.<br><br \/>\r\nO Centro de Desenvolvimento Infantil da Faculdade de Medicina da Universidade de S\u00e3o Paulo \u00e9 parceiro t\u00e9cnico no Brasil e realizar\u00e1 o estudo em S\u00e3o Paulo (SP) e Pelotas (RS). \t\t\t\t\t\t<\/p>\n\t\t\t\t\t\n\t\t\t\t\t\t\t\t\t<\/div>\n\t\t\t<\/div>\n\t\t<\/div>\n\t<\/section>\n\t\n\n\n\n\n\t<section id=\"block_e69892fa966c1be1877e683e8f3096c5\" class=\"image-text padding-top-0 padding-bottom-120 padding-top-mobile-0 padding-bottom-mobile-80 image-text relative w-full py-20 overflow-hidden\">\n\t\t<div class=\"mobile relative h-auto xm:h-auto xm:w-1\/2\">\n\t\t\t\t\t\t\t<img decoding=\"async\" fetchpriority=\"high\" class=\"hidden xs:block w-full h-full object-cover\" src=\"https:\/\/hml-fundacaomariacecilia.codebit.biz\/wp-content\/uploads\/2024\/08\/cortada-GSED-Interna-foto-julio-almeida-fundacao-maria-cecilia-souto-vidigal-copiar.jpg\" srcset=\"https:\/\/hml-fundacaomariacecilia.codebit.biz\/wp-content\/uploads\/2024\/08\/cortada-GSED-Interna-foto-julio-almeida-fundacao-maria-cecilia-souto-vidigal-copiar.jpg\" alt=\"cortada-GSED-Interna-foto-julio-almeida-fundacao-maria-cecilia-souto-vidigal copiar\">\n\t\t\t\t\t\t\t\t\t\t<img decoding=\"async\" fetchpriority=\"high\" class=\"xs:hidden w-full h-full\" src=\"https:\/\/hml-fundacaomariacecilia.codebit.biz\/wp-content\/uploads\/2024\/08\/cortada-GSED-Interna-foto-julio-almeida-fundacao-maria-cecilia-souto-vidigal-copiar.jpg\" srcset=\"https:\/\/hml-fundacaomariacecilia.codebit.biz\/wp-content\/uploads\/2024\/08\/cortada-GSED-Interna-foto-julio-almeida-fundacao-maria-cecilia-souto-vidigal-copiar.jpg\" alt=\"cortada-GSED-Interna-foto-julio-almeida-fundacao-maria-cecilia-souto-vidigal copiar\">\n\t\t\t\t\t<\/div>\n\t\t\t\t<div class=\"overflow-hidden container-infancia w-full mx-auto flex flex-col xm:flex-row\">\n\t\t\t<div class=\"image-text__content relative flex flex-col justify-center items-start xm:w-1\/2 p-10 px-5 px-10 1024:pl-16  lg:py-32\" style=\"background-color: #1d1d35 ;\">\n\t\t\t\t<div class=\"image-text__content-wrap\">\n\t\t\t\t\t\n\t\t\t\t\t\t\t\t\t\t\t<ul class=\"flex flex-col gap-8\">\n\t\t\t\t\t\t\t\t\t\t\t\t\t\t\t<li class=\"flex flex-col gap-3\">\n\t\t\t\t\t\t\t\t\t\t\t\t\t\t\t\t\t\t\t<h3 class=\"max-w-xs xl:max-w-xl text-2xl xl:text-3xg font-bold\"  style=\"color: #ffffff;\">\n\t\t\t\t\t\t\t\t\t\t\tResultados esperados\t\t\t\t\t\t\t\t\t\t<\/h3>\n\t\t\t\t\t\t\t\t\t\n\t\t\t\t\t\t\t\t\t\t\t\t\t\t\t\t\t\t\t<p class=\"max-w-xl text-base xl:text-lg font-text\"  style=\"color: #ffffff;\">\n\t\t\t\t\t\t\t\t\t\t\tO conjunto de ferramentas do Gsed ir\u00e1 colaborar para uma an\u00e1lise aprofundada sobre a situa\u00e7\u00e3o atual do desenvolvimento da crian\u00e7a na primeir\u00edssima inf\u00e2ncia no Brasil, fornecendo informa\u00e7\u00f5es in\u00e9ditas para apoiar o fortalecimento de pol\u00edticas p\u00fablicas que atendam beb\u00eas, crian\u00e7as pequenas e suas fam\u00edlias. \t\t\t\t\t\t\t\t\t\t<\/p>\n\t\t\t\t\t\t\t\t\t\n\t\t\t\t\t\t\t\t\t\t\t\t\t\t\t\t\t<\/li>\n\t\t\t\t\t\t\t\t\t\t\t\t\t<\/ul>\n\t\t\t\t\t\t\t\t\t<\/div>\n\t\t\t<\/div>\n\n\t\t\t<div class=\"desktop relative h-auto xm:h-auto xm:w-1\/2\">\n\t\t\t\t\t\t\t\t\t<img decoding=\"async\" fetchpriority=\"high\" class=\"hidden xs:block w-full h-full object-cover\" src=\"https:\/\/hml-fundacaomariacecilia.codebit.biz\/wp-content\/uploads\/2024\/08\/cortada-GSED-Interna-foto-julio-almeida-fundacao-maria-cecilia-souto-vidigal-copiar.jpg\" srcset=\"https:\/\/hml-fundacaomariacecilia.codebit.biz\/wp-content\/uploads\/2024\/08\/cortada-GSED-Interna-foto-julio-almeida-fundacao-maria-cecilia-souto-vidigal-copiar.jpg\" alt=\"cortada-GSED-Interna-foto-julio-almeida-fundacao-maria-cecilia-souto-vidigal copiar\">\n\t\t\t\t\t\t\t\t\t\t\t\t\t<img decoding=\"async\" fetchpriority=\"high\" class=\"xs:hidden w-full h-full\" src=\"https:\/\/hml-fundacaomariacecilia.codebit.biz\/wp-content\/uploads\/2024\/08\/cortada-GSED-Interna-foto-julio-almeida-fundacao-maria-cecilia-souto-vidigal-copiar.jpg\" srcset=\"https:\/\/hml-fundacaomariacecilia.codebit.biz\/wp-content\/uploads\/2024\/08\/cortada-GSED-Interna-foto-julio-almeida-fundacao-maria-cecilia-souto-vidigal-copiar.jpg\" alt=\"cortada-GSED-Interna-foto-julio-almeida-fundacao-maria-cecilia-souto-vidigal copiar\">\n\t\t\t\t\t\t\t<\/div>\n\t\t<\/div>\n\t\t\t<\/section>","protected":false},"excerpt":{"rendered":"","protected":false},"author":5,"featured_media":0,"parent":371,"menu_order":0,"comment_status":"closed","ping_status":"closed","template":"page-portfolio.php","meta":{"footnotes":""},"class_list":["post-10647","page","type-page","status-publish","hentry"],"acf":[],"yoast_head":"<!-- This site is optimized with the Yoast SEO plugin v24.4 - https:\/\/yoast.com\/wordpress\/plugins\/seo\/ -->\n<title>Apoio ao Global Scales for Early Development (Gsed) no Brasil - Funda\u00e7\u00e3o Maria Cecilia Souto Vidigal<\/title>\n<meta name=\"robots\" content=\"index, follow, max-snippet:-1, max-image-preview:large, max-video-preview:-1\" \/>\n<link rel=\"canonical\" href=\"https:\/\/hml-fundacaomariacecilia.codebit.biz\/en\/o-que-fazemos\/apoio-gsed-brasil\/\" \/>\n<meta property=\"og:locale\" content=\"en_US\" \/>\n<meta property=\"og:type\" content=\"article\" \/>\n<meta property=\"og:title\" content=\"Apoio ao Global Scales for Early Development (Gsed) no Brasil - Funda\u00e7\u00e3o Maria Cecilia Souto Vidigal\" \/>\n<meta property=\"og:url\" content=\"https:\/\/hml-fundacaomariacecilia.codebit.biz\/en\/o-que-fazemos\/apoio-gsed-brasil\/\" \/>\n<meta property=\"og:site_name\" content=\"Funda\u00e7\u00e3o Maria Cecilia Souto Vidigal\" \/>\n<meta property=\"article:publisher\" content=\"https:\/\/www.facebook.com\/FundacaoMariaCeciliaSoutoVidigal\/\" \/>\n<meta property=\"article:modified_time\" content=\"2024-08-07T01:18:16+00:00\" \/>\n<meta name=\"twitter:card\" content=\"summary_large_image\" \/>\n<script type=\"application\/ld+json\" class=\"yoast-schema-graph\">{\"@context\":\"https:\/\/schema.org\",\"@graph\":[{\"@type\":\"WebPage\",\"@id\":\"https:\/\/hml-fundacaomariacecilia.codebit.biz\/o-que-fazemos\/apoio-gsed-brasil\/\",\"url\":\"https:\/\/hml-fundacaomariacecilia.codebit.biz\/o-que-fazemos\/apoio-gsed-brasil\/\",\"name\":\"Apoio ao Global Scales for Early Development (Gsed) no Brasil - Funda\u00e7\u00e3o Maria Cecilia Souto Vidigal\",\"isPartOf\":{\"@id\":\"https:\/\/fmcsv.sandbox.dev.br\/#website\"},\"datePublished\":\"2024-08-06T02:07:10+00:00\",\"dateModified\":\"2024-08-07T01:18:16+00:00\",\"breadcrumb\":{\"@id\":\"https:\/\/hml-fundacaomariacecilia.codebit.biz\/o-que-fazemos\/apoio-gsed-brasil\/#breadcrumb\"},\"inLanguage\":\"en-US\",\"potentialAction\":[{\"@type\":\"ReadAction\",\"target\":[\"https:\/\/hml-fundacaomariacecilia.codebit.biz\/o-que-fazemos\/apoio-gsed-brasil\/\"]}]},{\"@type\":\"BreadcrumbList\",\"@id\":\"https:\/\/hml-fundacaomariacecilia.codebit.biz\/o-que-fazemos\/apoio-gsed-brasil\/#breadcrumb\",\"itemListElement\":[{\"@type\":\"ListItem\",\"position\":1,\"name\":\"In\u00edcio\",\"item\":\"https:\/\/hml-fundacaomariacecilia.codebit.biz\/\"},{\"@type\":\"ListItem\",\"position\":2,\"name\":\"O que fazemos\",\"item\":\"https:\/\/hml-fundacaomariacecilia.codebit.biz\/o-que-fazemos\/\"},{\"@type\":\"ListItem\",\"position\":3,\"name\":\"Apoio ao Global Scales for Early Development (Gsed) no Brasil\"}]},{\"@type\":\"WebSite\",\"@id\":\"https:\/\/fmcsv.sandbox.dev.br\/#website\",\"url\":\"https:\/\/fmcsv.sandbox.dev.br\/\",\"name\":\"Funda\u00e7\u00e3o Maria Cecilia Souto Vidigal\",\"description\":\"Cuidar de cada crian\u00e7a \u00e9 cuidar do pa\u00eds inteiro\",\"publisher\":{\"@id\":\"https:\/\/fmcsv.sandbox.dev.br\/#organization\"},\"potentialAction\":[{\"@type\":\"SearchAction\",\"target\":{\"@type\":\"EntryPoint\",\"urlTemplate\":\"https:\/\/fmcsv.sandbox.dev.br\/?s={search_term_string}\"},\"query-input\":{\"@type\":\"PropertyValueSpecification\",\"valueRequired\":true,\"valueName\":\"search_term_string\"}}],\"inLanguage\":\"en-US\"},{\"@type\":\"Organization\",\"@id\":\"https:\/\/fmcsv.sandbox.dev.br\/#organization\",\"name\":\"Funda\u00e7\u00e3o Maria Cecilia Souto Vidigal\",\"url\":\"https:\/\/fmcsv.sandbox.dev.br\/\",\"logo\":{\"@type\":\"ImageObject\",\"inLanguage\":\"en-US\",\"@id\":\"https:\/\/fmcsv.sandbox.dev.br\/#\/schema\/logo\/image\/\",\"url\":\"https:\/\/hml-fundacaomariacecilia.codebit.biz\/wp-content\/uploads\/2024\/04\/Logo.svg\",\"contentUrl\":\"https:\/\/hml-fundacaomariacecilia.codebit.biz\/wp-content\/uploads\/2024\/04\/Logo.svg\",\"caption\":\"Funda\u00e7\u00e3o Maria Cecilia Souto Vidigal\"},\"image\":{\"@id\":\"https:\/\/fmcsv.sandbox.dev.br\/#\/schema\/logo\/image\/\"},\"sameAs\":[\"https:\/\/www.facebook.com\/FundacaoMariaCeciliaSoutoVidigal\/\",\"https:\/\/www.linkedin.com\/company\/fmcsv\/\",\"https:\/\/www.instagram.com\/fundacaomariacecilia\/\"]}]}<\/script>\n<!-- \/ Yoast SEO plugin. -->","yoast_head_json":{"title":"Apoio ao Global Scales for Early Development (Gsed) no Brasil - Funda\u00e7\u00e3o Maria Cecilia Souto Vidigal","robots":{"index":"index","follow":"follow","max-snippet":"max-snippet:-1","max-image-preview":"max-image-preview:large","max-video-preview":"max-video-preview:-1"},"canonical":"https:\/\/hml-fundacaomariacecilia.codebit.biz\/en\/o-que-fazemos\/apoio-gsed-brasil\/","og_locale":"en_US","og_type":"article","og_title":"Apoio ao Global Scales for Early Development (Gsed) no Brasil - Funda\u00e7\u00e3o Maria Cecilia Souto Vidigal","og_url":"https:\/\/hml-fundacaomariacecilia.codebit.biz\/en\/o-que-fazemos\/apoio-gsed-brasil\/","og_site_name":"Funda\u00e7\u00e3o Maria Cecilia Souto Vidigal","article_publisher":"https:\/\/www.facebook.com\/FundacaoMariaCeciliaSoutoVidigal\/","article_modified_time":"2024-08-07T01:18:16+00:00","twitter_card":"summary_large_image","schema":{"@context":"https:\/\/schema.org","@graph":[{"@type":"WebPage","@id":"https:\/\/hml-fundacaomariacecilia.codebit.biz\/o-que-fazemos\/apoio-gsed-brasil\/","url":"https:\/\/hml-fundacaomariacecilia.codebit.biz\/o-que-fazemos\/apoio-gsed-brasil\/","name":"Apoio ao Global Scales for Early Development (Gsed) no Brasil - Funda\u00e7\u00e3o Maria Cecilia Souto Vidigal","isPartOf":{"@id":"https:\/\/fmcsv.sandbox.dev.br\/#website"},"datePublished":"2024-08-06T02:07:10+00:00","dateModified":"2024-08-07T01:18:16+00:00","breadcrumb":{"@id":"https:\/\/hml-fundacaomariacecilia.codebit.biz\/o-que-fazemos\/apoio-gsed-brasil\/#breadcrumb"},"inLanguage":"en-US","potentialAction":[{"@type":"ReadAction","target":["https:\/\/hml-fundacaomariacecilia.codebit.biz\/o-que-fazemos\/apoio-gsed-brasil\/"]}]},{"@type":"BreadcrumbList","@id":"https:\/\/hml-fundacaomariacecilia.codebit.biz\/o-que-fazemos\/apoio-gsed-brasil\/#breadcrumb","itemListElement":[{"@type":"ListItem","position":1,"name":"In\u00edcio","item":"https:\/\/hml-fundacaomariacecilia.codebit.biz\/"},{"@type":"ListItem","position":2,"name":"O que fazemos","item":"https:\/\/hml-fundacaomariacecilia.codebit.biz\/o-que-fazemos\/"},{"@type":"ListItem","position":3,"name":"Apoio ao Global Scales for Early Development (Gsed) no Brasil"}]},{"@type":"WebSite","@id":"https:\/\/fmcsv.sandbox.dev.br\/#website","url":"https:\/\/fmcsv.sandbox.dev.br\/","name":"Funda\u00e7\u00e3o Maria Cecilia Souto Vidigal","description":"Caring for every child is caring for the whole country","publisher":{"@id":"https:\/\/fmcsv.sandbox.dev.br\/#organization"},"potentialAction":[{"@type":"SearchAction","target":{"@type":"EntryPoint","urlTemplate":"https:\/\/fmcsv.sandbox.dev.br\/?s={search_term_string}"},"query-input":{"@type":"PropertyValueSpecification","valueRequired":true,"valueName":"search_term_string"}}],"inLanguage":"en-US"},{"@type":"Organization","@id":"https:\/\/fmcsv.sandbox.dev.br\/#organization","name":"Funda\u00e7\u00e3o Maria Cecilia Souto Vidigal","url":"https:\/\/fmcsv.sandbox.dev.br\/","logo":{"@type":"ImageObject","inLanguage":"en-US","@id":"https:\/\/fmcsv.sandbox.dev.br\/#\/schema\/logo\/image\/","url":"https:\/\/hml-fundacaomariacecilia.codebit.biz\/wp-content\/uploads\/2024\/04\/Logo.svg","contentUrl":"https:\/\/hml-fundacaomariacecilia.codebit.biz\/wp-content\/uploads\/2024\/04\/Logo.svg","caption":"Funda\u00e7\u00e3o Maria Cecilia Souto Vidigal"},"image":{"@id":"https:\/\/fmcsv.sandbox.dev.br\/#\/schema\/logo\/image\/"},"sameAs":["https:\/\/www.facebook.com\/FundacaoMariaCeciliaSoutoVidigal\/","https:\/\/www.linkedin.com\/company\/fmcsv\/","https:\/\/www.instagram.com\/fundacaomariacecilia\/"]}]}},"_links":{"self":[{"href":"https:\/\/hml-fundacaomariacecilia.codebit.biz\/en\/wp-json\/wp\/v2\/pages\/10647"}],"collection":[{"href":"https:\/\/hml-fundacaomariacecilia.codebit.biz\/en\/wp-json\/wp\/v2\/pages"}],"about":[{"href":"https:\/\/hml-fundacaomariacecilia.codebit.biz\/en\/wp-json\/wp\/v2\/types\/page"}],"author":[{"embeddable":true,"href":"https:\/\/hml-fundacaomariacecilia.codebit.biz\/en\/wp-json\/wp\/v2\/users\/5"}],"replies":[{"embeddable":true,"href":"https:\/\/hml-fundacaomariacecilia.codebit.biz\/en\/wp-json\/wp\/v2\/comments?post=10647"}],"version-history":[{"count":12,"href":"https:\/\/hml-fundacaomariacecilia.codebit.biz\/en\/wp-json\/wp\/v2\/pages\/10647\/revisions"}],"predecessor-version":[{"id":11000,"href":"https:\/\/hml-fundacaomariacecilia.codebit.biz\/en\/wp-json\/wp\/v2\/pages\/10647\/revisions\/11000"}],"up":[{"embeddable":true,"href":"https:\/\/hml-fundacaomariacecilia.codebit.biz\/en\/wp-json\/wp\/v2\/pages\/371"}],"wp:attachment":[{"href":"https:\/\/hml-fundacaomariacecilia.codebit.biz\/en\/wp-json\/wp\/v2\/media?parent=10647"}],"curies":[{"name":"wp","href":"https:\/\/api.w.org\/{rel}","templated":true}]}}